{"id":661,"date":"2019-12-04T11:58:16","date_gmt":"2019-12-04T10:58:16","guid":{"rendered":"https:\/\/test-repaireu.rstrt.org\/?page_id=661"},"modified":"2020-12-01T10:32:28","modified_gmt":"2020-12-01T09:32:28","slug":"faites-une-donation","status":"publish","type":"page","link":"https:\/\/test-repaireu.rstrt.org\/fr\/faites-une-donation\/","title":{"rendered":"Fa\u00eetes une donation"},"content":{"rendered":"\n<h3 class=\"wp-block-heading\">Soutenez la campagne avec une donation!<\/h3>\n\n\n\n<p>Nous avons financ\u00e9 cette premi\u00e8re ann\u00e9e de campagne quasi enti\u00e8rement nous m\u00eame &#8211; maintenant nous avons besoin de votre aide pour 2021. Votre donation soutiendra nos efforts dans la lutte pour rendre tous les produits r\u00e9parables en Europe. <\/p>\n\n\n\n<p><a href=\"mailto:info@repair.eu\">Contactez nous<\/a> si vous pr\u00e9f\u00e9rez donner par virement bancaire. Si vous repr\u00e9sentez une entreprise ou une autre organisation et souhaitez sponsoriser le travail de la campagne, merci de <a href=\"mailto:info@repair.eu\">nous contacter directement<\/a>. <\/p>\n\n\n\n<p><\/p>\n\n\n\n<script src=\"https:\/\/actionnetwork.org\/widgets\/v3\/fundraising\/test-donate-to-right-to-repair-europe?format=js&amp;source=widget&amp;css=whitelabel&amp;style=full\"><\/script><div id=\"can-fundraising-area-test-donate-to-right-to-repair-europe\" style=\"width: 100%\"><!-- this div is the target for our HTML insertion --><\/div>\n\n\n\n<p><\/p>\n","protected":false},"excerpt":{"rendered":"<p>Soutenez la campagne avec une donation! Nous avons financ\u00e9 cette premi\u00e8re ann\u00e9e de campagne quasi enti\u00e8rement nous m\u00eame &#8211; maintenant nous avons besoin de votre aide pour 2021. Votre donation soutiendra nos efforts dans la lutte pour rendre tous les produits r\u00e9parables en Europe. Contactez nous si vous pr\u00e9f\u00e9rez donner par virement bancaire. Si vous &hellip; <\/p>\n<p class=\"link-more\"><a href=\"https:\/\/test-repaireu.rstrt.org\/fr\/faites-une-donation\/\" class=\"more-link\">Continuer la lecture <span class=\"screen-reader-text\"> \u00ab\u00a0Fa\u00eetes une donation\u00a0\u00bb<\/span><\/a><\/p>\n","protected":false},"author":2,"featured_media":0,"parent":0,"menu_order":0,"comment_status":"closed","ping_status":"closed","template":"","meta":{"_acf_changed":false,"footnotes":""},"class_list":["post-661","page","type-page","status-publish","hentry","entry"],"acf":[],"yoast_head":"<!-- This site is optimized with the Yoast SEO plugin v24.9 - https:\/\/yoast.com\/wordpress\/plugins\/seo\/ -->\n<title>Fa\u00eetes une donation - Right to Repair Europe<\/title>\n<meta name=\"description\" content=\"Aidez nous \u00e0 faire du Droit \u00e0 la R\u00e9paration une r\u00e9alit\u00e9 en Europe! Votre don soutiendra nos efforts dans la lutte pour rendre tous les produits r\u00e9parables.\" \/>\n<meta name=\"robots\" content=\"noindex, follow, max-snippet:-1, max-image-preview:large, max-video-preview:-1\" \/>\n<meta property=\"og:locale\" content=\"fr_FR\" \/>\n<meta property=\"og:type\" content=\"article\" \/>\n<meta property=\"og:title\" content=\"Fa\u00eetes une donation - Right to Repair Europe\" \/>\n<meta property=\"og:description\" content=\"Aidez nous \u00e0 faire du Droit \u00e0 la R\u00e9paration une r\u00e9alit\u00e9 en Europe! Votre don soutiendra nos efforts dans la lutte pour rendre tous les produits r\u00e9parables.\" \/>\n<meta property=\"og:url\" content=\"https:\/\/test-repaireu.rstrt.org\/fr\/faites-une-donation\/\" \/>\n<meta property=\"og:site_name\" content=\"Right to Repair Europe\" \/>\n<meta property=\"article:publisher\" content=\"https:\/\/www.facebook.com\/righttorepaireurope\/\" \/>\n<meta property=\"article:modified_time\" content=\"2020-12-01T09:32:28+00:00\" \/>\n<meta property=\"og:image\" content=\"https:\/\/test-repaireu.rstrt.org\/wp-content\/uploads\/2019\/09\/R2RFacebookImage.png\" \/>\n\t<meta property=\"og:image:width\" content=\"1200\" \/>\n\t<meta property=\"og:image:height\" content=\"630\" \/>\n\t<meta property=\"og:image:type\" content=\"image\/png\" \/>\n<meta name=\"twitter:card\" content=\"summary_large_image\" \/>\n<meta name=\"twitter:site\" content=\"@R2REurope\" \/>\n<script type=\"application\/ld+json\" class=\"yoast-schema-graph\">{\"@context\":\"https:\/\/schema.org\",\"@graph\":[{\"@type\":\"WebPage\",\"@id\":\"https:\/\/test-repaireu.rstrt.org\/fr\/faites-une-donation\/\",\"url\":\"https:\/\/test-repaireu.rstrt.org\/fr\/faites-une-donation\/\",\"name\":\"Fa\u00eetes une donation - Right to Repair Europe\",\"isPartOf\":{\"@id\":\"https:\/\/test-repaireu.rstrt.org\/fr\/#website\"},\"datePublished\":\"2019-12-04T10:58:16+00:00\",\"dateModified\":\"2020-12-01T09:32:28+00:00\",\"description\":\"Aidez nous \u00e0 faire du Droit \u00e0 la R\u00e9paration une r\u00e9alit\u00e9 en Europe! Votre don soutiendra nos efforts dans la lutte pour rendre tous les produits r\u00e9parables.\",\"breadcrumb\":{\"@id\":\"https:\/\/test-repaireu.rstrt.org\/fr\/faites-une-donation\/#breadcrumb\"},\"inLanguage\":\"fr-FR\",\"potentialAction\":[{\"@type\":\"ReadAction\",\"target\":[\"https:\/\/test-repaireu.rstrt.org\/fr\/faites-une-donation\/\"]}]},{\"@type\":\"BreadcrumbList\",\"@id\":\"https:\/\/test-repaireu.rstrt.org\/fr\/faites-une-donation\/#breadcrumb\",\"itemListElement\":[{\"@type\":\"ListItem\",\"position\":1,\"name\":\"Home\",\"item\":\"https:\/\/test-repaireu.rstrt.org\/fr\/\"},{\"@type\":\"ListItem\",\"position\":2,\"name\":\"Fa\u00eetes une donation\"}]},{\"@type\":\"WebSite\",\"@id\":\"https:\/\/test-repaireu.rstrt.org\/fr\/#website\",\"url\":\"https:\/\/test-repaireu.rstrt.org\/fr\/\",\"name\":\"Right to Repair Europe\",\"description\":\"\",\"publisher\":{\"@id\":\"https:\/\/test-repaireu.rstrt.org\/fr\/#organization\"},\"potentialAction\":[{\"@type\":\"SearchAction\",\"target\":{\"@type\":\"EntryPoint\",\"urlTemplate\":\"https:\/\/test-repaireu.rstrt.org\/fr\/?s={search_term_string}\"},\"query-input\":{\"@type\":\"PropertyValueSpecification\",\"valueRequired\":true,\"valueName\":\"search_term_string\"}}],\"inLanguage\":\"fr-FR\"},{\"@type\":\"Organization\",\"@id\":\"https:\/\/test-repaireu.rstrt.org\/fr\/#organization\",\"name\":\"Right to Repair Europe\",\"url\":\"https:\/\/test-repaireu.rstrt.org\/fr\/\",\"logo\":{\"@type\":\"ImageObject\",\"inLanguage\":\"fr-FR\",\"@id\":\"https:\/\/test-repaireu.rstrt.org\/fr\/#\/schema\/logo\/image\/\",\"url\":\"https:\/\/test-repaireu.rstrt.org\/wp-content\/uploads\/2019\/09\/R2REurope.png\",\"contentUrl\":\"https:\/\/test-repaireu.rstrt.org\/wp-content\/uploads\/2019\/09\/R2REurope.png\",\"width\":320,\"height\":320,\"caption\":\"Right to Repair Europe\"},\"image\":{\"@id\":\"https:\/\/test-repaireu.rstrt.org\/fr\/#\/schema\/logo\/image\/\"},\"sameAs\":[\"https:\/\/www.facebook.com\/righttorepaireurope\/\",\"https:\/\/x.com\/R2REurope\",\"https:\/\/www.instagram.com\/R2REurope\/\"]}]}<\/script>\n<!-- \/ Yoast SEO plugin. -->","yoast_head_json":{"title":"Fa\u00eetes une donation - Right to Repair Europe","description":"Aidez nous \u00e0 faire du Droit \u00e0 la R\u00e9paration une r\u00e9alit\u00e9 en Europe! Votre don soutiendra nos efforts dans la lutte pour rendre tous les produits r\u00e9parables.","robots":{"index":"noindex","follow":"follow","max-snippet":"max-snippet:-1","max-image-preview":"max-image-preview:large","max-video-preview":"max-video-preview:-1"},"og_locale":"fr_FR","og_type":"article","og_title":"Fa\u00eetes une donation - Right to Repair Europe","og_description":"Aidez nous \u00e0 faire du Droit \u00e0 la R\u00e9paration une r\u00e9alit\u00e9 en Europe! Votre don soutiendra nos efforts dans la lutte pour rendre tous les produits r\u00e9parables.","og_url":"https:\/\/test-repaireu.rstrt.org\/fr\/faites-une-donation\/","og_site_name":"Right to Repair Europe","article_publisher":"https:\/\/www.facebook.com\/righttorepaireurope\/","article_modified_time":"2020-12-01T09:32:28+00:00","og_image":[{"width":1200,"height":630,"url":"https:\/\/test-repaireu.rstrt.org\/wp-content\/uploads\/2019\/09\/R2RFacebookImage.png","type":"image\/png"}],"twitter_card":"summary_large_image","twitter_site":"@R2REurope","schema":{"@context":"https:\/\/schema.org","@graph":[{"@type":"WebPage","@id":"https:\/\/test-repaireu.rstrt.org\/fr\/faites-une-donation\/","url":"https:\/\/test-repaireu.rstrt.org\/fr\/faites-une-donation\/","name":"Fa\u00eetes une donation - Right to Repair Europe","isPartOf":{"@id":"https:\/\/test-repaireu.rstrt.org\/fr\/#website"},"datePublished":"2019-12-04T10:58:16+00:00","dateModified":"2020-12-01T09:32:28+00:00","description":"Aidez nous \u00e0 faire du Droit \u00e0 la R\u00e9paration une r\u00e9alit\u00e9 en Europe! Votre don soutiendra nos efforts dans la lutte pour rendre tous les produits r\u00e9parables.","breadcrumb":{"@id":"https:\/\/test-repaireu.rstrt.org\/fr\/faites-une-donation\/#breadcrumb"},"inLanguage":"fr-FR","potentialAction":[{"@type":"ReadAction","target":["https:\/\/test-repaireu.rstrt.org\/fr\/faites-une-donation\/"]}]},{"@type":"BreadcrumbList","@id":"https:\/\/test-repaireu.rstrt.org\/fr\/faites-une-donation\/#breadcrumb","itemListElement":[{"@type":"ListItem","position":1,"name":"Home","item":"https:\/\/test-repaireu.rstrt.org\/fr\/"},{"@type":"ListItem","position":2,"name":"Fa\u00eetes une donation"}]},{"@type":"WebSite","@id":"https:\/\/test-repaireu.rstrt.org\/fr\/#website","url":"https:\/\/test-repaireu.rstrt.org\/fr\/","name":"Right to Repair Europe","description":"","publisher":{"@id":"https:\/\/test-repaireu.rstrt.org\/fr\/#organization"},"potentialAction":[{"@type":"SearchAction","target":{"@type":"EntryPoint","urlTemplate":"https:\/\/test-repaireu.rstrt.org\/fr\/?s={search_term_string}"},"query-input":{"@type":"PropertyValueSpecification","valueRequired":true,"valueName":"search_term_string"}}],"inLanguage":"fr-FR"},{"@type":"Organization","@id":"https:\/\/test-repaireu.rstrt.org\/fr\/#organization","name":"Right to Repair Europe","url":"https:\/\/test-repaireu.rstrt.org\/fr\/","logo":{"@type":"ImageObject","inLanguage":"fr-FR","@id":"https:\/\/test-repaireu.rstrt.org\/fr\/#\/schema\/logo\/image\/","url":"https:\/\/test-repaireu.rstrt.org\/wp-content\/uploads\/2019\/09\/R2REurope.png","contentUrl":"https:\/\/test-repaireu.rstrt.org\/wp-content\/uploads\/2019\/09\/R2REurope.png","width":320,"height":320,"caption":"Right to Repair Europe"},"image":{"@id":"https:\/\/test-repaireu.rstrt.org\/fr\/#\/schema\/logo\/image\/"},"sameAs":["https:\/\/www.facebook.com\/righttorepaireurope\/","https:\/\/x.com\/R2REurope","https:\/\/www.instagram.com\/R2REurope\/"]}]}},"_links":{"self":[{"href":"https:\/\/test-repaireu.rstrt.org\/fr\/wp-json\/wp\/v2\/pages\/661","targetHints":{"allow":["GET"]}}],"collection":[{"href":"https:\/\/test-repaireu.rstrt.org\/fr\/wp-json\/wp\/v2\/pages"}],"about":[{"href":"https:\/\/test-repaireu.rstrt.org\/fr\/wp-json\/wp\/v2\/types\/page"}],"author":[{"embeddable":true,"href":"https:\/\/test-repaireu.rstrt.org\/fr\/wp-json\/wp\/v2\/users\/2"}],"replies":[{"embeddable":true,"href":"https:\/\/test-repaireu.rstrt.org\/fr\/wp-json\/wp\/v2\/comments?post=661"}],"version-history":[{"count":3,"href":"https:\/\/test-repaireu.rstrt.org\/fr\/wp-json\/wp\/v2\/pages\/661\/revisions"}],"predecessor-version":[{"id":2216,"href":"https:\/\/test-repaireu.rstrt.org\/fr\/wp-json\/wp\/v2\/pages\/661\/revisions\/2216"}],"wp:attachment":[{"href":"https:\/\/test-repaireu.rstrt.org\/fr\/wp-json\/wp\/v2\/media?parent=661"}],"curies":[{"name":"wp","href":"https:\/\/api.w.org\/{rel}","templated":true}]}}