{"id":584,"date":"2019-12-02T14:28:24","date_gmt":"2019-12-02T13:28:24","guid":{"rendered":"https:\/\/test-repaireu.rstrt.org\/?page_id=584"},"modified":"2021-07-13T08:32:40","modified_gmt":"2021-07-13T06:32:40","slug":"home","status":"publish","type":"page","link":"https:\/\/test-repaireu.rstrt.org\/fr\/","title":{"rendered":"Home"},"content":{"rendered":"\n<section class=\"block block__cta-strip block__full-width--smaller-screens\" >\n\n\t<div class=\"block__inner block__cta-strip--inner\" >\n\n\t\t<p>Incollable sur le droit \u00e0 la r\u00e9paration? <a href=\"https:\/\/test-repaireu.rstrt.org\/right-to-repair-why-the-fuss\/\/\"> Faites notre quiz pour le d\u00e9couvrir! <\/a> <\/p>\n\n\t<\/div>\t\n\n<\/section>\n\n\n\n\n<section class=\"block block__hero block__full-width \" style=\"background-color: #42389E;\">\n\n\t<div class=\"block__inner block__hero--inner\">\n\n\t\t\n\t\t\t<picture class=\"block__hero--image\">\n\t\t\t\t<source media=\"(min-width: 768px)\" srcset=\"https:\/\/test-repaireu.rstrt.org\/wp-content\/uploads\/2019\/11\/Hero-home-desktop.png\">\n\t\t\t\t<source srcset=\"https:\/\/test-repaireu.rstrt.org\/wp-content\/uploads\/2019\/11\/Hero-home-mobile.png\">\t\t\t\n\t\t\t\t\n\t\t\t\t<img decoding=\"async\" src=\"https:\/\/test-repaireu.rstrt.org\/wp-content\/uploads\/2019\/11\/Hero-home-desktop.png\" alt=\"We believe in the right to repair\">\n\t\t\t<\/picture>\n\n\t\t\t\n\t<\/div>\t\n\n<\/section>\n\n\n\n\n<p><strong>Nous sommes des individus, nous sommes des r\u00e9parateurs, nous sommes des activistes pour l\u2019environnement, et avant tout, nous sommes une communaut\u00e9. <\/strong><\/p>\n\n\n\n<p>Nous pensons que les produits devraient durer plus longtemps et par cons\u00e9quent, qu\u2019ils devraient \u00eatre r\u00e9par\u00e9s lorsqu\u2019ils cassent. Cela implique que les produits soient con\u00e7us pour la r\u00e9paration et qu\u2019un soutien aux r\u00e9parateurs de toutes sortes soit pr\u00e9vu. <\/p>\n\n\n\n<p><strong>Nous demandons le droit \u00e0 la r\u00e9paration. <\/strong><\/p>\n\n\n\n<section class=\"block block__action-network-form block__full-width bgcolor-green\" id=\"take-action\">\n\n\t<div class=\"block__inner block__action-network-form--inner\">\n\n\t\t\n\t\t\t\t<h2 class=\"block_title block__action-network-form--title\">Faites partie des premiers \u00e0 adopter la campagne. Rejoignez le mouvement pour un droit \u00e0 la r\u00e9paration universel!<\/h2>\n\n\t\t\t\n\t\t\n\t\t\t\t<div class=\"block__action-network-form--shortcode\">\n\t\t\t\t\t<link href='https:\/\/actionnetwork.org\/css\/style-embed-whitelabel-v3.css' rel='stylesheet' type='text\/css' \/><script src='https:\/\/actionnetwork.org\/widgets\/v3\/form\/rejoignez-le-mouvement-pour-le-droit-a-la-reparation?format=js&#038;source=widget'><\/script><div id='can-form-area-rejoignez-le-mouvement-pour-le-droit-a-la-reparation' style='width: 100%'><!-- this div is the target for our HTML insertion --><\/div>\t\t\t\t<\/div>\n\n\t\t\t\n\t<\/div>\n\n<\/section>\n\n\n\n\n<div class=\"wp-block-cover alignfull bottom-aligned-content eightypercent-screenheight smaller-h3-on-mobile\"><img loading=\"lazy\" decoding=\"async\" width=\"2000\" height=\"1178\" class=\"wp-block-cover__image-background wp-image-376\" alt=\"\" src=\"https:\/\/test-repaireu.rstrt.org\/wp-content\/uploads\/2019\/11\/Homepage-who-we-are.jpg\" data-object-fit=\"cover\" srcset=\"https:\/\/test-repaireu.rstrt.org\/wp-content\/uploads\/2019\/11\/Homepage-who-we-are.jpg 2000w, https:\/\/test-repaireu.rstrt.org\/wp-content\/uploads\/2019\/11\/Homepage-who-we-are-300x177.jpg 300w, https:\/\/test-repaireu.rstrt.org\/wp-content\/uploads\/2019\/11\/Homepage-who-we-are-768x452.jpg 768w, https:\/\/test-repaireu.rstrt.org\/wp-content\/uploads\/2019\/11\/Homepage-who-we-are-1024x603.jpg 1024w, https:\/\/test-repaireu.rstrt.org\/wp-content\/uploads\/2019\/11\/Homepage-who-we-are-1568x924.jpg 1568w\" sizes=\"auto, (max-width: 2000px) 100vw, 2000px\" \/><div class=\"wp-block-cover__inner-container is-layout-flow wp-block-cover-is-layout-flow\">\n<div class=\"wp-block-columns is-layout-flex wp-container-core-columns-is-layout-9d6595d7 wp-block-columns-is-layout-flex\">\n<div class=\"wp-block-column is-layout-flow wp-block-column-is-layout-flow\" style=\"flex-basis:66.66%\">\n<h3 class=\"bgcolor-black-opacity50 wp-block-heading\">Nous sommes une coalition d\u2019organisations europ\u00e9ennes demandant un changement syst\u00e9mique autour de la r\u00e9paration.<\/h3>\n\n\n\n<h3 class=\"bgcolor-black-opacity50 has-white-color has-text-color wp-block-heading\">Rejoignez la campagne!<\/h3>\n<\/div>\n\n\n\n<div class=\"wp-block-column is-layout-flow wp-block-column-is-layout-flow\" style=\"flex-basis:33.33%\"><\/div>\n<\/div>\n<\/div><\/div>\n\n\n\n<section class=\"block block__icon-text block__full-width\" style=\"background-color: #42389E;\">\n\n\t<div class=\"block__inner block__icon-text--inner\">\n\n\t\t\n\t\t\t<div class=\"block__icon-text--columns\">\n\n\t\t\t\t\t\t\t\t\t<div class=\"block__icon-text--column\">\n\n\t\t\t\t\t\t<div class=\"block__icon-text--image\">\n\t\t\t\t\t\t\t<img decoding=\"async\" src=\"https:\/\/test-repaireu.rstrt.org\/wp-content\/uploads\/2019\/09\/Broken-phone.png\">\n\t\t\t\t\t\t<\/div>\n\t\t\t\t\t\t\n\t\t\t\t\t\t<div class=\"block__icon-text--text\">\n\t\t\t\t\t\t\tLes d\u00e9chets \u00e9lectroniques repr\u00e9sentent le flux de d\u00e9chets \u00e0 la croissance la plus rapide au monde. Seul 15 \u00e0 20% sont recycl\u00e9s.\t\t\t\t\t\t<\/div>\n\n\t\t\t\t\t<\/div>\n\n\t\t\t\t\t\t\t\t\t\t<div class=\"block__icon-text--column\">\n\n\t\t\t\t\t\t<div class=\"block__icon-text--image\">\n\t\t\t\t\t\t\t<img decoding=\"async\" src=\"https:\/\/test-repaireu.rstrt.org\/wp-content\/uploads\/2019\/09\/Frustrated-face.png\">\n\t\t\t\t\t\t<\/div>\n\t\t\t\t\t\t\n\t\t\t\t\t\t<div class=\"block__icon-text--text\">\n\t\t\t\t\t\t\t53 million de tonnes de d\u00e9chets \u00e9lectroniques sont produites chaque ann\u00e9e l\u2019\u00e9quivalent en poids de 350 bateaux de croisi\u00e8re.\t\t\t\t\t\t<\/div>\n\n\t\t\t\t\t<\/div>\n\n\t\t\t\t\t\t\t\t\t\t<div class=\"block__icon-text--column\">\n\n\t\t\t\t\t\t<div class=\"block__icon-text--image\">\n\t\t\t\t\t\t\t<img decoding=\"async\" src=\"https:\/\/test-repaireu.rstrt.org\/wp-content\/uploads\/2019\/09\/Happy-face.png\">\n\t\t\t\t\t\t<\/div>\n\t\t\t\t\t\t\n\t\t\t\t\t\t<div class=\"block__icon-text--text\">\n\t\t\t\t\t\t\tLa r\u00e9paration par des groupes b\u00e9n\u00e9voles permet d\u2019\u00e9viter la production de d\u00e9chets, d\u2019\u00e9missions de CO2 et r\u00e9pare les coeurs\t\t\t\t\t\t<\/div>\n\n\t\t\t\t\t<\/div>\n\n\t\t\t\t\t\t\t\t<\/div>\n\n\t\t\t\t\t\n\t<\/div>\t\n\n<\/section>\n\n\n\n\n<section class=\"block block__icon-text block__full-width\" style=\"background-color: ;\">\n\n\t<div class=\"block__inner block__icon-text--inner\">\n\n\t\t\t\t\n\t<\/div>\t\n\n<\/section>\n\n\n\n\n<section class=\"block block__latest-posts\">\n\n\t\n\t\t\t\t<h2 class=\"block_title block__latest-posts--title\">News<\/h2>\n\n\t\t\t\n<article class=\"block__latest-posts--teaser\">\n\n\t<div class=\"block__latest-posts--image\">\n\t\t<a href=\"https:\/\/test-repaireu.rstrt.org\/fr\/news\/a-comprehensive-overview-of-the-current-repair-incentive-systems-repair-funds-and-vouchers\/\" class=\"post__teaser-image-link\">\n\t\t\t\t\t<\/a>\n\t<\/div>\n\n\t<div class=\"block__latest-posts--details\">\n\n\t\t18 mars 2024\n\t\t<a class=\"block__latest-posts--link\" href=\"https:\/\/test-repaireu.rstrt.org\/fr\/news\/a-comprehensive-overview-of-the-current-repair-incentive-systems-repair-funds-and-vouchers\/\">\n\t\t\t<h3 class=\"block__latest-posts--teaser-title post__teaser-title\">A comprehensive overview of the current repair incentive systems: repair funds and vouchers<\/h3>\n\t\t<\/a>\n\n\t\t<div class=\"block__latest-posts--excerpt\">\n\n\t\t\t<p>Blog post by Katrin Meyer (Runder Tisch Reparatur), and Magdolna Moln\u00e1r (BTU Cottbus) Everyone is talking about the repair vouchers \u00ab\u00a0Saving resources should pay off!\u00a0\u00bb Last year over 71,000 people, together with the Runder Tisch Reparatur, the Inkota Network, and many other supporting organizations, demanded a repair voucher from the German federal government. In order &hellip; <\/p>\n<p class=\"link-more\"><a href=\"https:\/\/test-repaireu.rstrt.org\/fr\/news\/a-comprehensive-overview-of-the-current-repair-incentive-systems-repair-funds-and-vouchers\/\" class=\"more-link\">Continuer la lecture <span class=\"screen-reader-text\"> \u00ab\u00a0A comprehensive overview of the current repair incentive systems: repair funds and vouchers\u00a0\u00bb<\/span><\/a><\/p>\n\n\t\t<\/div>\n\n\t<\/div>\n\n<\/article>\n\n<article class=\"block__latest-posts--teaser\">\n\n\t<div class=\"block__latest-posts--image\">\n\t\t<a href=\"https:\/\/test-repaireu.rstrt.org\/fr\/news\/what-if-all-electronics-lasted-at-least-10-years\/\" class=\"post__teaser-image-link\">\n\t\t\t<img loading=\"lazy\" decoding=\"async\" width=\"700\" height=\"440\" src=\"https:\/\/test-repaireu.rstrt.org\/wp-content\/uploads\/2021\/10\/10-year-smartphone@2x-700x440.png\" class=\"attachment-rtr-post-teaser-img size-rtr-post-teaser-img wp-post-image\" alt=\"\" sizes=\"auto, (max-width: 34.9rem) calc(100vw - 2rem), (max-width: 53rem) calc(8 * (100vw \/ 12)), (min-width: 53rem) calc(6 * (100vw \/ 12)), 100vw\" \/>\t\t<\/a>\n\t<\/div>\n\n\t<div class=\"block__latest-posts--details\">\n\n\t\t11 octobre 2021\n\t\t<a class=\"block__latest-posts--link\" href=\"https:\/\/test-repaireu.rstrt.org\/fr\/news\/what-if-all-electronics-lasted-at-least-10-years\/\">\n\t\t\t<h3 class=\"block__latest-posts--teaser-title post__teaser-title\">What if all electronics lasted at least 10 years?<\/h3>\n\t\t<\/a>\n\n\t\t<div class=\"block__latest-posts--excerpt\">\n\n\t\t\t<p>Tired of changing phones every 2 to 3 years? What if they lasted 10 instead?<\/p>\n<p>Read more about our latest #10YearPhone campaign asking Europe to be a true leader, and ensure that every new smartphone put on the market lasts for at least 10 years.<\/p>\n\n\t\t<\/div>\n\n\t<\/div>\n\n<\/article>\n\n<article class=\"block__latest-posts--teaser\">\n\n\t<div class=\"block__latest-posts--image\">\n\t\t<a href=\"https:\/\/test-repaireu.rstrt.org\/fr\/news\/the-new-iphone-13-comes-with-bad-news-for-third-party-repairs\/\" class=\"post__teaser-image-link\">\n\t\t\t<img loading=\"lazy\" decoding=\"async\" width=\"700\" height=\"440\" src=\"https:\/\/test-repaireu.rstrt.org\/wp-content\/uploads\/2020\/07\/Apple_iPhone_cracked_glass_cover-700x440.jpg\" class=\"attachment-rtr-post-teaser-img size-rtr-post-teaser-img wp-post-image\" alt=\"\" sizes=\"auto, (max-width: 34.9rem) calc(100vw - 2rem), (max-width: 53rem) calc(8 * (100vw \/ 12)), (min-width: 53rem) calc(6 * (100vw \/ 12)), 100vw\" \/>\t\t<\/a>\n\t<\/div>\n\n\t<div class=\"block__latest-posts--details\">\n\n\t\t29 septembre 2021\n\t\t<a class=\"block__latest-posts--link\" href=\"https:\/\/test-repaireu.rstrt.org\/fr\/news\/the-new-iphone-13-comes-with-bad-news-for-third-party-repairs\/\">\n\t\t\t<h3 class=\"block__latest-posts--teaser-title post__teaser-title\">The new Iphone 13 comes with bad news for independent repair<\/h3>\n\t\t<\/a>\n\n\t\t<div class=\"block__latest-posts--excerpt\">\n\n\t\t\t<p>Apple is notorious for its expensive official repairs, for the many limitations to its supply of spare parts to independent repairers and &#8211; increasingly &#8211; for the use of software as a barrier to repair.<\/p>\n<p> The new iPhone 13 is no exception.<\/p>\n\n\t\t<\/div>\n\n\t<\/div>\n\n<\/article>\n\n\t<p style=\"margin: 3rem auto; text-align: center\"><a href=\"\/news\"><button>Read more news updates<\/button><\/a><\/p>\n\n<\/section>\n\n","protected":false},"excerpt":{"rendered":"<p>Nous sommes des individus, nous sommes des r\u00e9parateurs, nous sommes des activistes pour l\u2019environnement, et avant tout, nous sommes une communaut\u00e9. Nous pensons que les produits devraient durer plus longtemps et par cons\u00e9quent, qu\u2019ils devraient \u00eatre r\u00e9par\u00e9s lorsqu\u2019ils cassent. Cela implique que les produits soient con\u00e7us pour la r\u00e9paration et qu\u2019un soutien aux r\u00e9parateurs de &hellip; <\/p>\n<p class=\"link-more\"><a href=\"https:\/\/test-repaireu.rstrt.org\/fr\/\" class=\"more-link\">Continuer la lecture <span class=\"screen-reader-text\"> \u00ab\u00a0Home\u00a0\u00bb<\/span><\/a><\/p>\n","protected":false},"author":1,"featured_media":0,"parent":0,"menu_order":0,"comment_status":"closed","ping_status":"closed","template":"","meta":{"_acf_changed":false,"footnotes":""},"class_list":["post-584","page","type-page","status-publish","hentry","entry"],"acf":[],"yoast_head":"<!-- This site is optimized with the Yoast SEO plugin v24.9 - https:\/\/yoast.com\/wordpress\/plugins\/seo\/ -->\n<title>Home - Right to Repair Europe<\/title>\n<meta name=\"description\" content=\"Nous sommes convaincus que nos produits devraient durer plus longtemps et \u00eatre r\u00e9parables.Nous demandons le droit \u00e0 la r\u00e9paration en Europe. Rejoignez nous!\" \/>\n<meta name=\"robots\" content=\"noindex, follow, max-snippet:-1, max-image-preview:large, max-video-preview:-1\" \/>\n<meta property=\"og:locale\" content=\"fr_FR\" \/>\n<meta property=\"og:type\" content=\"article\" \/>\n<meta property=\"og:title\" content=\"Home - Right to Repair Europe\" \/>\n<meta property=\"og:description\" content=\"Nous sommes convaincus que nos produits devraient durer plus longtemps et \u00eatre r\u00e9parables.Nous demandons le droit \u00e0 la r\u00e9paration en Europe. Rejoignez nous!\" \/>\n<meta property=\"og:url\" content=\"https:\/\/test-repaireu.rstrt.org\/fr\/\" \/>\n<meta property=\"og:site_name\" content=\"Right to Repair Europe\" \/>\n<meta property=\"article:publisher\" content=\"https:\/\/www.facebook.com\/righttorepaireurope\/\" \/>\n<meta property=\"article:modified_time\" content=\"2021-07-13T06:32:40+00:00\" \/>\n<meta property=\"og:image\" content=\"https:\/\/test-repaireu.rstrt.org\/wp-content\/uploads\/2019\/09\/R2RFacebookImage.png\" \/>\n\t<meta property=\"og:image:width\" content=\"1200\" \/>\n\t<meta property=\"og:image:height\" content=\"630\" \/>\n\t<meta property=\"og:image:type\" content=\"image\/png\" \/>\n<meta name=\"twitter:card\" content=\"summary_large_image\" \/>\n<meta name=\"twitter:image\" content=\"https:\/\/test-repaireu.rstrt.org\/wp-content\/uploads\/2019\/09\/R2RTwitterImage.png\" \/>\n<meta name=\"twitter:site\" content=\"@R2REurope\" \/>\n<meta name=\"twitter:label1\" content=\"Dur\u00e9e de lecture estim\u00e9e\" \/>\n\t<meta name=\"twitter:data1\" content=\"1 minute\" \/>\n<script type=\"application\/ld+json\" class=\"yoast-schema-graph\">{\"@context\":\"https:\/\/schema.org\",\"@graph\":[{\"@type\":\"WebPage\",\"@id\":\"https:\/\/test-repaireu.rstrt.org\/fr\/\",\"url\":\"https:\/\/test-repaireu.rstrt.org\/fr\/\",\"name\":\"Home - Right to Repair Europe\",\"isPartOf\":{\"@id\":\"https:\/\/test-repaireu.rstrt.org\/fr\/#website\"},\"primaryImageOfPage\":{\"@id\":\"https:\/\/test-repaireu.rstrt.org\/fr\/#primaryimage\"},\"image\":{\"@id\":\"https:\/\/test-repaireu.rstrt.org\/fr\/#primaryimage\"},\"thumbnailUrl\":\"https:\/\/test-repaireu.rstrt.org\/wp-content\/uploads\/2019\/11\/Homepage-who-we-are.jpg\",\"datePublished\":\"2019-12-02T13:28:24+00:00\",\"dateModified\":\"2021-07-13T06:32:40+00:00\",\"description\":\"Nous sommes convaincus que nos produits devraient durer plus longtemps et \u00eatre r\u00e9parables.Nous demandons le droit \u00e0 la r\u00e9paration en Europe. Rejoignez nous!\",\"breadcrumb\":{\"@id\":\"https:\/\/test-repaireu.rstrt.org\/fr\/#breadcrumb\"},\"inLanguage\":\"fr-FR\",\"potentialAction\":[{\"@type\":\"ReadAction\",\"target\":[\"https:\/\/test-repaireu.rstrt.org\/fr\/\"]}]},{\"@type\":\"ImageObject\",\"inLanguage\":\"fr-FR\",\"@id\":\"https:\/\/test-repaireu.rstrt.org\/fr\/#primaryimage\",\"url\":\"https:\/\/test-repaireu.rstrt.org\/wp-content\/uploads\/2019\/11\/Homepage-who-we-are.jpg\",\"contentUrl\":\"https:\/\/test-repaireu.rstrt.org\/wp-content\/uploads\/2019\/11\/Homepage-who-we-are.jpg\"},{\"@type\":\"BreadcrumbList\",\"@id\":\"https:\/\/test-repaireu.rstrt.org\/fr\/#breadcrumb\",\"itemListElement\":[{\"@type\":\"ListItem\",\"position\":1,\"name\":\"Home\",\"item\":\"https:\/\/test-repaireu.rstrt.org\/fr\/\"},{\"@type\":\"ListItem\",\"position\":2,\"name\":\"Home\"}]},{\"@type\":\"WebSite\",\"@id\":\"https:\/\/test-repaireu.rstrt.org\/fr\/#website\",\"url\":\"https:\/\/test-repaireu.rstrt.org\/fr\/\",\"name\":\"Right to Repair Europe\",\"description\":\"\",\"publisher\":{\"@id\":\"https:\/\/test-repaireu.rstrt.org\/fr\/#organization\"},\"potentialAction\":[{\"@type\":\"SearchAction\",\"target\":{\"@type\":\"EntryPoint\",\"urlTemplate\":\"https:\/\/test-repaireu.rstrt.org\/fr\/?s={search_term_string}\"},\"query-input\":{\"@type\":\"PropertyValueSpecification\",\"valueRequired\":true,\"valueName\":\"search_term_string\"}}],\"inLanguage\":\"fr-FR\"},{\"@type\":\"Organization\",\"@id\":\"https:\/\/test-repaireu.rstrt.org\/fr\/#organization\",\"name\":\"Right to Repair Europe\",\"url\":\"https:\/\/test-repaireu.rstrt.org\/fr\/\",\"logo\":{\"@type\":\"ImageObject\",\"inLanguage\":\"fr-FR\",\"@id\":\"https:\/\/test-repaireu.rstrt.org\/fr\/#\/schema\/logo\/image\/\",\"url\":\"https:\/\/test-repaireu.rstrt.org\/wp-content\/uploads\/2019\/09\/R2REurope.png\",\"contentUrl\":\"https:\/\/test-repaireu.rstrt.org\/wp-content\/uploads\/2019\/09\/R2REurope.png\",\"width\":320,\"height\":320,\"caption\":\"Right to Repair Europe\"},\"image\":{\"@id\":\"https:\/\/test-repaireu.rstrt.org\/fr\/#\/schema\/logo\/image\/\"},\"sameAs\":[\"https:\/\/www.facebook.com\/righttorepaireurope\/\",\"https:\/\/x.com\/R2REurope\",\"https:\/\/www.instagram.com\/R2REurope\/\"]}]}<\/script>\n<!-- \/ Yoast SEO plugin. -->","yoast_head_json":{"title":"Home - Right to Repair Europe","description":"Nous sommes convaincus que nos produits devraient durer plus longtemps et \u00eatre r\u00e9parables.Nous demandons le droit \u00e0 la r\u00e9paration en Europe. Rejoignez nous!","robots":{"index":"noindex","follow":"follow","max-snippet":"max-snippet:-1","max-image-preview":"max-image-preview:large","max-video-preview":"max-video-preview:-1"},"og_locale":"fr_FR","og_type":"article","og_title":"Home - Right to Repair Europe","og_description":"Nous sommes convaincus que nos produits devraient durer plus longtemps et \u00eatre r\u00e9parables.Nous demandons le droit \u00e0 la r\u00e9paration en Europe. Rejoignez nous!","og_url":"https:\/\/test-repaireu.rstrt.org\/fr\/","og_site_name":"Right to Repair Europe","article_publisher":"https:\/\/www.facebook.com\/righttorepaireurope\/","article_modified_time":"2021-07-13T06:32:40+00:00","og_image":[{"width":1200,"height":630,"url":"https:\/\/test-repaireu.rstrt.org\/wp-content\/uploads\/2019\/09\/R2RFacebookImage.png","type":"image\/png"}],"twitter_card":"summary_large_image","twitter_image":"https:\/\/test-repaireu.rstrt.org\/wp-content\/uploads\/2019\/09\/R2RTwitterImage.png","twitter_site":"@R2REurope","twitter_misc":{"Dur\u00e9e de lecture estim\u00e9e":"1 minute"},"schema":{"@context":"https:\/\/schema.org","@graph":[{"@type":"WebPage","@id":"https:\/\/test-repaireu.rstrt.org\/fr\/","url":"https:\/\/test-repaireu.rstrt.org\/fr\/","name":"Home - Right to Repair Europe","isPartOf":{"@id":"https:\/\/test-repaireu.rstrt.org\/fr\/#website"},"primaryImageOfPage":{"@id":"https:\/\/test-repaireu.rstrt.org\/fr\/#primaryimage"},"image":{"@id":"https:\/\/test-repaireu.rstrt.org\/fr\/#primaryimage"},"thumbnailUrl":"https:\/\/test-repaireu.rstrt.org\/wp-content\/uploads\/2019\/11\/Homepage-who-we-are.jpg","datePublished":"2019-12-02T13:28:24+00:00","dateModified":"2021-07-13T06:32:40+00:00","description":"Nous sommes convaincus que nos produits devraient durer plus longtemps et \u00eatre r\u00e9parables.Nous demandons le droit \u00e0 la r\u00e9paration en Europe. Rejoignez nous!","breadcrumb":{"@id":"https:\/\/test-repaireu.rstrt.org\/fr\/#breadcrumb"},"inLanguage":"fr-FR","potentialAction":[{"@type":"ReadAction","target":["https:\/\/test-repaireu.rstrt.org\/fr\/"]}]},{"@type":"ImageObject","inLanguage":"fr-FR","@id":"https:\/\/test-repaireu.rstrt.org\/fr\/#primaryimage","url":"https:\/\/test-repaireu.rstrt.org\/wp-content\/uploads\/2019\/11\/Homepage-who-we-are.jpg","contentUrl":"https:\/\/test-repaireu.rstrt.org\/wp-content\/uploads\/2019\/11\/Homepage-who-we-are.jpg"},{"@type":"BreadcrumbList","@id":"https:\/\/test-repaireu.rstrt.org\/fr\/#breadcrumb","itemListElement":[{"@type":"ListItem","position":1,"name":"Home","item":"https:\/\/test-repaireu.rstrt.org\/fr\/"},{"@type":"ListItem","position":2,"name":"Home"}]},{"@type":"WebSite","@id":"https:\/\/test-repaireu.rstrt.org\/fr\/#website","url":"https:\/\/test-repaireu.rstrt.org\/fr\/","name":"Right to Repair Europe","description":"","publisher":{"@id":"https:\/\/test-repaireu.rstrt.org\/fr\/#organization"},"potentialAction":[{"@type":"SearchAction","target":{"@type":"EntryPoint","urlTemplate":"https:\/\/test-repaireu.rstrt.org\/fr\/?s={search_term_string}"},"query-input":{"@type":"PropertyValueSpecification","valueRequired":true,"valueName":"search_term_string"}}],"inLanguage":"fr-FR"},{"@type":"Organization","@id":"https:\/\/test-repaireu.rstrt.org\/fr\/#organization","name":"Right to Repair Europe","url":"https:\/\/test-repaireu.rstrt.org\/fr\/","logo":{"@type":"ImageObject","inLanguage":"fr-FR","@id":"https:\/\/test-repaireu.rstrt.org\/fr\/#\/schema\/logo\/image\/","url":"https:\/\/test-repaireu.rstrt.org\/wp-content\/uploads\/2019\/09\/R2REurope.png","contentUrl":"https:\/\/test-repaireu.rstrt.org\/wp-content\/uploads\/2019\/09\/R2REurope.png","width":320,"height":320,"caption":"Right to Repair Europe"},"image":{"@id":"https:\/\/test-repaireu.rstrt.org\/fr\/#\/schema\/logo\/image\/"},"sameAs":["https:\/\/www.facebook.com\/righttorepaireurope\/","https:\/\/x.com\/R2REurope","https:\/\/www.instagram.com\/R2REurope\/"]}]}},"_links":{"self":[{"href":"https:\/\/test-repaireu.rstrt.org\/fr\/wp-json\/wp\/v2\/pages\/584","targetHints":{"allow":["GET"]}}],"collection":[{"href":"https:\/\/test-repaireu.rstrt.org\/fr\/wp-json\/wp\/v2\/pages"}],"about":[{"href":"https:\/\/test-repaireu.rstrt.org\/fr\/wp-json\/wp\/v2\/types\/page"}],"author":[{"embeddable":true,"href":"https:\/\/test-repaireu.rstrt.org\/fr\/wp-json\/wp\/v2\/users\/1"}],"replies":[{"embeddable":true,"href":"https:\/\/test-repaireu.rstrt.org\/fr\/wp-json\/wp\/v2\/comments?post=584"}],"version-history":[{"count":57,"href":"https:\/\/test-repaireu.rstrt.org\/fr\/wp-json\/wp\/v2\/pages\/584\/revisions"}],"predecessor-version":[{"id":2959,"href":"https:\/\/test-repaireu.rstrt.org\/fr\/wp-json\/wp\/v2\/pages\/584\/revisions\/2959"}],"wp:attachment":[{"href":"https:\/\/test-repaireu.rstrt.org\/fr\/wp-json\/wp\/v2\/media?parent=584"}],"curies":[{"name":"wp","href":"https:\/\/api.w.org\/{rel}","templated":true}]}}