{"id":502,"date":"2019-11-21T11:37:58","date_gmt":"2019-11-21T10:37:58","guid":{"rendered":"https:\/\/test-repaireu.rstrt.org\/?page_id=502"},"modified":"2020-04-20T16:41:00","modified_gmt":"2020-04-20T14:41:00","slug":"faq","status":"publish","type":"page","link":"https:\/\/test-repaireu.rstrt.org\/fr\/faq\/","title":{"rendered":"FAQ"},"content":{"rendered":"\n<div class=\"schema-faq wp-block-yoast-faq-block\"><div class=\"schema-faq-section\" id=\"faq-question-1571045729107\"><strong class=\"schema-faq-question\">Pourquoi est ce mieux de r\u00e9parer que de remplacer un objet \u00e9lectronique? <\/strong> <p class=\"schema-faq-answer\">Les objets \u00e9lectroniques ont une empreinte environnementale \u00e9lev\u00e9e. Les fabriquer requiert des mati\u00e8res premi\u00e8res rares et une quantit\u00e9 d&rsquo;\u00e9nergie consid\u00e9rable. Lorsque ces produits sont jeter, toute l&rsquo;\u00e9nergie integr\u00e9e ainsi que de nombreux mat\u00e9riaux sont perdus &#8211; seule une petite portion peut \u00eatre r\u00e9cup\u00e9rer gr\u00e2ce au recyclage. C&rsquo;est pour cela qu&rsquo;allonger la dur\u00e9e de vie de nos produits \u00e9lectroniques gr\u00e2ce \u00e0 la r\u00e9paration est la m\u00e9thode la plus efficace pour r\u00e9duire leur empreinte environnementale. <br\/><br\/>Pour en savoir plus ici (<a rel=\"noreferrer noopener\" href=\"https:\/\/eeb.org\/library\/coolproducts-report\/\" target=\"_blank\">https:\/\/eeb.org\/library\/coolproducts-report\/<\/a>).<\/p> <\/div> <div class=\"schema-faq-section\" id=\"faq-question-1571045937335\"><strong class=\"schema-faq-question\">Pourquoi est ce que la r\u00e9paration est parfois plus ch\u00e8re que d&rsquo;acheter un nouveau produit? <\/strong> <p class=\"schema-faq-answer\">La plupart de nos produits \u00e9lectriques et \u00e9lectroniques sont produits en masse dans des pays \u00e0 bas salaire et les impacts sociaux et environnementaux ne sont pas refl\u00e9t\u00e9s dans le prix final ce qui leur permet d&rsquo;\u00eatre vendu \u00e0 des prix relativement bas. A l&rsquo;inverse, la r\u00e9paration requiert un diagnostic au cas par cas et une op\u00e9ration par un technicien comp\u00e9tent. Les r\u00e9gulations sociales et environnementales  rendent \u00e9galement le prix de la main d\u2019\u0153uvre plus important en Europe. De plus, la fa\u00e7on dont les produits sont con\u00e7us rend la r\u00e9paration souvent plus difficile et longue qu&rsquo;elle ne devrait \u00eatre et les pi\u00e8ces d\u00e9tach\u00e9es originales sont parfois plus ch\u00e8res qu&rsquo;elles ne devraient d\u00fb au monopole des fabricants. <\/p> <\/div> <div class=\"schema-faq-section\" id=\"faq-question-1571045943270\"><strong class=\"schema-faq-question\">N&rsquo;avons nous pas d\u00e9j\u00e0 le droit de r\u00e9parer nos produits? <\/strong> <p class=\"schema-faq-answer\">M\u00eame s&rsquo;il n&rsquo;est \u00e9videmment pas ill\u00e9gal pour vous de r\u00e9parer un produit que vous poss\u00e9dez, il n&rsquo;y a pas de cadre juridique pour s&rsquo;assurer que vous pouvez effectiver effectuer cette r\u00e9paration. Par example, vous n&rsquo;avez pas toujours le droit d&rsquo;obtenir les instructions de r\u00e9paration, les pi\u00e8ces d\u00e9tach\u00e9es ou les outils sp\u00e9cifiques n\u00e9cessaires \u00e0 la r\u00e9paration. Votre droit \u00e0 la r\u00e9paration s&rsquo;arr\u00eate l\u00e0 o\u00f9 commence le droit des fabricants de produire des produits non r\u00e9parable. <\/p> <\/div> <div class=\"schema-faq-section\" id=\"faq-question-1571045948675\"><strong class=\"schema-faq-question\">Pourquoi avons nous besoin de lois pour le droit \u00e0 la r\u00e9paration? <\/strong> <p class=\"schema-faq-answer\">Nous ne pouvons attendre que le march\u00e9 trouve au solution \u00e0 ce probl\u00e8me. S&rsquo;il est plus profitable pour les fabricants de vendre de nouveaux produits que de faciliter la r\u00e9paration, seule la loi peut faire en sorte que ces fabricants nous permette de r\u00e9parer nos produits nous m\u00eame ou chez des r\u00e9parateurs, en fournissant les informations et les outils n\u00e9cessaires. <\/p> <\/div> <div class=\"schema-faq-section\" id=\"faq-question-1571045958150\"><strong class=\"schema-faq-question\">Qu&rsquo;est ce que l&rsquo;obsolescence programm\u00e9e? <\/strong> <p class=\"schema-faq-answer\">On parle d&rsquo;obsolescence programm\u00e9e lorsqu&rsquo;un fabricant fait consciemment des choix de conception et de fabrication qui r\u00e9sultent en une dur\u00e9e de vie limit\u00e9e d&rsquo;un produit. Cela ne veut pas n\u00e9cessairement dire que le produit est fait pour ne plus fonctionner apr\u00e8s un certain temps. Si un fabricant con\u00e7oit un produit pour qu&rsquo;il ne puisse pas \u00eatre d\u00e9sassembl\u00e9, ou s&rsquo;il d\u00e9cide de ne pas rendre disponible les pi\u00e8ces d\u00e9tach\u00e9es, les instructions de r\u00e9paration ou les mises \u00e0 jour de logiciel, il fait alors un choix d\u00e9lib\u00e9r\u00e9 qui r\u00e9sulte en une dur\u00e9e de vie limit\u00e9e du produit qui devient obsol\u00e8te de part la d\u00e9cision du fabricant de ne pas soutenir son utilisation prolong\u00e9e. <\/p> <\/div> <\/div>\n","protected":false},"excerpt":{"rendered":"","protected":false},"author":2,"featured_media":0,"parent":0,"menu_order":0,"comment_status":"closed","ping_status":"closed","template":"","meta":{"_acf_changed":false,"footnotes":""},"class_list":["post-502","page","type-page","status-publish","hentry","entry"],"acf":[],"yoast_head":"<!-- This site is optimized with the Yoast SEO plugin v24.9 - https:\/\/yoast.com\/wordpress\/plugins\/seo\/ -->\n<title>FAQ - Right to Repair Europe<\/title>\n<meta name=\"description\" content=\"Foire aux questions les plus souvent pos\u00e9es sur le droit \u00e0 la r\u00e9paration en Europe.\" \/>\n<meta name=\"robots\" content=\"noindex, follow, max-snippet:-1, max-image-preview:large, max-video-preview:-1\" \/>\n<meta property=\"og:locale\" content=\"fr_FR\" \/>\n<meta property=\"og:type\" content=\"article\" \/>\n<meta property=\"og:title\" content=\"FAQ - Right to Repair Europe\" \/>\n<meta property=\"og:description\" content=\"Foire aux questions les plus souvent pos\u00e9es sur le droit \u00e0 la r\u00e9paration en Europe.\" \/>\n<meta property=\"og:url\" content=\"https:\/\/test-repaireu.rstrt.org\/fr\/faq\/\" \/>\n<meta property=\"og:site_name\" content=\"Right to Repair Europe\" \/>\n<meta property=\"article:publisher\" content=\"https:\/\/www.facebook.com\/righttorepaireurope\/\" \/>\n<meta property=\"article:modified_time\" content=\"2020-04-20T14:41:00+00:00\" \/>\n<meta property=\"og:image\" content=\"https:\/\/test-repaireu.rstrt.org\/wp-content\/uploads\/2019\/09\/R2RFacebookImage.png\" \/>\n\t<meta property=\"og:image:width\" content=\"1200\" \/>\n\t<meta property=\"og:image:height\" content=\"630\" \/>\n\t<meta property=\"og:image:type\" content=\"image\/png\" \/>\n<meta name=\"twitter:card\" content=\"summary_large_image\" \/>\n<meta name=\"twitter:site\" content=\"@R2REurope\" \/>\n<meta name=\"twitter:label1\" content=\"Dur\u00e9e de lecture estim\u00e9e\" \/>\n\t<meta name=\"twitter:data1\" content=\"3 minutes\" \/>\n<script type=\"application\/ld+json\" class=\"yoast-schema-graph\">{\"@context\":\"https:\/\/schema.org\",\"@graph\":[{\"@type\":[\"WebPage\",\"FAQPage\"],\"@id\":\"https:\/\/test-repaireu.rstrt.org\/fr\/faq\/\",\"url\":\"https:\/\/test-repaireu.rstrt.org\/fr\/faq\/\",\"name\":\"FAQ - Right to Repair Europe\",\"isPartOf\":{\"@id\":\"https:\/\/test-repaireu.rstrt.org\/fr\/#website\"},\"datePublished\":\"2019-11-21T10:37:58+00:00\",\"dateModified\":\"2020-04-20T14:41:00+00:00\",\"description\":\"Foire aux questions les plus souvent pos\u00e9es sur le droit \u00e0 la r\u00e9paration en Europe.\",\"breadcrumb\":{\"@id\":\"https:\/\/test-repaireu.rstrt.org\/fr\/faq\/#breadcrumb\"},\"mainEntity\":[{\"@id\":\"https:\/\/test-repaireu.rstrt.org\/fr\/faq\/#faq-question-1571045729107\"},{\"@id\":\"https:\/\/test-repaireu.rstrt.org\/fr\/faq\/#faq-question-1571045937335\"},{\"@id\":\"https:\/\/test-repaireu.rstrt.org\/fr\/faq\/#faq-question-1571045943270\"},{\"@id\":\"https:\/\/test-repaireu.rstrt.org\/fr\/faq\/#faq-question-1571045948675\"},{\"@id\":\"https:\/\/test-repaireu.rstrt.org\/fr\/faq\/#faq-question-1571045958150\"}],\"inLanguage\":\"fr-FR\",\"potentialAction\":[{\"@type\":\"ReadAction\",\"target\":[\"https:\/\/test-repaireu.rstrt.org\/fr\/faq\/\"]}]},{\"@type\":\"BreadcrumbList\",\"@id\":\"https:\/\/test-repaireu.rstrt.org\/fr\/faq\/#breadcrumb\",\"itemListElement\":[{\"@type\":\"ListItem\",\"position\":1,\"name\":\"Home\",\"item\":\"https:\/\/test-repaireu.rstrt.org\/fr\/\"},{\"@type\":\"ListItem\",\"position\":2,\"name\":\"FAQ\"}]},{\"@type\":\"WebSite\",\"@id\":\"https:\/\/test-repaireu.rstrt.org\/fr\/#website\",\"url\":\"https:\/\/test-repaireu.rstrt.org\/fr\/\",\"name\":\"Right to Repair Europe\",\"description\":\"\",\"publisher\":{\"@id\":\"https:\/\/test-repaireu.rstrt.org\/fr\/#organization\"},\"potentialAction\":[{\"@type\":\"SearchAction\",\"target\":{\"@type\":\"EntryPoint\",\"urlTemplate\":\"https:\/\/test-repaireu.rstrt.org\/fr\/?s={search_term_string}\"},\"query-input\":{\"@type\":\"PropertyValueSpecification\",\"valueRequired\":true,\"valueName\":\"search_term_string\"}}],\"inLanguage\":\"fr-FR\"},{\"@type\":\"Organization\",\"@id\":\"https:\/\/test-repaireu.rstrt.org\/fr\/#organization\",\"name\":\"Right to Repair Europe\",\"url\":\"https:\/\/test-repaireu.rstrt.org\/fr\/\",\"logo\":{\"@type\":\"ImageObject\",\"inLanguage\":\"fr-FR\",\"@id\":\"https:\/\/test-repaireu.rstrt.org\/fr\/#\/schema\/logo\/image\/\",\"url\":\"https:\/\/test-repaireu.rstrt.org\/wp-content\/uploads\/2019\/09\/R2REurope.png\",\"contentUrl\":\"https:\/\/test-repaireu.rstrt.org\/wp-content\/uploads\/2019\/09\/R2REurope.png\",\"width\":320,\"height\":320,\"caption\":\"Right to Repair Europe\"},\"image\":{\"@id\":\"https:\/\/test-repaireu.rstrt.org\/fr\/#\/schema\/logo\/image\/\"},\"sameAs\":[\"https:\/\/www.facebook.com\/righttorepaireurope\/\",\"https:\/\/x.com\/R2REurope\",\"https:\/\/www.instagram.com\/R2REurope\/\"]},{\"@type\":\"Question\",\"@id\":\"https:\/\/test-repaireu.rstrt.org\/fr\/faq\/#faq-question-1571045729107\",\"position\":1,\"url\":\"https:\/\/test-repaireu.rstrt.org\/fr\/faq\/#faq-question-1571045729107\",\"name\":\"Pourquoi est ce mieux de r\u00e9parer que de remplacer un objet \u00e9lectronique?\",\"answerCount\":1,\"acceptedAnswer\":{\"@type\":\"Answer\",\"text\":\"Les objets \u00e9lectroniques ont une empreinte environnementale \u00e9lev\u00e9e. Les fabriquer requiert des mati\u00e8res premi\u00e8res rares et une quantit\u00e9 d'\u00e9nergie consid\u00e9rable. Lorsque ces produits sont jeter, toute l'\u00e9nergie integr\u00e9e ainsi que de nombreux mat\u00e9riaux sont perdus - seule une petite portion peut \u00eatre r\u00e9cup\u00e9rer gr\u00e2ce au recyclage. C'est pour cela qu'allonger la dur\u00e9e de vie de nos produits \u00e9lectroniques gr\u00e2ce \u00e0 la r\u00e9paration est la m\u00e9thode la plus efficace pour r\u00e9duire leur empreinte environnementale. <br\/><br\/>Pour en savoir plus ici (<a rel=\\\"noreferrer noopener\\\" href=\\\"https:\/\/eeb.org\/library\/coolproducts-report\/\\\" target=\\\"_blank\\\">https:\/\/eeb.org\/library\/coolproducts-report\/<\/a>).\",\"inLanguage\":\"fr-FR\"},\"inLanguage\":\"fr-FR\"},{\"@type\":\"Question\",\"@id\":\"https:\/\/test-repaireu.rstrt.org\/fr\/faq\/#faq-question-1571045937335\",\"position\":2,\"url\":\"https:\/\/test-repaireu.rstrt.org\/fr\/faq\/#faq-question-1571045937335\",\"name\":\"Pourquoi est ce que la r\u00e9paration est parfois plus ch\u00e8re que d'acheter un nouveau produit?\",\"answerCount\":1,\"acceptedAnswer\":{\"@type\":\"Answer\",\"text\":\"La plupart de nos produits \u00e9lectriques et \u00e9lectroniques sont produits en masse dans des pays \u00e0 bas salaire et les impacts sociaux et environnementaux ne sont pas refl\u00e9t\u00e9s dans le prix final ce qui leur permet d'\u00eatre vendu \u00e0 des prix relativement bas. A l'inverse, la r\u00e9paration requiert un diagnostic au cas par cas et une op\u00e9ration par un technicien comp\u00e9tent. Les r\u00e9gulations sociales et environnementales  rendent \u00e9galement le prix de la main d\u2019\u0153uvre plus important en Europe. De plus, la fa\u00e7on dont les produits sont con\u00e7us rend la r\u00e9paration souvent plus difficile et longue qu'elle ne devrait \u00eatre et les pi\u00e8ces d\u00e9tach\u00e9es originales sont parfois plus ch\u00e8res qu'elles ne devraient d\u00fb au monopole des fabricants. \",\"inLanguage\":\"fr-FR\"},\"inLanguage\":\"fr-FR\"},{\"@type\":\"Question\",\"@id\":\"https:\/\/test-repaireu.rstrt.org\/fr\/faq\/#faq-question-1571045943270\",\"position\":3,\"url\":\"https:\/\/test-repaireu.rstrt.org\/fr\/faq\/#faq-question-1571045943270\",\"name\":\"N'avons nous pas d\u00e9j\u00e0 le droit de r\u00e9parer nos produits?\",\"answerCount\":1,\"acceptedAnswer\":{\"@type\":\"Answer\",\"text\":\"M\u00eame s'il n'est \u00e9videmment pas ill\u00e9gal pour vous de r\u00e9parer un produit que vous poss\u00e9dez, il n'y a pas de cadre juridique pour s'assurer que vous pouvez effectiver effectuer cette r\u00e9paration. Par example, vous n'avez pas toujours le droit d'obtenir les instructions de r\u00e9paration, les pi\u00e8ces d\u00e9tach\u00e9es ou les outils sp\u00e9cifiques n\u00e9cessaires \u00e0 la r\u00e9paration. Votre droit \u00e0 la r\u00e9paration s'arr\u00eate l\u00e0 o\u00f9 commence le droit des fabricants de produire des produits non r\u00e9parable. \",\"inLanguage\":\"fr-FR\"},\"inLanguage\":\"fr-FR\"},{\"@type\":\"Question\",\"@id\":\"https:\/\/test-repaireu.rstrt.org\/fr\/faq\/#faq-question-1571045948675\",\"position\":4,\"url\":\"https:\/\/test-repaireu.rstrt.org\/fr\/faq\/#faq-question-1571045948675\",\"name\":\"Pourquoi avons nous besoin de lois pour le droit \u00e0 la r\u00e9paration?\",\"answerCount\":1,\"acceptedAnswer\":{\"@type\":\"Answer\",\"text\":\"Nous ne pouvons attendre que le march\u00e9 trouve au solution \u00e0 ce probl\u00e8me. S'il est plus profitable pour les fabricants de vendre de nouveaux produits que de faciliter la r\u00e9paration, seule la loi peut faire en sorte que ces fabricants nous permette de r\u00e9parer nos produits nous m\u00eame ou chez des r\u00e9parateurs, en fournissant les informations et les outils n\u00e9cessaires. \",\"inLanguage\":\"fr-FR\"},\"inLanguage\":\"fr-FR\"},{\"@type\":\"Question\",\"@id\":\"https:\/\/test-repaireu.rstrt.org\/fr\/faq\/#faq-question-1571045958150\",\"position\":5,\"url\":\"https:\/\/test-repaireu.rstrt.org\/fr\/faq\/#faq-question-1571045958150\",\"name\":\"Qu'est ce que l'obsolescence programm\u00e9e?\",\"answerCount\":1,\"acceptedAnswer\":{\"@type\":\"Answer\",\"text\":\"On parle d'obsolescence programm\u00e9e lorsqu'un fabricant fait consciemment des choix de conception et de fabrication qui r\u00e9sultent en une dur\u00e9e de vie limit\u00e9e d'un produit. Cela ne veut pas n\u00e9cessairement dire que le produit est fait pour ne plus fonctionner apr\u00e8s un certain temps. Si un fabricant con\u00e7oit un produit pour qu'il ne puisse pas \u00eatre d\u00e9sassembl\u00e9, ou s'il d\u00e9cide de ne pas rendre disponible les pi\u00e8ces d\u00e9tach\u00e9es, les instructions de r\u00e9paration ou les mises \u00e0 jour de logiciel, il fait alors un choix d\u00e9lib\u00e9r\u00e9 qui r\u00e9sulte en une dur\u00e9e de vie limit\u00e9e du produit qui devient obsol\u00e8te de part la d\u00e9cision du fabricant de ne pas soutenir son utilisation prolong\u00e9e. \",\"inLanguage\":\"fr-FR\"},\"inLanguage\":\"fr-FR\"}]}<\/script>\n<!-- \/ Yoast SEO plugin. -->","yoast_head_json":{"title":"FAQ - Right to Repair Europe","description":"Foire aux questions les plus souvent pos\u00e9es sur le droit \u00e0 la r\u00e9paration en Europe.","robots":{"index":"noindex","follow":"follow","max-snippet":"max-snippet:-1","max-image-preview":"max-image-preview:large","max-video-preview":"max-video-preview:-1"},"og_locale":"fr_FR","og_type":"article","og_title":"FAQ - Right to Repair Europe","og_description":"Foire aux questions les plus souvent pos\u00e9es sur le droit \u00e0 la r\u00e9paration en Europe.","og_url":"https:\/\/test-repaireu.rstrt.org\/fr\/faq\/","og_site_name":"Right to Repair Europe","article_publisher":"https:\/\/www.facebook.com\/righttorepaireurope\/","article_modified_time":"2020-04-20T14:41:00+00:00","og_image":[{"width":1200,"height":630,"url":"https:\/\/test-repaireu.rstrt.org\/wp-content\/uploads\/2019\/09\/R2RFacebookImage.png","type":"image\/png"}],"twitter_card":"summary_large_image","twitter_site":"@R2REurope","twitter_misc":{"Dur\u00e9e de lecture estim\u00e9e":"3 minutes"},"schema":{"@context":"https:\/\/schema.org","@graph":[{"@type":["WebPage","FAQPage"],"@id":"https:\/\/test-repaireu.rstrt.org\/fr\/faq\/","url":"https:\/\/test-repaireu.rstrt.org\/fr\/faq\/","name":"FAQ - Right to Repair Europe","isPartOf":{"@id":"https:\/\/test-repaireu.rstrt.org\/fr\/#website"},"datePublished":"2019-11-21T10:37:58+00:00","dateModified":"2020-04-20T14:41:00+00:00","description":"Foire aux questions les plus souvent pos\u00e9es sur le droit \u00e0 la r\u00e9paration en Europe.","breadcrumb":{"@id":"https:\/\/test-repaireu.rstrt.org\/fr\/faq\/#breadcrumb"},"mainEntity":[{"@id":"https:\/\/test-repaireu.rstrt.org\/fr\/faq\/#faq-question-1571045729107"},{"@id":"https:\/\/test-repaireu.rstrt.org\/fr\/faq\/#faq-question-1571045937335"},{"@id":"https:\/\/test-repaireu.rstrt.org\/fr\/faq\/#faq-question-1571045943270"},{"@id":"https:\/\/test-repaireu.rstrt.org\/fr\/faq\/#faq-question-1571045948675"},{"@id":"https:\/\/test-repaireu.rstrt.org\/fr\/faq\/#faq-question-1571045958150"}],"inLanguage":"fr-FR","potentialAction":[{"@type":"ReadAction","target":["https:\/\/test-repaireu.rstrt.org\/fr\/faq\/"]}]},{"@type":"BreadcrumbList","@id":"https:\/\/test-repaireu.rstrt.org\/fr\/faq\/#breadcrumb","itemListElement":[{"@type":"ListItem","position":1,"name":"Home","item":"https:\/\/test-repaireu.rstrt.org\/fr\/"},{"@type":"ListItem","position":2,"name":"FAQ"}]},{"@type":"WebSite","@id":"https:\/\/test-repaireu.rstrt.org\/fr\/#website","url":"https:\/\/test-repaireu.rstrt.org\/fr\/","name":"Right to Repair Europe","description":"","publisher":{"@id":"https:\/\/test-repaireu.rstrt.org\/fr\/#organization"},"potentialAction":[{"@type":"SearchAction","target":{"@type":"EntryPoint","urlTemplate":"https:\/\/test-repaireu.rstrt.org\/fr\/?s={search_term_string}"},"query-input":{"@type":"PropertyValueSpecification","valueRequired":true,"valueName":"search_term_string"}}],"inLanguage":"fr-FR"},{"@type":"Organization","@id":"https:\/\/test-repaireu.rstrt.org\/fr\/#organization","name":"Right to Repair Europe","url":"https:\/\/test-repaireu.rstrt.org\/fr\/","logo":{"@type":"ImageObject","inLanguage":"fr-FR","@id":"https:\/\/test-repaireu.rstrt.org\/fr\/#\/schema\/logo\/image\/","url":"https:\/\/test-repaireu.rstrt.org\/wp-content\/uploads\/2019\/09\/R2REurope.png","contentUrl":"https:\/\/test-repaireu.rstrt.org\/wp-content\/uploads\/2019\/09\/R2REurope.png","width":320,"height":320,"caption":"Right to Repair Europe"},"image":{"@id":"https:\/\/test-repaireu.rstrt.org\/fr\/#\/schema\/logo\/image\/"},"sameAs":["https:\/\/www.facebook.com\/righttorepaireurope\/","https:\/\/x.com\/R2REurope","https:\/\/www.instagram.com\/R2REurope\/"]},{"@type":"Question","@id":"https:\/\/test-repaireu.rstrt.org\/fr\/faq\/#faq-question-1571045729107","position":1,"url":"https:\/\/test-repaireu.rstrt.org\/fr\/faq\/#faq-question-1571045729107","name":"Pourquoi est ce mieux de r\u00e9parer que de remplacer un objet \u00e9lectronique?","answerCount":1,"acceptedAnswer":{"@type":"Answer","text":"Les objets \u00e9lectroniques ont une empreinte environnementale \u00e9lev\u00e9e. Les fabriquer requiert des mati\u00e8res premi\u00e8res rares et une quantit\u00e9 d'\u00e9nergie consid\u00e9rable. Lorsque ces produits sont jeter, toute l'\u00e9nergie integr\u00e9e ainsi que de nombreux mat\u00e9riaux sont perdus - seule une petite portion peut \u00eatre r\u00e9cup\u00e9rer gr\u00e2ce au recyclage. C'est pour cela qu'allonger la dur\u00e9e de vie de nos produits \u00e9lectroniques gr\u00e2ce \u00e0 la r\u00e9paration est la m\u00e9thode la plus efficace pour r\u00e9duire leur empreinte environnementale. <br\/><br\/>Pour en savoir plus ici (<a rel=\"noreferrer noopener\" href=\"https:\/\/eeb.org\/library\/coolproducts-report\/\" target=\"_blank\">https:\/\/eeb.org\/library\/coolproducts-report\/<\/a>).","inLanguage":"fr-FR"},"inLanguage":"fr-FR"},{"@type":"Question","@id":"https:\/\/test-repaireu.rstrt.org\/fr\/faq\/#faq-question-1571045937335","position":2,"url":"https:\/\/test-repaireu.rstrt.org\/fr\/faq\/#faq-question-1571045937335","name":"Pourquoi est ce que la r\u00e9paration est parfois plus ch\u00e8re que d'acheter un nouveau produit?","answerCount":1,"acceptedAnswer":{"@type":"Answer","text":"La plupart de nos produits \u00e9lectriques et \u00e9lectroniques sont produits en masse dans des pays \u00e0 bas salaire et les impacts sociaux et environnementaux ne sont pas refl\u00e9t\u00e9s dans le prix final ce qui leur permet d'\u00eatre vendu \u00e0 des prix relativement bas. A l'inverse, la r\u00e9paration requiert un diagnostic au cas par cas et une op\u00e9ration par un technicien comp\u00e9tent. Les r\u00e9gulations sociales et environnementales  rendent \u00e9galement le prix de la main d\u2019\u0153uvre plus important en Europe. De plus, la fa\u00e7on dont les produits sont con\u00e7us rend la r\u00e9paration souvent plus difficile et longue qu'elle ne devrait \u00eatre et les pi\u00e8ces d\u00e9tach\u00e9es originales sont parfois plus ch\u00e8res qu'elles ne devraient d\u00fb au monopole des fabricants. ","inLanguage":"fr-FR"},"inLanguage":"fr-FR"},{"@type":"Question","@id":"https:\/\/test-repaireu.rstrt.org\/fr\/faq\/#faq-question-1571045943270","position":3,"url":"https:\/\/test-repaireu.rstrt.org\/fr\/faq\/#faq-question-1571045943270","name":"N'avons nous pas d\u00e9j\u00e0 le droit de r\u00e9parer nos produits?","answerCount":1,"acceptedAnswer":{"@type":"Answer","text":"M\u00eame s'il n'est \u00e9videmment pas ill\u00e9gal pour vous de r\u00e9parer un produit que vous poss\u00e9dez, il n'y a pas de cadre juridique pour s'assurer que vous pouvez effectiver effectuer cette r\u00e9paration. Par example, vous n'avez pas toujours le droit d'obtenir les instructions de r\u00e9paration, les pi\u00e8ces d\u00e9tach\u00e9es ou les outils sp\u00e9cifiques n\u00e9cessaires \u00e0 la r\u00e9paration. Votre droit \u00e0 la r\u00e9paration s'arr\u00eate l\u00e0 o\u00f9 commence le droit des fabricants de produire des produits non r\u00e9parable. ","inLanguage":"fr-FR"},"inLanguage":"fr-FR"},{"@type":"Question","@id":"https:\/\/test-repaireu.rstrt.org\/fr\/faq\/#faq-question-1571045948675","position":4,"url":"https:\/\/test-repaireu.rstrt.org\/fr\/faq\/#faq-question-1571045948675","name":"Pourquoi avons nous besoin de lois pour le droit \u00e0 la r\u00e9paration?","answerCount":1,"acceptedAnswer":{"@type":"Answer","text":"Nous ne pouvons attendre que le march\u00e9 trouve au solution \u00e0 ce probl\u00e8me. S'il est plus profitable pour les fabricants de vendre de nouveaux produits que de faciliter la r\u00e9paration, seule la loi peut faire en sorte que ces fabricants nous permette de r\u00e9parer nos produits nous m\u00eame ou chez des r\u00e9parateurs, en fournissant les informations et les outils n\u00e9cessaires. ","inLanguage":"fr-FR"},"inLanguage":"fr-FR"},{"@type":"Question","@id":"https:\/\/test-repaireu.rstrt.org\/fr\/faq\/#faq-question-1571045958150","position":5,"url":"https:\/\/test-repaireu.rstrt.org\/fr\/faq\/#faq-question-1571045958150","name":"Qu'est ce que l'obsolescence programm\u00e9e?","answerCount":1,"acceptedAnswer":{"@type":"Answer","text":"On parle d'obsolescence programm\u00e9e lorsqu'un fabricant fait consciemment des choix de conception et de fabrication qui r\u00e9sultent en une dur\u00e9e de vie limit\u00e9e d'un produit. Cela ne veut pas n\u00e9cessairement dire que le produit est fait pour ne plus fonctionner apr\u00e8s un certain temps. Si un fabricant con\u00e7oit un produit pour qu'il ne puisse pas \u00eatre d\u00e9sassembl\u00e9, ou s'il d\u00e9cide de ne pas rendre disponible les pi\u00e8ces d\u00e9tach\u00e9es, les instructions de r\u00e9paration ou les mises \u00e0 jour de logiciel, il fait alors un choix d\u00e9lib\u00e9r\u00e9 qui r\u00e9sulte en une dur\u00e9e de vie limit\u00e9e du produit qui devient obsol\u00e8te de part la d\u00e9cision du fabricant de ne pas soutenir son utilisation prolong\u00e9e. ","inLanguage":"fr-FR"},"inLanguage":"fr-FR"}]}},"_links":{"self":[{"href":"https:\/\/test-repaireu.rstrt.org\/fr\/wp-json\/wp\/v2\/pages\/502","targetHints":{"allow":["GET"]}}],"collection":[{"href":"https:\/\/test-repaireu.rstrt.org\/fr\/wp-json\/wp\/v2\/pages"}],"about":[{"href":"https:\/\/test-repaireu.rstrt.org\/fr\/wp-json\/wp\/v2\/types\/page"}],"author":[{"embeddable":true,"href":"https:\/\/test-repaireu.rstrt.org\/fr\/wp-json\/wp\/v2\/users\/2"}],"replies":[{"embeddable":true,"href":"https:\/\/test-repaireu.rstrt.org\/fr\/wp-json\/wp\/v2\/comments?post=502"}],"version-history":[{"count":2,"href":"https:\/\/test-repaireu.rstrt.org\/fr\/wp-json\/wp\/v2\/pages\/502\/revisions"}],"predecessor-version":[{"id":1468,"href":"https:\/\/test-repaireu.rstrt.org\/fr\/wp-json\/wp\/v2\/pages\/502\/revisions\/1468"}],"wp:attachment":[{"href":"https:\/\/test-repaireu.rstrt.org\/fr\/wp-json\/wp\/v2\/media?parent=502"}],"curies":[{"name":"wp","href":"https:\/\/api.w.org\/{rel}","templated":true}]}}