{"id":498,"date":"2019-11-21T11:02:44","date_gmt":"2019-11-21T10:02:44","guid":{"rendered":"https:\/\/test-repaireu.rstrt.org\/?page_id=498"},"modified":"2020-08-31T15:28:18","modified_gmt":"2020-08-31T13:28:18","slug":"rejoignez-la-campagne","status":"publish","type":"page","link":"https:\/\/test-repaireu.rstrt.org\/fr\/rejoignez-la-campagne\/","title":{"rendered":"Rejoignez la campagne"},"content":{"rendered":"\n<p><strong>Merci pour votre int\u00e9r\u00eat envers la campagne et votre volont\u00e9 de vous impliquer! <\/strong><\/p>\n\n\n\n<p>L&rsquo;adh\u00e9sion est ouverte \u00e0 tous les groupes et organisations Europ\u00e9ennes<strong> <\/strong>qui soutiennent et s&rsquo;engagent en faveur du droit \u00e0 la r\u00e9paration. Il peut notamment s&rsquo;agir: d&rsquo;ONGs, de r\u00e9seaux de r\u00e9paration b\u00e9n\u00e9vole ou de r\u00e9parateurs professionels, d&rsquo;initiatives individuelles de r\u00e9paration et repair caf\u00e9s, d&rsquo;institutions acad\u00e9miques, d&rsquo;entreprise de r\u00e9paration et autres business. Cliquez-ci dessous pour postuler.<\/p>\n\n\n\n<div class=\"wp-block-buttons is-layout-flex wp-block-buttons-is-layout-flex\">\n<div class=\"wp-block-button\"><a class=\"wp-block-button__link has-text-color has-dark-gray-color has-background\" href=\"https:\/\/test-repaireu.rstrt.org\/fr\/rejoindre-la-campagne-en-tant-quorganisation\/\" style=\"background-color:#ffcd00\">Rejoindre la campagne en tant qu&rsquo;organisation<\/a><\/div>\n<\/div>\n\n\n\n<p>Si vous \u00eates un individu et voulez rester inform\u00e9 des actualit\u00e9s de la campagne et de comment vous impliquer, inscrivez vous \u00e0 notre newsletter ici.<\/p>\n\n\n\n<div class=\"wp-block-group make-one-col\"><div class=\"wp-block-group__inner-container is-layout-flow wp-block-group-is-layout-flow\"><link href='https:\/\/actionnetwork.org\/css\/style-embed-whitelabel-v3.css' rel='stylesheet' type='text\/css' \/><script src='https:\/\/actionnetwork.org\/widgets\/v3\/form\/rejoignez-le-mouvement-pour-le-droit-a-la-reparation?format=js&source=widget'><\/script><div id='can-form-area-rejoignez-le-mouvement-pour-le-droit-a-la-reparation' style='width: 100%'><!-- this div is the target for our HTML insertion --><\/div>\n<\/div><\/div>\n","protected":false},"excerpt":{"rendered":"<p>Merci pour votre int\u00e9r\u00eat envers la campagne et votre volont\u00e9 de vous impliquer! L&rsquo;adh\u00e9sion est ouverte \u00e0 tous les groupes et organisations Europ\u00e9ennes qui soutiennent et s&rsquo;engagent en faveur du droit \u00e0 la r\u00e9paration. Il peut notamment s&rsquo;agir: d&rsquo;ONGs, de r\u00e9seaux de r\u00e9paration b\u00e9n\u00e9vole ou de r\u00e9parateurs professionels, d&rsquo;initiatives individuelles de r\u00e9paration et repair caf\u00e9s, &hellip; <\/p>\n<p class=\"link-more\"><a href=\"https:\/\/test-repaireu.rstrt.org\/fr\/rejoignez-la-campagne\/\" class=\"more-link\">Continuer la lecture <span class=\"screen-reader-text\"> \u00ab\u00a0Rejoignez la campagne\u00a0\u00bb<\/span><\/a><\/p>\n","protected":false},"author":2,"featured_media":0,"parent":0,"menu_order":0,"comment_status":"closed","ping_status":"closed","template":"","meta":{"_acf_changed":false,"footnotes":""},"class_list":["post-498","page","type-page","status-publish","hentry","entry"],"acf":[],"yoast_head":"<!-- This site is optimized with the Yoast SEO plugin v24.9 - https:\/\/yoast.com\/wordpress\/plugins\/seo\/ -->\n<title>Rejoignez la campagne - Right to Repair Europe<\/title>\n<meta name=\"description\" content=\"Merci pour votre int\u00e9r\u00eat envers la campagne! Il existe plusieurs fa\u00e7ons pour vous de rejoindre notre combat pour des produits plus durables et r\u00e9parables.\" \/>\n<meta name=\"robots\" content=\"noindex, follow, max-snippet:-1, max-image-preview:large, max-video-preview:-1\" \/>\n<meta property=\"og:locale\" content=\"fr_FR\" \/>\n<meta property=\"og:type\" content=\"article\" \/>\n<meta property=\"og:title\" content=\"Rejoignez la campagne - Right to Repair Europe\" \/>\n<meta property=\"og:description\" content=\"Merci pour votre int\u00e9r\u00eat envers la campagne! Il existe plusieurs fa\u00e7ons pour vous de rejoindre notre combat pour des produits plus durables et r\u00e9parables.\" \/>\n<meta property=\"og:url\" content=\"https:\/\/test-repaireu.rstrt.org\/fr\/rejoignez-la-campagne\/\" \/>\n<meta property=\"og:site_name\" content=\"Right to Repair Europe\" \/>\n<meta property=\"article:publisher\" content=\"https:\/\/www.facebook.com\/righttorepaireurope\/\" \/>\n<meta property=\"article:modified_time\" content=\"2020-08-31T13:28:18+00:00\" \/>\n<meta property=\"og:image\" content=\"https:\/\/test-repaireu.rstrt.org\/wp-content\/uploads\/2019\/09\/R2RFacebookImage.png\" \/>\n\t<meta property=\"og:image:width\" content=\"1200\" \/>\n\t<meta property=\"og:image:height\" content=\"630\" \/>\n\t<meta property=\"og:image:type\" content=\"image\/png\" \/>\n<meta name=\"twitter:card\" content=\"summary_large_image\" \/>\n<meta name=\"twitter:site\" content=\"@R2REurope\" \/>\n<meta name=\"twitter:label1\" content=\"Dur\u00e9e de lecture estim\u00e9e\" \/>\n\t<meta name=\"twitter:data1\" content=\"1 minute\" \/>\n<script type=\"application\/ld+json\" class=\"yoast-schema-graph\">{\"@context\":\"https:\/\/schema.org\",\"@graph\":[{\"@type\":\"WebPage\",\"@id\":\"https:\/\/test-repaireu.rstrt.org\/fr\/rejoignez-la-campagne\/\",\"url\":\"https:\/\/test-repaireu.rstrt.org\/fr\/rejoignez-la-campagne\/\",\"name\":\"Rejoignez la campagne - Right to Repair Europe\",\"isPartOf\":{\"@id\":\"https:\/\/test-repaireu.rstrt.org\/fr\/#website\"},\"datePublished\":\"2019-11-21T10:02:44+00:00\",\"dateModified\":\"2020-08-31T13:28:18+00:00\",\"description\":\"Merci pour votre int\u00e9r\u00eat envers la campagne! Il existe plusieurs fa\u00e7ons pour vous de rejoindre notre combat pour des produits plus durables et r\u00e9parables.\",\"breadcrumb\":{\"@id\":\"https:\/\/test-repaireu.rstrt.org\/fr\/rejoignez-la-campagne\/#breadcrumb\"},\"inLanguage\":\"fr-FR\",\"potentialAction\":[{\"@type\":\"ReadAction\",\"target\":[\"https:\/\/test-repaireu.rstrt.org\/fr\/rejoignez-la-campagne\/\"]}]},{\"@type\":\"BreadcrumbList\",\"@id\":\"https:\/\/test-repaireu.rstrt.org\/fr\/rejoignez-la-campagne\/#breadcrumb\",\"itemListElement\":[{\"@type\":\"ListItem\",\"position\":1,\"name\":\"Home\",\"item\":\"https:\/\/test-repaireu.rstrt.org\/fr\/\"},{\"@type\":\"ListItem\",\"position\":2,\"name\":\"Rejoignez la campagne\"}]},{\"@type\":\"WebSite\",\"@id\":\"https:\/\/test-repaireu.rstrt.org\/fr\/#website\",\"url\":\"https:\/\/test-repaireu.rstrt.org\/fr\/\",\"name\":\"Right to Repair Europe\",\"description\":\"\",\"publisher\":{\"@id\":\"https:\/\/test-repaireu.rstrt.org\/fr\/#organization\"},\"potentialAction\":[{\"@type\":\"SearchAction\",\"target\":{\"@type\":\"EntryPoint\",\"urlTemplate\":\"https:\/\/test-repaireu.rstrt.org\/fr\/?s={search_term_string}\"},\"query-input\":{\"@type\":\"PropertyValueSpecification\",\"valueRequired\":true,\"valueName\":\"search_term_string\"}}],\"inLanguage\":\"fr-FR\"},{\"@type\":\"Organization\",\"@id\":\"https:\/\/test-repaireu.rstrt.org\/fr\/#organization\",\"name\":\"Right to Repair Europe\",\"url\":\"https:\/\/test-repaireu.rstrt.org\/fr\/\",\"logo\":{\"@type\":\"ImageObject\",\"inLanguage\":\"fr-FR\",\"@id\":\"https:\/\/test-repaireu.rstrt.org\/fr\/#\/schema\/logo\/image\/\",\"url\":\"https:\/\/test-repaireu.rstrt.org\/wp-content\/uploads\/2019\/09\/R2REurope.png\",\"contentUrl\":\"https:\/\/test-repaireu.rstrt.org\/wp-content\/uploads\/2019\/09\/R2REurope.png\",\"width\":320,\"height\":320,\"caption\":\"Right to Repair Europe\"},\"image\":{\"@id\":\"https:\/\/test-repaireu.rstrt.org\/fr\/#\/schema\/logo\/image\/\"},\"sameAs\":[\"https:\/\/www.facebook.com\/righttorepaireurope\/\",\"https:\/\/x.com\/R2REurope\",\"https:\/\/www.instagram.com\/R2REurope\/\"]}]}<\/script>\n<!-- \/ Yoast SEO plugin. -->","yoast_head_json":{"title":"Rejoignez la campagne - Right to Repair Europe","description":"Merci pour votre int\u00e9r\u00eat envers la campagne! Il existe plusieurs fa\u00e7ons pour vous de rejoindre notre combat pour des produits plus durables et r\u00e9parables.","robots":{"index":"noindex","follow":"follow","max-snippet":"max-snippet:-1","max-image-preview":"max-image-preview:large","max-video-preview":"max-video-preview:-1"},"og_locale":"fr_FR","og_type":"article","og_title":"Rejoignez la campagne - Right to Repair Europe","og_description":"Merci pour votre int\u00e9r\u00eat envers la campagne! Il existe plusieurs fa\u00e7ons pour vous de rejoindre notre combat pour des produits plus durables et r\u00e9parables.","og_url":"https:\/\/test-repaireu.rstrt.org\/fr\/rejoignez-la-campagne\/","og_site_name":"Right to Repair Europe","article_publisher":"https:\/\/www.facebook.com\/righttorepaireurope\/","article_modified_time":"2020-08-31T13:28:18+00:00","og_image":[{"width":1200,"height":630,"url":"https:\/\/test-repaireu.rstrt.org\/wp-content\/uploads\/2019\/09\/R2RFacebookImage.png","type":"image\/png"}],"twitter_card":"summary_large_image","twitter_site":"@R2REurope","twitter_misc":{"Dur\u00e9e de lecture estim\u00e9e":"1 minute"},"schema":{"@context":"https:\/\/schema.org","@graph":[{"@type":"WebPage","@id":"https:\/\/test-repaireu.rstrt.org\/fr\/rejoignez-la-campagne\/","url":"https:\/\/test-repaireu.rstrt.org\/fr\/rejoignez-la-campagne\/","name":"Rejoignez la campagne - Right to Repair Europe","isPartOf":{"@id":"https:\/\/test-repaireu.rstrt.org\/fr\/#website"},"datePublished":"2019-11-21T10:02:44+00:00","dateModified":"2020-08-31T13:28:18+00:00","description":"Merci pour votre int\u00e9r\u00eat envers la campagne! Il existe plusieurs fa\u00e7ons pour vous de rejoindre notre combat pour des produits plus durables et r\u00e9parables.","breadcrumb":{"@id":"https:\/\/test-repaireu.rstrt.org\/fr\/rejoignez-la-campagne\/#breadcrumb"},"inLanguage":"fr-FR","potentialAction":[{"@type":"ReadAction","target":["https:\/\/test-repaireu.rstrt.org\/fr\/rejoignez-la-campagne\/"]}]},{"@type":"BreadcrumbList","@id":"https:\/\/test-repaireu.rstrt.org\/fr\/rejoignez-la-campagne\/#breadcrumb","itemListElement":[{"@type":"ListItem","position":1,"name":"Home","item":"https:\/\/test-repaireu.rstrt.org\/fr\/"},{"@type":"ListItem","position":2,"name":"Rejoignez la campagne"}]},{"@type":"WebSite","@id":"https:\/\/test-repaireu.rstrt.org\/fr\/#website","url":"https:\/\/test-repaireu.rstrt.org\/fr\/","name":"Right to Repair Europe","description":"","publisher":{"@id":"https:\/\/test-repaireu.rstrt.org\/fr\/#organization"},"potentialAction":[{"@type":"SearchAction","target":{"@type":"EntryPoint","urlTemplate":"https:\/\/test-repaireu.rstrt.org\/fr\/?s={search_term_string}"},"query-input":{"@type":"PropertyValueSpecification","valueRequired":true,"valueName":"search_term_string"}}],"inLanguage":"fr-FR"},{"@type":"Organization","@id":"https:\/\/test-repaireu.rstrt.org\/fr\/#organization","name":"Right to Repair Europe","url":"https:\/\/test-repaireu.rstrt.org\/fr\/","logo":{"@type":"ImageObject","inLanguage":"fr-FR","@id":"https:\/\/test-repaireu.rstrt.org\/fr\/#\/schema\/logo\/image\/","url":"https:\/\/test-repaireu.rstrt.org\/wp-content\/uploads\/2019\/09\/R2REurope.png","contentUrl":"https:\/\/test-repaireu.rstrt.org\/wp-content\/uploads\/2019\/09\/R2REurope.png","width":320,"height":320,"caption":"Right to Repair Europe"},"image":{"@id":"https:\/\/test-repaireu.rstrt.org\/fr\/#\/schema\/logo\/image\/"},"sameAs":["https:\/\/www.facebook.com\/righttorepaireurope\/","https:\/\/x.com\/R2REurope","https:\/\/www.instagram.com\/R2REurope\/"]}]}},"_links":{"self":[{"href":"https:\/\/test-repaireu.rstrt.org\/fr\/wp-json\/wp\/v2\/pages\/498","targetHints":{"allow":["GET"]}}],"collection":[{"href":"https:\/\/test-repaireu.rstrt.org\/fr\/wp-json\/wp\/v2\/pages"}],"about":[{"href":"https:\/\/test-repaireu.rstrt.org\/fr\/wp-json\/wp\/v2\/types\/page"}],"author":[{"embeddable":true,"href":"https:\/\/test-repaireu.rstrt.org\/fr\/wp-json\/wp\/v2\/users\/2"}],"replies":[{"embeddable":true,"href":"https:\/\/test-repaireu.rstrt.org\/fr\/wp-json\/wp\/v2\/comments?post=498"}],"version-history":[{"count":7,"href":"https:\/\/test-repaireu.rstrt.org\/fr\/wp-json\/wp\/v2\/pages\/498\/revisions"}],"predecessor-version":[{"id":1766,"href":"https:\/\/test-repaireu.rstrt.org\/fr\/wp-json\/wp\/v2\/pages\/498\/revisions\/1766"}],"wp:attachment":[{"href":"https:\/\/test-repaireu.rstrt.org\/fr\/wp-json\/wp\/v2\/media?parent=498"}],"curies":[{"name":"wp","href":"https:\/\/api.w.org\/{rel}","templated":true}]}}