{"id":472,"date":"2019-11-21T10:31:54","date_gmt":"2019-11-21T09:31:54","guid":{"rendered":"https:\/\/test-repaireu.rstrt.org\/?page_id=472"},"modified":"2021-03-17T09:52:40","modified_gmt":"2021-03-17T08:52:40","slug":"a-propos","status":"publish","type":"page","link":"https:\/\/test-repaireu.rstrt.org\/fr\/a-propos\/","title":{"rendered":"A propos"},"content":{"rendered":"\n<section class=\"block block__hero block__full-width block__hero--image-full-width\" style=\"background-color: ;\">\n\n\t<div class=\" block__hero--inner\">\n\n\t\t\n\t\t\t<picture class=\"block__hero--image\">\n\t\t\t\t<source media=\"(min-width: 768px)\" srcset=\"https:\/\/test-repaireu.rstrt.org\/wp-content\/uploads\/2019\/11\/About-hero-image.jpg\">\n\t\t\t\t<source srcset=\"https:\/\/test-repaireu.rstrt.org\/wp-content\/uploads\/2019\/11\/About-hero-image-mobile.jpg\">\t\t\t\n\t\t\t\t\n\t\t\t\t<img decoding=\"async\" src=\"https:\/\/test-repaireu.rstrt.org\/wp-content\/uploads\/2019\/11\/About-hero-image.jpg\" alt=\"We believe in the right to repair\">\n\t\t\t<\/picture>\n\n\t\t\t\n\t<\/div>\t\n\n<\/section>\n\n\n\n\n<h2 class=\"wp-block-heading\"><strong>Qui sommes nous?<\/strong><\/h2>\n\n\n\n<p><strong>Nous sommes une coalition d&rsquo;organisations Europ\u00e9ennes actives sur le sujet de la r\u00e9paration. <\/strong><\/p>\n\n\n\n<p>Nous sommes bas\u00e9s dans plusieurs pays Europ\u00e9en et repr\u00e9sentons des groupes de r\u00e9paration b\u00e9n\u00e9voles, des acteurs de l&rsquo;\u00e9conomie sociale, l&rsquo;auto-r\u00e9paration et tous les citoyens qui souhaitent d\u00e9fendre leur droit \u00e0 la r\u00e9paration. <\/p>\n\n\n\n<div style=\"height:30px\" aria-hidden=\"true\" class=\"wp-block-spacer\"><\/div>\n\n\n\n<h2 class=\"wp-block-heading\">Membres du groupe de pilotage<\/h2>\n\n\n\n<div class=\"wp-block-columns has-2-columns one-third-two-thirds is-layout-flex wp-container-core-columns-is-layout-9d6595d7 wp-block-columns-is-layout-flex\">\n<div class=\"wp-block-column is-layout-flow wp-block-column-is-layout-flow\">\n<div class=\"wp-block-image\"><figure class=\"alignleft size-large\"><img loading=\"lazy\" decoding=\"async\" width=\"842\" height=\"688\" src=\"https:\/\/test-repaireu.rstrt.org\/wp-content\/uploads\/2021\/03\/Logo-Vertical-Color.png\" alt=\"\" class=\"wp-image-2473\" srcset=\"https:\/\/test-repaireu.rstrt.org\/wp-content\/uploads\/2021\/03\/Logo-Vertical-Color.png 842w, https:\/\/test-repaireu.rstrt.org\/wp-content\/uploads\/2021\/03\/Logo-Vertical-Color-300x245.png 300w, https:\/\/test-repaireu.rstrt.org\/wp-content\/uploads\/2021\/03\/Logo-Vertical-Color-768x628.png 768w\" sizes=\"auto, (max-width: 842px) 100vw, 842px\" \/><\/figure><\/div>\n<\/div>\n\n\n\n<div class=\"wp-block-column is-layout-flow wp-block-column-is-layout-flow\">\n<p><em>ECOS est une ONG internationale avec un r\u00e9seau de membres et d\u2019experts plaidant pour le d\u00e9veloppement de normes techniques, politiques publiques et lois respectueuses de l\u2019environnement. Nous nous assurons que la voix des organisations environnementales soit entendue lors du d\u00e9veloppement de celles-ci, et nous apportons notre expertise aux d\u00e9cideurs politiques et aux acteurs industriels pour promouvoir l\u2019application de principes environnementaux robustes.<\/em><\/p>\n\n\n\n<p><em>Bas\u00e9 en : Belgique<\/em><\/p>\n<\/div>\n<\/div>\n\n\n\n<div style=\"height:20px\" aria-hidden=\"true\" class=\"wp-block-spacer\"><\/div>\n\n\n\n<div class=\"wp-block-columns has-2-columns one-third-two-thirds is-layout-flex wp-container-core-columns-is-layout-9d6595d7 wp-block-columns-is-layout-flex\">\n<div class=\"wp-block-column is-layout-flow wp-block-column-is-layout-flow\">\n<div class=\"wp-block-image\"><figure class=\"alignleft\"><a href=\"https:\/\/eeb.org\/\" target=\"_blank\" rel=\"noreferrer noopener\"><img loading=\"lazy\" decoding=\"async\" width=\"300\" height=\"215\" src=\"https:\/\/test-repaireu.rstrt.org\/wp-content\/uploads\/2019\/09\/EEB-logo-on-white-blue-text-rgb.jpg\" alt=\"\" class=\"wp-image-474\"\/><\/a><\/figure><\/div>\n<\/div>\n\n\n\n<div class=\"wp-block-column is-layout-flow wp-block-column-is-layout-flow\">\n<p><em>Le Bureau Europ\u00e9en de l&rsquo;Environnement (EEB) est le plus important r\u00e9seau europ\u00e9en d&rsquo;organisations citoyennes environnementales avec pr\u00e8s de 150 membres dans 30 pays. <\/em><\/p>\n\n\n\n<p><em>Bas\u00e9 en: Belgique<\/em><\/p>\n<\/div>\n<\/div>\n\n\n\n<div style=\"height:20px\" aria-hidden=\"true\" class=\"wp-block-spacer\"><\/div>\n\n\n\n<div class=\"wp-block-columns has-2-columns one-third-two-thirds is-layout-flex wp-container-core-columns-is-layout-9d6595d7 wp-block-columns-is-layout-flex\">\n<div class=\"wp-block-column is-layout-flow wp-block-column-is-layout-flow\">\n<div class=\"wp-block-image\"><figure class=\"alignleft\"><a href=\"https:\/\/www.ifixit.com\/\" target=\"_blank\" rel=\"noreferrer noopener\"><img loading=\"lazy\" decoding=\"async\" width=\"300\" height=\"108\" src=\"https:\/\/test-repaireu.rstrt.org\/wp-content\/uploads\/2019\/09\/iFixit-logo.jpg\" alt=\"\" class=\"wp-image-475\"\/><\/a><\/figure><\/div>\n<\/div>\n\n\n\n<div class=\"wp-block-column is-layout-flow wp-block-column-is-layout-flow\">\n<p><em>iFixit Europe est le manuel en ligne gratuit et collaboratif de r\u00e9paration pour presque tous les objets. Avec pr\u00e8s de 50 000 manuels, nous permettons \u00e0 pr\u00e8s de 10 million de visiteurs par mois de r\u00e9parer leurs affaires. Notre mission est de leur rendre accessible la r\u00e9paration tout en \u00e9conomisant de l&rsquo;argent et en r\u00e9duisant la quantit\u00e9 de d\u00e9chets \u00e9lectroniques en route pour les d\u00e9charges.  <\/em><\/p>\n\n\n\n<p><em>Bas\u00e9 en : Allemagne<\/em><\/p>\n<\/div>\n<\/div>\n\n\n\n<div style=\"height:20px\" aria-hidden=\"true\" class=\"wp-block-spacer\"><\/div>\n\n\n\n<div class=\"wp-block-columns has-2-columns one-third-two-thirds is-layout-flex wp-container-core-columns-is-layout-9d6595d7 wp-block-columns-is-layout-flex\">\n<div class=\"wp-block-column is-layout-flow wp-block-column-is-layout-flow\">\n<div class=\"wp-block-image\"><figure class=\"alignleft\"><a href=\"https:\/\/runder-tisch-reparatur.de\/\" target=\"_blank\" rel=\"noreferrer noopener\"><img loading=\"lazy\" decoding=\"async\" width=\"300\" height=\"126\" src=\"https:\/\/test-repaireu.rstrt.org\/wp-content\/uploads\/2019\/09\/RTR1_300dpi.jpg\" alt=\"\" class=\"wp-image-476\"\/><\/a><\/figure><\/div>\n<\/div>\n\n\n\n<div class=\"wp-block-column is-layout-flow wp-block-column-is-layout-flow\">\n<p><em>Actifs depuis 2015, les membres de la table ronde pour la r\u00e9paration viennent du secteur de la r\u00e9paration, d&rsquo;organisations environnementales et de protection des consommateurs ainsi que d&rsquo;initiatives scientifiques et locales.<\/em> <em>Nous discutons du futur de la r\u00e9paration et comment soutenir le secteur ainsi que les consommateurs qui souhaitent des produits plus r\u00e9parables. <\/em><\/p>\n\n\n\n<p><em>Based in: Germany<\/em><\/p>\n<\/div>\n<\/div>\n\n\n\n<div style=\"height:20px\" aria-hidden=\"true\" class=\"wp-block-spacer\"><\/div>\n\n\n\n<div class=\"wp-block-columns has-2-columns one-third-two-thirds is-layout-flex wp-container-core-columns-is-layout-9d6595d7 wp-block-columns-is-layout-flex\">\n<div class=\"wp-block-column is-layout-flow wp-block-column-is-layout-flow\">\n<div class=\"wp-block-image\"><figure class=\"alignleft\"><a href=\"https:\/\/therestartproject.org\" target=\"_blank\" rel=\"noreferrer noopener\"><img loading=\"lazy\" decoding=\"async\" width=\"300\" height=\"108\" src=\"https:\/\/test-repaireu.rstrt.org\/wp-content\/uploads\/2019\/09\/restart.jpg\" alt=\"\" class=\"wp-image-477\"\/><\/a><\/figure><\/div>\n<\/div>\n\n\n\n<div class=\"wp-block-column is-layout-flow wp-block-column-is-layout-flow\">\n<p><em>Le Restart Project est une entreprise sociale dont le but est de r\u00e9parer notre relation avec les produits \u00e9lectroniques. Nous organisons r\u00e9guli\u00e8rement des  Restart Parties lors desquelles les participants s&rsquo;apprennent les uns les autres comment r\u00e9parer leurs appareils cass\u00e9s ou devenus lents. Nous utilisons \u00e9galement les donn\u00e9es et les t\u00e9moignages que nous collectons pour demander d&rsquo;avantage de produits \u00e9lectroniques durables pour tous<\/em>. <\/p>\n\n\n\n<p><em>Bas\u00e9 en: UK<\/em><\/p>\n<\/div>\n<\/div>\n\n\n\n<div class=\"wp-block-columns has-2-columns one-third-two-thirds is-layout-flex wp-container-core-columns-is-layout-9d6595d7 wp-block-columns-is-layout-flex\">\n<div class=\"wp-block-column is-layout-flow wp-block-column-is-layout-flow\">\n<div class=\"wp-block-image\"><figure class=\"alignleft size-large\"><img loading=\"lazy\" decoding=\"async\" width=\"300\" height=\"29\" src=\"https:\/\/test-repaireu.rstrt.org\/wp-content\/uploads\/2020\/02\/rsz_rs-logob1-1.jpg\" alt=\"\" class=\"wp-image-962\"\/><\/figure><\/div>\n<\/div>\n\n\n\n<div class=\"wp-block-column is-layout-flow wp-block-column-is-layout-flow\">\n<p><em>Repair &amp; Share est une initiative bas\u00e9e en Belgique et active dans la r\u00e9gion flamande du pays. Nous soutenons et connectons les projets li\u00e9s \u00e0 la r\u00e9paration et \u00e0 l&rsquo;\u00e9conomie circulaire et nous faisons campagne \u00e0 diff\u00e9rents niveaux politiques pour des produits plus durables et en faveur du droit \u00e0 la r\u00e9paration<\/em>.<\/p>\n\n\n\n<p><em>Bas\u00e9 en: <\/em>Belgique<\/p>\n<\/div>\n<\/div>\n\n\n\n<div style=\"height:30px\" aria-hidden=\"true\" class=\"wp-block-spacer\"><\/div>\n\n\n\n<h2 class=\"wp-block-heading\"><strong>Notre vision &amp; mission<\/strong><\/h2>\n\n\n\n<p><strong>A travers la campagne pour le droit \u00e0 la r\u00e9paration, nous souhaitons:<\/strong><\/p>\n\n\n\n<p><em>Rendre le droit \u00e0 la r\u00e9paration aussi normal et inclusif que possible, en: <\/em><\/p>\n\n\n\n<ul class=\"wp-block-list\"><li>Informant les citoyens et les consommateurs sur les opportunit\u00e9s et les barri\u00e8res li\u00e9es au droit \u00e0 la r\u00e9paration <\/li><li>Les impliquant dans la campagne et leur permettre de r\u00e9aliser que nous avons tous le pouvoir d\u2019effectuer des changements positifs pour la plan\u00e8te, et les communaut\u00e9s qui y vivent<\/li><\/ul>\n\n\n\n<p><em>Demander un droit \u00e0 la r\u00e9paration universel et des mesures politiques ambitieuses pour le mettre en place, en: <\/em><\/p>\n\n\n\n<ul class=\"wp-block-list\"><li>Demandant l\u2019acc\u00e8s aux informations li\u00e9es \u00e0 la r\u00e9paration ainsi qu\u2019aux pi\u00e8ces d\u00e9tach\u00e9es pour tout le monde, pas uniquement les professionnels<\/li><li>Mettant en lumi\u00e8re l\u2019urgence aupr\u00e8s des d\u00e9cideurs politiques, \u00e0 la fois Europ\u00e9en et nationaux, de la n\u00e9cessit\u00e9 d\u2019avoir des produits plus r\u00e9parables et durables<\/li><li>Obtenant un syst\u00e8me de labellisation europ\u00e9enne de la r\u00e9paration pour guider les consommateurs vers des produits durables et r\u00e9parables<\/li><li>Renfor\u00e7ant notre r\u00e9seau de soutiens \u00e0 la fois au niveau des \u00e9tats membres et des entreprises partenaires<\/li><li>Faisant la promotion de la r\u00e9paration au del\u00e0 de l\u2019Union Europ\u00e9enne pour acc\u00e9l\u00e9rer la transformation des march\u00e9s au niveau global<\/li><\/ul>\n\n\n\n<p><em>Augmenter la visibilit\u00e9 de la r\u00e9paration et int\u00e9grer le sujet dans d&rsquo;autres conversations telles que:<\/em><\/p>\n\n\n\n<ul class=\"wp-block-list\"><li>L&rsquo;att\u00e9nuation du changement climatique, la transition vers une \u00e9conomie circulaire, la justice environnementale, les in\u00e9galit\u00e9s socio-\u00e9conomique et les Objectifs de D\u00e9veloppement Durable <\/li><li> Lib\u00e9rer le potentiel de cr\u00e9ation d&#8217;emplois \u00ab\u00a0verts\u00a0\u00bb dans l&rsquo;\u00e9conomie sociale et conventionnelle <\/li><\/ul>\n\n\n\n<div style=\"height:30px\" aria-hidden=\"true\" class=\"wp-block-spacer\"><\/div>\n","protected":false},"excerpt":{"rendered":"<p>Qui sommes nous? Nous sommes une coalition d&rsquo;organisations Europ\u00e9ennes actives sur le sujet de la r\u00e9paration. Nous sommes bas\u00e9s dans plusieurs pays Europ\u00e9en et repr\u00e9sentons des groupes de r\u00e9paration b\u00e9n\u00e9voles, des acteurs de l&rsquo;\u00e9conomie sociale, l&rsquo;auto-r\u00e9paration et tous les citoyens qui souhaitent d\u00e9fendre leur droit \u00e0 la r\u00e9paration. Membres du groupe de pilotage ECOS est &hellip; <\/p>\n<p class=\"link-more\"><a href=\"https:\/\/test-repaireu.rstrt.org\/fr\/a-propos\/\" class=\"more-link\">Continuer la lecture <span class=\"screen-reader-text\"> \u00ab\u00a0A propos\u00a0\u00bb<\/span><\/a><\/p>\n","protected":false},"author":2,"featured_media":0,"parent":0,"menu_order":0,"comment_status":"closed","ping_status":"closed","template":"","meta":{"_acf_changed":false,"footnotes":""},"class_list":["post-472","page","type-page","status-publish","hentry","entry"],"acf":[],"yoast_head":"<!-- This site is optimized with the Yoast SEO plugin v24.9 - https:\/\/yoast.com\/wordpress\/plugins\/seo\/ -->\n<title>A propos - Right to Repair Europe<\/title>\n<meta name=\"description\" content=\"Nous sommes convaincus que nos produits doivent durer plus longtemps et \u00eatre r\u00e9parables. Nous demandons le droit \u00e0 la r\u00e9paration en Europe. Rejoignez nous!\" \/>\n<meta name=\"robots\" content=\"noindex, follow, max-snippet:-1, max-image-preview:large, max-video-preview:-1\" \/>\n<meta property=\"og:locale\" content=\"fr_FR\" \/>\n<meta property=\"og:type\" content=\"article\" \/>\n<meta property=\"og:title\" content=\"A propos - Right to Repair Europe\" \/>\n<meta property=\"og:description\" content=\"Nous sommes convaincus que nos produits doivent durer plus longtemps et \u00eatre r\u00e9parables. Nous demandons le droit \u00e0 la r\u00e9paration en Europe. Rejoignez nous!\" \/>\n<meta property=\"og:url\" content=\"https:\/\/test-repaireu.rstrt.org\/fr\/a-propos\/\" \/>\n<meta property=\"og:site_name\" content=\"Right to Repair Europe\" \/>\n<meta property=\"article:publisher\" content=\"https:\/\/www.facebook.com\/righttorepaireurope\/\" \/>\n<meta property=\"article:modified_time\" content=\"2021-03-17T08:52:40+00:00\" \/>\n<meta property=\"og:image\" content=\"https:\/\/test-repaireu.rstrt.org\/wp-content\/uploads\/2021\/03\/Logo-Vertical-Color.png\" \/>\n<meta name=\"twitter:card\" content=\"summary_large_image\" \/>\n<meta name=\"twitter:site\" content=\"@R2REurope\" \/>\n<meta name=\"twitter:label1\" content=\"Dur\u00e9e de lecture estim\u00e9e\" \/>\n\t<meta name=\"twitter:data1\" content=\"4 minutes\" \/>\n<script type=\"application\/ld+json\" class=\"yoast-schema-graph\">{\"@context\":\"https:\/\/schema.org\",\"@graph\":[{\"@type\":\"WebPage\",\"@id\":\"https:\/\/test-repaireu.rstrt.org\/fr\/a-propos\/\",\"url\":\"https:\/\/test-repaireu.rstrt.org\/fr\/a-propos\/\",\"name\":\"A propos - Right to Repair Europe\",\"isPartOf\":{\"@id\":\"https:\/\/test-repaireu.rstrt.org\/fr\/#website\"},\"primaryImageOfPage\":{\"@id\":\"https:\/\/test-repaireu.rstrt.org\/fr\/a-propos\/#primaryimage\"},\"image\":{\"@id\":\"https:\/\/test-repaireu.rstrt.org\/fr\/a-propos\/#primaryimage\"},\"thumbnailUrl\":\"https:\/\/test-repaireu.rstrt.org\/wp-content\/uploads\/2021\/03\/Logo-Vertical-Color.png\",\"datePublished\":\"2019-11-21T09:31:54+00:00\",\"dateModified\":\"2021-03-17T08:52:40+00:00\",\"description\":\"Nous sommes convaincus que nos produits doivent durer plus longtemps et \u00eatre r\u00e9parables. Nous demandons le droit \u00e0 la r\u00e9paration en Europe. Rejoignez nous!\",\"breadcrumb\":{\"@id\":\"https:\/\/test-repaireu.rstrt.org\/fr\/a-propos\/#breadcrumb\"},\"inLanguage\":\"fr-FR\",\"potentialAction\":[{\"@type\":\"ReadAction\",\"target\":[\"https:\/\/test-repaireu.rstrt.org\/fr\/a-propos\/\"]}]},{\"@type\":\"ImageObject\",\"inLanguage\":\"fr-FR\",\"@id\":\"https:\/\/test-repaireu.rstrt.org\/fr\/a-propos\/#primaryimage\",\"url\":\"https:\/\/test-repaireu.rstrt.org\/wp-content\/uploads\/2021\/03\/Logo-Vertical-Color.png\",\"contentUrl\":\"https:\/\/test-repaireu.rstrt.org\/wp-content\/uploads\/2021\/03\/Logo-Vertical-Color.png\"},{\"@type\":\"BreadcrumbList\",\"@id\":\"https:\/\/test-repaireu.rstrt.org\/fr\/a-propos\/#breadcrumb\",\"itemListElement\":[{\"@type\":\"ListItem\",\"position\":1,\"name\":\"Home\",\"item\":\"https:\/\/test-repaireu.rstrt.org\/fr\/\"},{\"@type\":\"ListItem\",\"position\":2,\"name\":\"A propos\"}]},{\"@type\":\"WebSite\",\"@id\":\"https:\/\/test-repaireu.rstrt.org\/fr\/#website\",\"url\":\"https:\/\/test-repaireu.rstrt.org\/fr\/\",\"name\":\"Right to Repair Europe\",\"description\":\"\",\"publisher\":{\"@id\":\"https:\/\/test-repaireu.rstrt.org\/fr\/#organization\"},\"potentialAction\":[{\"@type\":\"SearchAction\",\"target\":{\"@type\":\"EntryPoint\",\"urlTemplate\":\"https:\/\/test-repaireu.rstrt.org\/fr\/?s={search_term_string}\"},\"query-input\":{\"@type\":\"PropertyValueSpecification\",\"valueRequired\":true,\"valueName\":\"search_term_string\"}}],\"inLanguage\":\"fr-FR\"},{\"@type\":\"Organization\",\"@id\":\"https:\/\/test-repaireu.rstrt.org\/fr\/#organization\",\"name\":\"Right to Repair Europe\",\"url\":\"https:\/\/test-repaireu.rstrt.org\/fr\/\",\"logo\":{\"@type\":\"ImageObject\",\"inLanguage\":\"fr-FR\",\"@id\":\"https:\/\/test-repaireu.rstrt.org\/fr\/#\/schema\/logo\/image\/\",\"url\":\"https:\/\/test-repaireu.rstrt.org\/wp-content\/uploads\/2019\/09\/R2REurope.png\",\"contentUrl\":\"https:\/\/test-repaireu.rstrt.org\/wp-content\/uploads\/2019\/09\/R2REurope.png\",\"width\":320,\"height\":320,\"caption\":\"Right to Repair Europe\"},\"image\":{\"@id\":\"https:\/\/test-repaireu.rstrt.org\/fr\/#\/schema\/logo\/image\/\"},\"sameAs\":[\"https:\/\/www.facebook.com\/righttorepaireurope\/\",\"https:\/\/x.com\/R2REurope\",\"https:\/\/www.instagram.com\/R2REurope\/\"]}]}<\/script>\n<!-- \/ Yoast SEO plugin. -->","yoast_head_json":{"title":"A propos - Right to Repair Europe","description":"Nous sommes convaincus que nos produits doivent durer plus longtemps et \u00eatre r\u00e9parables. Nous demandons le droit \u00e0 la r\u00e9paration en Europe. Rejoignez nous!","robots":{"index":"noindex","follow":"follow","max-snippet":"max-snippet:-1","max-image-preview":"max-image-preview:large","max-video-preview":"max-video-preview:-1"},"og_locale":"fr_FR","og_type":"article","og_title":"A propos - Right to Repair Europe","og_description":"Nous sommes convaincus que nos produits doivent durer plus longtemps et \u00eatre r\u00e9parables. Nous demandons le droit \u00e0 la r\u00e9paration en Europe. Rejoignez nous!","og_url":"https:\/\/test-repaireu.rstrt.org\/fr\/a-propos\/","og_site_name":"Right to Repair Europe","article_publisher":"https:\/\/www.facebook.com\/righttorepaireurope\/","article_modified_time":"2021-03-17T08:52:40+00:00","og_image":[{"url":"https:\/\/test-repaireu.rstrt.org\/wp-content\/uploads\/2021\/03\/Logo-Vertical-Color.png","type":"","width":"","height":""}],"twitter_card":"summary_large_image","twitter_site":"@R2REurope","twitter_misc":{"Dur\u00e9e de lecture estim\u00e9e":"4 minutes"},"schema":{"@context":"https:\/\/schema.org","@graph":[{"@type":"WebPage","@id":"https:\/\/test-repaireu.rstrt.org\/fr\/a-propos\/","url":"https:\/\/test-repaireu.rstrt.org\/fr\/a-propos\/","name":"A propos - Right to Repair Europe","isPartOf":{"@id":"https:\/\/test-repaireu.rstrt.org\/fr\/#website"},"primaryImageOfPage":{"@id":"https:\/\/test-repaireu.rstrt.org\/fr\/a-propos\/#primaryimage"},"image":{"@id":"https:\/\/test-repaireu.rstrt.org\/fr\/a-propos\/#primaryimage"},"thumbnailUrl":"https:\/\/test-repaireu.rstrt.org\/wp-content\/uploads\/2021\/03\/Logo-Vertical-Color.png","datePublished":"2019-11-21T09:31:54+00:00","dateModified":"2021-03-17T08:52:40+00:00","description":"Nous sommes convaincus que nos produits doivent durer plus longtemps et \u00eatre r\u00e9parables. Nous demandons le droit \u00e0 la r\u00e9paration en Europe. Rejoignez nous!","breadcrumb":{"@id":"https:\/\/test-repaireu.rstrt.org\/fr\/a-propos\/#breadcrumb"},"inLanguage":"fr-FR","potentialAction":[{"@type":"ReadAction","target":["https:\/\/test-repaireu.rstrt.org\/fr\/a-propos\/"]}]},{"@type":"ImageObject","inLanguage":"fr-FR","@id":"https:\/\/test-repaireu.rstrt.org\/fr\/a-propos\/#primaryimage","url":"https:\/\/test-repaireu.rstrt.org\/wp-content\/uploads\/2021\/03\/Logo-Vertical-Color.png","contentUrl":"https:\/\/test-repaireu.rstrt.org\/wp-content\/uploads\/2021\/03\/Logo-Vertical-Color.png"},{"@type":"BreadcrumbList","@id":"https:\/\/test-repaireu.rstrt.org\/fr\/a-propos\/#breadcrumb","itemListElement":[{"@type":"ListItem","position":1,"name":"Home","item":"https:\/\/test-repaireu.rstrt.org\/fr\/"},{"@type":"ListItem","position":2,"name":"A propos"}]},{"@type":"WebSite","@id":"https:\/\/test-repaireu.rstrt.org\/fr\/#website","url":"https:\/\/test-repaireu.rstrt.org\/fr\/","name":"Right to Repair Europe","description":"","publisher":{"@id":"https:\/\/test-repaireu.rstrt.org\/fr\/#organization"},"potentialAction":[{"@type":"SearchAction","target":{"@type":"EntryPoint","urlTemplate":"https:\/\/test-repaireu.rstrt.org\/fr\/?s={search_term_string}"},"query-input":{"@type":"PropertyValueSpecification","valueRequired":true,"valueName":"search_term_string"}}],"inLanguage":"fr-FR"},{"@type":"Organization","@id":"https:\/\/test-repaireu.rstrt.org\/fr\/#organization","name":"Right to Repair Europe","url":"https:\/\/test-repaireu.rstrt.org\/fr\/","logo":{"@type":"ImageObject","inLanguage":"fr-FR","@id":"https:\/\/test-repaireu.rstrt.org\/fr\/#\/schema\/logo\/image\/","url":"https:\/\/test-repaireu.rstrt.org\/wp-content\/uploads\/2019\/09\/R2REurope.png","contentUrl":"https:\/\/test-repaireu.rstrt.org\/wp-content\/uploads\/2019\/09\/R2REurope.png","width":320,"height":320,"caption":"Right to Repair Europe"},"image":{"@id":"https:\/\/test-repaireu.rstrt.org\/fr\/#\/schema\/logo\/image\/"},"sameAs":["https:\/\/www.facebook.com\/righttorepaireurope\/","https:\/\/x.com\/R2REurope","https:\/\/www.instagram.com\/R2REurope\/"]}]}},"_links":{"self":[{"href":"https:\/\/test-repaireu.rstrt.org\/fr\/wp-json\/wp\/v2\/pages\/472","targetHints":{"allow":["GET"]}}],"collection":[{"href":"https:\/\/test-repaireu.rstrt.org\/fr\/wp-json\/wp\/v2\/pages"}],"about":[{"href":"https:\/\/test-repaireu.rstrt.org\/fr\/wp-json\/wp\/v2\/types\/page"}],"author":[{"embeddable":true,"href":"https:\/\/test-repaireu.rstrt.org\/fr\/wp-json\/wp\/v2\/users\/2"}],"replies":[{"embeddable":true,"href":"https:\/\/test-repaireu.rstrt.org\/fr\/wp-json\/wp\/v2\/comments?post=472"}],"version-history":[{"count":11,"href":"https:\/\/test-repaireu.rstrt.org\/fr\/wp-json\/wp\/v2\/pages\/472\/revisions"}],"predecessor-version":[{"id":2480,"href":"https:\/\/test-repaireu.rstrt.org\/fr\/wp-json\/wp\/v2\/pages\/472\/revisions\/2480"}],"wp:attachment":[{"href":"https:\/\/test-repaireu.rstrt.org\/fr\/wp-json\/wp\/v2\/media?parent=472"}],"curies":[{"name":"wp","href":"https:\/\/api.w.org\/{rel}","templated":true}]}}