{"id":1913,"date":"2020-10-27T15:56:54","date_gmt":"2020-10-27T14:56:54","guid":{"rendered":"https:\/\/test-repaireu.rstrt.org\/?page_id=1913"},"modified":"2020-10-27T15:56:56","modified_gmt":"2020-10-27T14:56:56","slug":"dona","status":"publish","type":"page","link":"https:\/\/test-repaireu.rstrt.org\/es\/dona\/","title":{"rendered":"Dona"},"content":{"rendered":"\n<h3 class=\"wp-block-heading\">Ayudala campa\u00f1a con una donaci\u00f3n<\/h3>\n\n\n\n<p>\u00a1Ay\u00fadanos a llevar el derecho a reparar a Europa! Tu donaci\u00f3n contribuir\u00e1 en nuestra lucha para hacer que todos los productos en el mercado europeo sean plenamente reparables. Lo podemos hacer, pero necesitamos tu ayuda.<\/p>\n\n\n\n<p>\u00bfRepresentas a una compa\u00f1\u00eda o a una organizaci\u00f3n dispuesta a apoyar a la campa\u00f1a? \u00bfNo tienes tarjeta de cr\u00e9dito y quieres hacer una donaci\u00f3n por transferencia bancaria? <a href=\"mailto:info@repair.eu\">Cont\u00e1ctanos<\/a><\/p>\n\n\n\n<p><\/p>\n\n\n\n<script src=\"https:\/\/actionnetwork.org\/widgets\/v3\/fundraising\/test-donate-to-right-to-repair-europe?format=js&amp;source=widget&amp;css=whitelabel&amp;style=full\"><\/script><div id=\"can-fundraising-area-test-donate-to-right-to-repair-europe\" style=\"width: 100%\"><!-- this div is the target for our HTML insertion --><\/div>\n\n\n\n<p><\/p>\n","protected":false},"excerpt":{"rendered":"<p>Ayudala campa\u00f1a con una donaci\u00f3n \u00a1Ay\u00fadanos a llevar el derecho a reparar a Europa! Tu donaci\u00f3n contribuir\u00e1 en nuestra lucha para hacer que todos los productos en el mercado europeo sean plenamente reparables. Lo podemos hacer, pero necesitamos tu ayuda. \u00bfRepresentas a una compa\u00f1\u00eda o a una organizaci\u00f3n dispuesta a apoyar a la campa\u00f1a? \u00bfNo &hellip; <\/p>\n<p class=\"link-more\"><a href=\"https:\/\/test-repaireu.rstrt.org\/es\/dona\/\" class=\"more-link\">Seguir leyendo<span class=\"screen-reader-text\"> \u00abDona\u00bb<\/span><\/a><\/p>\n","protected":false},"author":2,"featured_media":0,"parent":0,"menu_order":0,"comment_status":"closed","ping_status":"closed","template":"","meta":{"_acf_changed":false,"footnotes":""},"class_list":["post-1913","page","type-page","status-publish","hentry","entry"],"acf":[],"yoast_head":"<!-- This site is optimized with the Yoast SEO plugin v24.9 - https:\/\/yoast.com\/wordpress\/plugins\/seo\/ -->\n<title>Dona - Right to Repair Europe<\/title>\n<meta name=\"robots\" content=\"noindex, follow, max-snippet:-1, max-image-preview:large, max-video-preview:-1\" \/>\n<meta property=\"og:locale\" content=\"es_ES\" \/>\n<meta property=\"og:type\" content=\"article\" \/>\n<meta property=\"og:title\" content=\"Dona - Right to Repair Europe\" \/>\n<meta property=\"og:description\" content=\"Ayudala campa\u00f1a con una donaci\u00f3n \u00a1Ay\u00fadanos a llevar el derecho a reparar a Europa! Tu donaci\u00f3n contribuir\u00e1 en nuestra lucha para hacer que todos los productos en el mercado europeo sean plenamente reparables. Lo podemos hacer, pero necesitamos tu ayuda. \u00bfRepresentas a una compa\u00f1\u00eda o a una organizaci\u00f3n dispuesta a apoyar a la campa\u00f1a? \u00bfNo &hellip; Seguir leyendo \u00abDona\u00bb\" \/>\n<meta property=\"og:url\" content=\"https:\/\/test-repaireu.rstrt.org\/es\/dona\/\" \/>\n<meta property=\"og:site_name\" content=\"Right to Repair Europe\" \/>\n<meta property=\"article:publisher\" content=\"https:\/\/www.facebook.com\/righttorepaireurope\/\" \/>\n<meta property=\"article:modified_time\" content=\"2020-10-27T14:56:56+00:00\" \/>\n<meta property=\"og:image\" content=\"https:\/\/test-repaireu.rstrt.org\/wp-content\/uploads\/2019\/09\/R2RFacebookImage.png\" \/>\n\t<meta property=\"og:image:width\" content=\"1200\" \/>\n\t<meta property=\"og:image:height\" content=\"630\" \/>\n\t<meta property=\"og:image:type\" content=\"image\/png\" \/>\n<meta name=\"twitter:card\" content=\"summary_large_image\" \/>\n<meta name=\"twitter:site\" content=\"@R2REurope\" \/>\n<script type=\"application\/ld+json\" class=\"yoast-schema-graph\">{\"@context\":\"https:\/\/schema.org\",\"@graph\":[{\"@type\":\"WebPage\",\"@id\":\"https:\/\/test-repaireu.rstrt.org\/es\/dona\/\",\"url\":\"https:\/\/test-repaireu.rstrt.org\/es\/dona\/\",\"name\":\"Dona - Right to Repair Europe\",\"isPartOf\":{\"@id\":\"https:\/\/test-repaireu.rstrt.org\/es\/#website\"},\"datePublished\":\"2020-10-27T14:56:54+00:00\",\"dateModified\":\"2020-10-27T14:56:56+00:00\",\"breadcrumb\":{\"@id\":\"https:\/\/test-repaireu.rstrt.org\/es\/dona\/#breadcrumb\"},\"inLanguage\":\"es\",\"potentialAction\":[{\"@type\":\"ReadAction\",\"target\":[\"https:\/\/test-repaireu.rstrt.org\/es\/dona\/\"]}]},{\"@type\":\"BreadcrumbList\",\"@id\":\"https:\/\/test-repaireu.rstrt.org\/es\/dona\/#breadcrumb\",\"itemListElement\":[{\"@type\":\"ListItem\",\"position\":1,\"name\":\"Home\",\"item\":\"https:\/\/test-repaireu.rstrt.org\/es\/\"},{\"@type\":\"ListItem\",\"position\":2,\"name\":\"Dona\"}]},{\"@type\":\"WebSite\",\"@id\":\"https:\/\/test-repaireu.rstrt.org\/es\/#website\",\"url\":\"https:\/\/test-repaireu.rstrt.org\/es\/\",\"name\":\"Right to Repair Europe\",\"description\":\"\",\"publisher\":{\"@id\":\"https:\/\/test-repaireu.rstrt.org\/es\/#organization\"},\"potentialAction\":[{\"@type\":\"SearchAction\",\"target\":{\"@type\":\"EntryPoint\",\"urlTemplate\":\"https:\/\/test-repaireu.rstrt.org\/es\/?s={search_term_string}\"},\"query-input\":{\"@type\":\"PropertyValueSpecification\",\"valueRequired\":true,\"valueName\":\"search_term_string\"}}],\"inLanguage\":\"es\"},{\"@type\":\"Organization\",\"@id\":\"https:\/\/test-repaireu.rstrt.org\/es\/#organization\",\"name\":\"Right to Repair Europe\",\"url\":\"https:\/\/test-repaireu.rstrt.org\/es\/\",\"logo\":{\"@type\":\"ImageObject\",\"inLanguage\":\"es\",\"@id\":\"https:\/\/test-repaireu.rstrt.org\/es\/#\/schema\/logo\/image\/\",\"url\":\"https:\/\/test-repaireu.rstrt.org\/wp-content\/uploads\/2019\/09\/R2REurope.png\",\"contentUrl\":\"https:\/\/test-repaireu.rstrt.org\/wp-content\/uploads\/2019\/09\/R2REurope.png\",\"width\":320,\"height\":320,\"caption\":\"Right to Repair Europe\"},\"image\":{\"@id\":\"https:\/\/test-repaireu.rstrt.org\/es\/#\/schema\/logo\/image\/\"},\"sameAs\":[\"https:\/\/www.facebook.com\/righttorepaireurope\/\",\"https:\/\/x.com\/R2REurope\",\"https:\/\/www.instagram.com\/R2REurope\/\"]}]}<\/script>\n<!-- \/ Yoast SEO plugin. -->","yoast_head_json":{"title":"Dona - Right to Repair Europe","robots":{"index":"noindex","follow":"follow","max-snippet":"max-snippet:-1","max-image-preview":"max-image-preview:large","max-video-preview":"max-video-preview:-1"},"og_locale":"es_ES","og_type":"article","og_title":"Dona - Right to Repair Europe","og_description":"Ayudala campa\u00f1a con una donaci\u00f3n \u00a1Ay\u00fadanos a llevar el derecho a reparar a Europa! Tu donaci\u00f3n contribuir\u00e1 en nuestra lucha para hacer que todos los productos en el mercado europeo sean plenamente reparables. Lo podemos hacer, pero necesitamos tu ayuda. \u00bfRepresentas a una compa\u00f1\u00eda o a una organizaci\u00f3n dispuesta a apoyar a la campa\u00f1a? \u00bfNo &hellip; Seguir leyendo \u00abDona\u00bb","og_url":"https:\/\/test-repaireu.rstrt.org\/es\/dona\/","og_site_name":"Right to Repair Europe","article_publisher":"https:\/\/www.facebook.com\/righttorepaireurope\/","article_modified_time":"2020-10-27T14:56:56+00:00","og_image":[{"width":1200,"height":630,"url":"https:\/\/test-repaireu.rstrt.org\/wp-content\/uploads\/2019\/09\/R2RFacebookImage.png","type":"image\/png"}],"twitter_card":"summary_large_image","twitter_site":"@R2REurope","schema":{"@context":"https:\/\/schema.org","@graph":[{"@type":"WebPage","@id":"https:\/\/test-repaireu.rstrt.org\/es\/dona\/","url":"https:\/\/test-repaireu.rstrt.org\/es\/dona\/","name":"Dona - Right to Repair Europe","isPartOf":{"@id":"https:\/\/test-repaireu.rstrt.org\/es\/#website"},"datePublished":"2020-10-27T14:56:54+00:00","dateModified":"2020-10-27T14:56:56+00:00","breadcrumb":{"@id":"https:\/\/test-repaireu.rstrt.org\/es\/dona\/#breadcrumb"},"inLanguage":"es","potentialAction":[{"@type":"ReadAction","target":["https:\/\/test-repaireu.rstrt.org\/es\/dona\/"]}]},{"@type":"BreadcrumbList","@id":"https:\/\/test-repaireu.rstrt.org\/es\/dona\/#breadcrumb","itemListElement":[{"@type":"ListItem","position":1,"name":"Home","item":"https:\/\/test-repaireu.rstrt.org\/es\/"},{"@type":"ListItem","position":2,"name":"Dona"}]},{"@type":"WebSite","@id":"https:\/\/test-repaireu.rstrt.org\/es\/#website","url":"https:\/\/test-repaireu.rstrt.org\/es\/","name":"Right to Repair Europe","description":"","publisher":{"@id":"https:\/\/test-repaireu.rstrt.org\/es\/#organization"},"potentialAction":[{"@type":"SearchAction","target":{"@type":"EntryPoint","urlTemplate":"https:\/\/test-repaireu.rstrt.org\/es\/?s={search_term_string}"},"query-input":{"@type":"PropertyValueSpecification","valueRequired":true,"valueName":"search_term_string"}}],"inLanguage":"es"},{"@type":"Organization","@id":"https:\/\/test-repaireu.rstrt.org\/es\/#organization","name":"Right to Repair Europe","url":"https:\/\/test-repaireu.rstrt.org\/es\/","logo":{"@type":"ImageObject","inLanguage":"es","@id":"https:\/\/test-repaireu.rstrt.org\/es\/#\/schema\/logo\/image\/","url":"https:\/\/test-repaireu.rstrt.org\/wp-content\/uploads\/2019\/09\/R2REurope.png","contentUrl":"https:\/\/test-repaireu.rstrt.org\/wp-content\/uploads\/2019\/09\/R2REurope.png","width":320,"height":320,"caption":"Right to Repair Europe"},"image":{"@id":"https:\/\/test-repaireu.rstrt.org\/es\/#\/schema\/logo\/image\/"},"sameAs":["https:\/\/www.facebook.com\/righttorepaireurope\/","https:\/\/x.com\/R2REurope","https:\/\/www.instagram.com\/R2REurope\/"]}]}},"_links":{"self":[{"href":"https:\/\/test-repaireu.rstrt.org\/es\/wp-json\/wp\/v2\/pages\/1913","targetHints":{"allow":["GET"]}}],"collection":[{"href":"https:\/\/test-repaireu.rstrt.org\/es\/wp-json\/wp\/v2\/pages"}],"about":[{"href":"https:\/\/test-repaireu.rstrt.org\/es\/wp-json\/wp\/v2\/types\/page"}],"author":[{"embeddable":true,"href":"https:\/\/test-repaireu.rstrt.org\/es\/wp-json\/wp\/v2\/users\/2"}],"replies":[{"embeddable":true,"href":"https:\/\/test-repaireu.rstrt.org\/es\/wp-json\/wp\/v2\/comments?post=1913"}],"version-history":[{"count":1,"href":"https:\/\/test-repaireu.rstrt.org\/es\/wp-json\/wp\/v2\/pages\/1913\/revisions"}],"predecessor-version":[{"id":1914,"href":"https:\/\/test-repaireu.rstrt.org\/es\/wp-json\/wp\/v2\/pages\/1913\/revisions\/1914"}],"wp:attachment":[{"href":"https:\/\/test-repaireu.rstrt.org\/es\/wp-json\/wp\/v2\/media?parent=1913"}],"curies":[{"name":"wp","href":"https:\/\/api.w.org\/{rel}","templated":true}]}}