{"id":1909,"date":"2020-10-27T15:51:17","date_gmt":"2020-10-27T14:51:17","guid":{"rendered":"https:\/\/test-repaireu.rstrt.org\/?page_id=1909"},"modified":"2021-07-22T10:41:00","modified_gmt":"2021-07-22T08:41:00","slug":"unete-a-la-campana","status":"publish","type":"page","link":"https:\/\/test-repaireu.rstrt.org\/es\/unete-a-la-campana\/","title":{"rendered":"\u00danete a la campa\u00f1a"},"content":{"rendered":"\n<figure class=\"wp-block-image size-full\"><a href=\"https:\/\/test-repaireu.rstrt.org\/wp-content\/uploads\/2021\/07\/image.jpeg\"><img loading=\"lazy\" decoding=\"async\" width=\"2600\" height=\"1950\" src=\"https:\/\/test-repaireu.rstrt.org\/wp-content\/uploads\/2021\/07\/image.jpeg\" alt=\"\" class=\"wp-image-2975\" srcset=\"https:\/\/test-repaireu.rstrt.org\/wp-content\/uploads\/2021\/07\/image.jpeg 2600w, https:\/\/test-repaireu.rstrt.org\/wp-content\/uploads\/2021\/07\/image-300x225.jpeg 300w, https:\/\/test-repaireu.rstrt.org\/wp-content\/uploads\/2021\/07\/image-1024x768.jpeg 1024w, https:\/\/test-repaireu.rstrt.org\/wp-content\/uploads\/2021\/07\/image-768x576.jpeg 768w, https:\/\/test-repaireu.rstrt.org\/wp-content\/uploads\/2021\/07\/image-1536x1152.jpeg 1536w, https:\/\/test-repaireu.rstrt.org\/wp-content\/uploads\/2021\/07\/image-2048x1536.jpeg 2048w, https:\/\/test-repaireu.rstrt.org\/wp-content\/uploads\/2021\/07\/image-1300x975.jpeg 1300w, https:\/\/test-repaireu.rstrt.org\/wp-content\/uploads\/2021\/07\/image-1568x1176.jpeg 1568w\" sizes=\"auto, (max-width: 2600px) 100vw, 2600px\" \/><\/a><\/figure>\n\n\n\n<p><strong>\u00a1Muchas gracias por tu inter\u00e9s en formar parte de la campa\u00f1a europea por el derecho a la reparaci\u00f3n!<\/strong><\/p>\n\n\n\n<p>Ser miembro est\u00e1 abierto a grupos y organizaciones de toda Europa, que apoyen y se comprometan con la causa del Derecho a la Reparaci\u00f3n. Esto incluye, entre otros: organizaciones sin \u00e1nimo de lucro, redes de iniciativas comunitarias de reparaci\u00f3n o reparadores profesionales, iniciativas individuales de reparaci\u00f3n y caf\u00e9s de reparaci\u00f3n, instituciones acad\u00e9micas, empresas de reparaci\u00f3n y otras empresas, empresas de consultor\u00eda. Haga clic a continuaci\u00f3n para presentar su solicitud.<\/p>\n\n\n\n<div class=\"wp-block-buttons is-layout-flex wp-block-buttons-is-layout-flex\">\n<div class=\"wp-block-button\"><a class=\"wp-block-button__link has-dark-gray-color has-text-color has-background\" href=\"https:\/\/test-repaireu.rstrt.org\/es\/unete-a-la-campana-como-organizacion\/\" style=\"background-color:#ffcd00\" rel=\"https:\/\/test-repaireu.rstrt.org\/join-the-campaign-as-an-organisation\/\">\u00danete a la campa\u00f1a como organizaci\u00f3n<\/a><\/div>\n<\/div>\n\n\n\n<div class=\"wp-block-group\"><div class=\"wp-block-group__inner-container is-layout-flow wp-block-group-is-layout-flow\">\n<div class=\"wp-block-group make-one-col\"><div class=\"wp-block-group__inner-container is-layout-flow wp-block-group-is-layout-flow\">\n<div class=\"wp-block-group make-one-col\"><div class=\"wp-block-group__inner-container is-layout-flow wp-block-group-is-layout-flow\">\n<div class=\"wp-block-group\"><div class=\"wp-block-group__inner-container is-layout-flow wp-block-group-is-layout-flow\">\n<div class=\"wp-block-group make-one-col\"><div class=\"wp-block-group__inner-container is-layout-flow wp-block-group-is-layout-flow\">\n<div class=\"wp-block-group\"><div class=\"wp-block-group__inner-container is-layout-flow wp-block-group-is-layout-flow\">\n<div class=\"wp-block-group\"><div class=\"wp-block-group__inner-container is-layout-flow wp-block-group-is-layout-flow\">\n<div class=\"wp-block-group\"><div class=\"wp-block-group__inner-container is-layout-flow wp-block-group-is-layout-flow\">\n<div class=\"wp-block-group make-one-col\"><div class=\"wp-block-group__inner-container is-layout-flow wp-block-group-is-layout-flow\"><link href='https:\/\/actionnetwork.org\/css\/style-embed-whitelabel-v3.css' rel='stylesheet' type='text\/css' \/><script src='https:\/\/actionnetwork.org\/widgets\/v3\/form\/apuntate-al-movimiento-por-un-derecho-universal-a-reparar?format=js&source=widget&style=full'><\/script><div id='can-form-area-apuntate-al-movimiento-por-un-derecho-universal-a-reparar' style='width: 100%'><!-- this div is the target for our HTML insertion --><\/div>\n<\/div><\/div>\n<\/div><\/div>\n<\/div><\/div>\n<\/div><\/div>\n<\/div><\/div>\n<\/div><\/div>\n<\/div><\/div>\n<\/div><\/div>\n<\/div><\/div>\n","protected":false},"excerpt":{"rendered":"<p>\u00a1Muchas gracias por tu inter\u00e9s en formar parte de la campa\u00f1a europea por el derecho a la reparaci\u00f3n! Ser miembro est\u00e1 abierto a grupos y organizaciones de toda Europa, que apoyen y se comprometan con la causa del Derecho a la Reparaci\u00f3n. Esto incluye, entre otros: organizaciones sin \u00e1nimo de lucro, redes de iniciativas comunitarias &hellip; <\/p>\n<p class=\"link-more\"><a href=\"https:\/\/test-repaireu.rstrt.org\/es\/unete-a-la-campana\/\" class=\"more-link\">Seguir leyendo<span class=\"screen-reader-text\"> \u00ab\u00danete a la campa\u00f1a\u00bb<\/span><\/a><\/p>\n","protected":false},"author":2,"featured_media":0,"parent":0,"menu_order":0,"comment_status":"closed","ping_status":"closed","template":"","meta":{"_acf_changed":false,"footnotes":""},"class_list":["post-1909","page","type-page","status-publish","hentry","entry"],"acf":[],"yoast_head":"<!-- This site is optimized with the Yoast SEO plugin v24.9 - https:\/\/yoast.com\/wordpress\/plugins\/seo\/ -->\n<title>\u00danete a la campa\u00f1a - Right to Repair Europe<\/title>\n<meta name=\"robots\" content=\"noindex, follow, max-snippet:-1, max-image-preview:large, max-video-preview:-1\" \/>\n<meta property=\"og:locale\" content=\"es_ES\" \/>\n<meta property=\"og:type\" content=\"article\" \/>\n<meta property=\"og:title\" content=\"\u00danete a la campa\u00f1a - Right to Repair Europe\" \/>\n<meta property=\"og:description\" content=\"\u00a1Muchas gracias por tu inter\u00e9s en formar parte de la campa\u00f1a europea por el derecho a la reparaci\u00f3n! Ser miembro est\u00e1 abierto a grupos y organizaciones de toda Europa, que apoyen y se comprometan con la causa del Derecho a la Reparaci\u00f3n. Esto incluye, entre otros: organizaciones sin \u00e1nimo de lucro, redes de iniciativas comunitarias &hellip; Seguir leyendo \u00ab\u00danete a la campa\u00f1a\u00bb\" \/>\n<meta property=\"og:url\" content=\"https:\/\/test-repaireu.rstrt.org\/es\/unete-a-la-campana\/\" \/>\n<meta property=\"og:site_name\" content=\"Right to Repair Europe\" \/>\n<meta property=\"article:publisher\" content=\"https:\/\/www.facebook.com\/righttorepaireurope\/\" \/>\n<meta property=\"article:modified_time\" content=\"2021-07-22T08:41:00+00:00\" \/>\n<meta property=\"og:image\" content=\"https:\/\/test-repaireu.rstrt.org\/wp-content\/uploads\/2021\/07\/image.jpeg\" \/>\n<meta name=\"twitter:card\" content=\"summary_large_image\" \/>\n<meta name=\"twitter:site\" content=\"@R2REurope\" \/>\n<meta name=\"twitter:label1\" content=\"Tiempo de lectura\" \/>\n\t<meta name=\"twitter:data1\" content=\"1 minuto\" \/>\n<script type=\"application\/ld+json\" class=\"yoast-schema-graph\">{\"@context\":\"https:\/\/schema.org\",\"@graph\":[{\"@type\":\"WebPage\",\"@id\":\"https:\/\/test-repaireu.rstrt.org\/es\/unete-a-la-campana\/\",\"url\":\"https:\/\/test-repaireu.rstrt.org\/es\/unete-a-la-campana\/\",\"name\":\"\u00danete a la campa\u00f1a - Right to Repair Europe\",\"isPartOf\":{\"@id\":\"https:\/\/test-repaireu.rstrt.org\/es\/#website\"},\"primaryImageOfPage\":{\"@id\":\"https:\/\/test-repaireu.rstrt.org\/es\/unete-a-la-campana\/#primaryimage\"},\"image\":{\"@id\":\"https:\/\/test-repaireu.rstrt.org\/es\/unete-a-la-campana\/#primaryimage\"},\"thumbnailUrl\":\"https:\/\/test-repaireu.rstrt.org\/wp-content\/uploads\/2021\/07\/image.jpeg\",\"datePublished\":\"2020-10-27T14:51:17+00:00\",\"dateModified\":\"2021-07-22T08:41:00+00:00\",\"breadcrumb\":{\"@id\":\"https:\/\/test-repaireu.rstrt.org\/es\/unete-a-la-campana\/#breadcrumb\"},\"inLanguage\":\"es\",\"potentialAction\":[{\"@type\":\"ReadAction\",\"target\":[\"https:\/\/test-repaireu.rstrt.org\/es\/unete-a-la-campana\/\"]}]},{\"@type\":\"ImageObject\",\"inLanguage\":\"es\",\"@id\":\"https:\/\/test-repaireu.rstrt.org\/es\/unete-a-la-campana\/#primaryimage\",\"url\":\"https:\/\/test-repaireu.rstrt.org\/wp-content\/uploads\/2021\/07\/image.jpeg\",\"contentUrl\":\"https:\/\/test-repaireu.rstrt.org\/wp-content\/uploads\/2021\/07\/image.jpeg\"},{\"@type\":\"BreadcrumbList\",\"@id\":\"https:\/\/test-repaireu.rstrt.org\/es\/unete-a-la-campana\/#breadcrumb\",\"itemListElement\":[{\"@type\":\"ListItem\",\"position\":1,\"name\":\"Home\",\"item\":\"https:\/\/test-repaireu.rstrt.org\/es\/\"},{\"@type\":\"ListItem\",\"position\":2,\"name\":\"\u00danete a la campa\u00f1a\"}]},{\"@type\":\"WebSite\",\"@id\":\"https:\/\/test-repaireu.rstrt.org\/es\/#website\",\"url\":\"https:\/\/test-repaireu.rstrt.org\/es\/\",\"name\":\"Right to Repair Europe\",\"description\":\"\",\"publisher\":{\"@id\":\"https:\/\/test-repaireu.rstrt.org\/es\/#organization\"},\"potentialAction\":[{\"@type\":\"SearchAction\",\"target\":{\"@type\":\"EntryPoint\",\"urlTemplate\":\"https:\/\/test-repaireu.rstrt.org\/es\/?s={search_term_string}\"},\"query-input\":{\"@type\":\"PropertyValueSpecification\",\"valueRequired\":true,\"valueName\":\"search_term_string\"}}],\"inLanguage\":\"es\"},{\"@type\":\"Organization\",\"@id\":\"https:\/\/test-repaireu.rstrt.org\/es\/#organization\",\"name\":\"Right to Repair Europe\",\"url\":\"https:\/\/test-repaireu.rstrt.org\/es\/\",\"logo\":{\"@type\":\"ImageObject\",\"inLanguage\":\"es\",\"@id\":\"https:\/\/test-repaireu.rstrt.org\/es\/#\/schema\/logo\/image\/\",\"url\":\"https:\/\/test-repaireu.rstrt.org\/wp-content\/uploads\/2019\/09\/R2REurope.png\",\"contentUrl\":\"https:\/\/test-repaireu.rstrt.org\/wp-content\/uploads\/2019\/09\/R2REurope.png\",\"width\":320,\"height\":320,\"caption\":\"Right to Repair Europe\"},\"image\":{\"@id\":\"https:\/\/test-repaireu.rstrt.org\/es\/#\/schema\/logo\/image\/\"},\"sameAs\":[\"https:\/\/www.facebook.com\/righttorepaireurope\/\",\"https:\/\/x.com\/R2REurope\",\"https:\/\/www.instagram.com\/R2REurope\/\"]}]}<\/script>\n<!-- \/ Yoast SEO plugin. -->","yoast_head_json":{"title":"\u00danete a la campa\u00f1a - Right to Repair Europe","robots":{"index":"noindex","follow":"follow","max-snippet":"max-snippet:-1","max-image-preview":"max-image-preview:large","max-video-preview":"max-video-preview:-1"},"og_locale":"es_ES","og_type":"article","og_title":"\u00danete a la campa\u00f1a - Right to Repair Europe","og_description":"\u00a1Muchas gracias por tu inter\u00e9s en formar parte de la campa\u00f1a europea por el derecho a la reparaci\u00f3n! Ser miembro est\u00e1 abierto a grupos y organizaciones de toda Europa, que apoyen y se comprometan con la causa del Derecho a la Reparaci\u00f3n. Esto incluye, entre otros: organizaciones sin \u00e1nimo de lucro, redes de iniciativas comunitarias &hellip; Seguir leyendo \u00ab\u00danete a la campa\u00f1a\u00bb","og_url":"https:\/\/test-repaireu.rstrt.org\/es\/unete-a-la-campana\/","og_site_name":"Right to Repair Europe","article_publisher":"https:\/\/www.facebook.com\/righttorepaireurope\/","article_modified_time":"2021-07-22T08:41:00+00:00","og_image":[{"url":"https:\/\/test-repaireu.rstrt.org\/wp-content\/uploads\/2021\/07\/image.jpeg","type":"","width":"","height":""}],"twitter_card":"summary_large_image","twitter_site":"@R2REurope","twitter_misc":{"Tiempo de lectura":"1 minuto"},"schema":{"@context":"https:\/\/schema.org","@graph":[{"@type":"WebPage","@id":"https:\/\/test-repaireu.rstrt.org\/es\/unete-a-la-campana\/","url":"https:\/\/test-repaireu.rstrt.org\/es\/unete-a-la-campana\/","name":"\u00danete a la campa\u00f1a - Right to Repair Europe","isPartOf":{"@id":"https:\/\/test-repaireu.rstrt.org\/es\/#website"},"primaryImageOfPage":{"@id":"https:\/\/test-repaireu.rstrt.org\/es\/unete-a-la-campana\/#primaryimage"},"image":{"@id":"https:\/\/test-repaireu.rstrt.org\/es\/unete-a-la-campana\/#primaryimage"},"thumbnailUrl":"https:\/\/test-repaireu.rstrt.org\/wp-content\/uploads\/2021\/07\/image.jpeg","datePublished":"2020-10-27T14:51:17+00:00","dateModified":"2021-07-22T08:41:00+00:00","breadcrumb":{"@id":"https:\/\/test-repaireu.rstrt.org\/es\/unete-a-la-campana\/#breadcrumb"},"inLanguage":"es","potentialAction":[{"@type":"ReadAction","target":["https:\/\/test-repaireu.rstrt.org\/es\/unete-a-la-campana\/"]}]},{"@type":"ImageObject","inLanguage":"es","@id":"https:\/\/test-repaireu.rstrt.org\/es\/unete-a-la-campana\/#primaryimage","url":"https:\/\/test-repaireu.rstrt.org\/wp-content\/uploads\/2021\/07\/image.jpeg","contentUrl":"https:\/\/test-repaireu.rstrt.org\/wp-content\/uploads\/2021\/07\/image.jpeg"},{"@type":"BreadcrumbList","@id":"https:\/\/test-repaireu.rstrt.org\/es\/unete-a-la-campana\/#breadcrumb","itemListElement":[{"@type":"ListItem","position":1,"name":"Home","item":"https:\/\/test-repaireu.rstrt.org\/es\/"},{"@type":"ListItem","position":2,"name":"\u00danete a la campa\u00f1a"}]},{"@type":"WebSite","@id":"https:\/\/test-repaireu.rstrt.org\/es\/#website","url":"https:\/\/test-repaireu.rstrt.org\/es\/","name":"Right to Repair Europe","description":"","publisher":{"@id":"https:\/\/test-repaireu.rstrt.org\/es\/#organization"},"potentialAction":[{"@type":"SearchAction","target":{"@type":"EntryPoint","urlTemplate":"https:\/\/test-repaireu.rstrt.org\/es\/?s={search_term_string}"},"query-input":{"@type":"PropertyValueSpecification","valueRequired":true,"valueName":"search_term_string"}}],"inLanguage":"es"},{"@type":"Organization","@id":"https:\/\/test-repaireu.rstrt.org\/es\/#organization","name":"Right to Repair Europe","url":"https:\/\/test-repaireu.rstrt.org\/es\/","logo":{"@type":"ImageObject","inLanguage":"es","@id":"https:\/\/test-repaireu.rstrt.org\/es\/#\/schema\/logo\/image\/","url":"https:\/\/test-repaireu.rstrt.org\/wp-content\/uploads\/2019\/09\/R2REurope.png","contentUrl":"https:\/\/test-repaireu.rstrt.org\/wp-content\/uploads\/2019\/09\/R2REurope.png","width":320,"height":320,"caption":"Right to Repair Europe"},"image":{"@id":"https:\/\/test-repaireu.rstrt.org\/es\/#\/schema\/logo\/image\/"},"sameAs":["https:\/\/www.facebook.com\/righttorepaireurope\/","https:\/\/x.com\/R2REurope","https:\/\/www.instagram.com\/R2REurope\/"]}]}},"_links":{"self":[{"href":"https:\/\/test-repaireu.rstrt.org\/es\/wp-json\/wp\/v2\/pages\/1909","targetHints":{"allow":["GET"]}}],"collection":[{"href":"https:\/\/test-repaireu.rstrt.org\/es\/wp-json\/wp\/v2\/pages"}],"about":[{"href":"https:\/\/test-repaireu.rstrt.org\/es\/wp-json\/wp\/v2\/types\/page"}],"author":[{"embeddable":true,"href":"https:\/\/test-repaireu.rstrt.org\/es\/wp-json\/wp\/v2\/users\/2"}],"replies":[{"embeddable":true,"href":"https:\/\/test-repaireu.rstrt.org\/es\/wp-json\/wp\/v2\/comments?post=1909"}],"version-history":[{"count":4,"href":"https:\/\/test-repaireu.rstrt.org\/es\/wp-json\/wp\/v2\/pages\/1909\/revisions"}],"predecessor-version":[{"id":2981,"href":"https:\/\/test-repaireu.rstrt.org\/es\/wp-json\/wp\/v2\/pages\/1909\/revisions\/2981"}],"wp:attachment":[{"href":"https:\/\/test-repaireu.rstrt.org\/es\/wp-json\/wp\/v2\/media?parent=1909"}],"curies":[{"name":"wp","href":"https:\/\/api.w.org\/{rel}","templated":true}]}}