{"id":1907,"date":"2020-10-27T15:36:11","date_gmt":"2020-10-27T14:36:11","guid":{"rendered":"https:\/\/test-repaireu.rstrt.org\/?page_id=1907"},"modified":"2020-10-27T15:36:13","modified_gmt":"2020-10-27T14:36:13","slug":"preguntas-frecuentes","status":"publish","type":"page","link":"https:\/\/test-repaireu.rstrt.org\/es\/preguntas-frecuentes\/","title":{"rendered":"Preguntas frecuentes"},"content":{"rendered":"\n<div class=\"schema-faq wp-block-yoast-faq-block\"><div class=\"schema-faq-section\" id=\"faq-question-1571045729107\"><strong class=\"schema-faq-question\">\u00bfPor qu\u00e9 es mejor arreglar un producto electr\u00f3nico que comprar uno nuevo?<\/strong> <p class=\"schema-faq-answer\">Los productos electr\u00f3nicos tienen una huella ecol\u00f3gica muy grande: para fabricarlos, se necesitan materias primas preciadas y grandes cantidades de energ\u00eda. Cuando se tiran estos productos, se pierde toda esta energ\u00eda y muchos materiales, ya que solo se puede reciclar una parte muy peque\u00f1a. Por eso, alargar la vida \u00fatil de los productos el\u00e9ctricos y electr\u00f3nicos mediante la reparaci\u00f3n es la manera m\u00e1seficiente de reducir la huella ecol\u00f3gica.<br\/><br\/>You can  read more about this here (<a rel=\"noreferrer noopener\" href=\"https:\/\/eeb.org\/library\/coolproducts-report\/\" target=\"_blank\">https:\/\/eeb.org\/library\/coolproducts-report\/<\/a>).<\/p> <\/div> <div class=\"schema-faq-section\" id=\"faq-question-1571045937335\"><strong class=\"schema-faq-question\">A veces sale m\u00e1s caro reparar un producto que comprar uno nuevo. \u00bfPor qu\u00e9?<\/strong> <p class=\"schema-faq-answer\">La mayor parte de nuestros productos el\u00e9ctricos y electr\u00f3nicos se fabrican en masa en pa\u00edses donde los sueldos son bajos y los da\u00f1os medioambientales o sociales de la fabricaci\u00f3n no repercuten en el precio. Por lo tanto, estos productos a menudo son muy baratos. En cambio, la reparaci\u00f3n requiere una diagnosis individualizada y la mano de obra de una personat\u00e9cnicaexperimentada. Adem\u00e1s, las normas sociales y medioambientales encarecen la mano de obra en la UE. Finalmente, el dise\u00f1o de los productos a menudo dificulta y retrasala reparaci\u00f3n, y a veces las piezas de repuesto son innecesariamente caras por el monopolio quetiene sobre ellas la empresafabricante.<\/p> <\/div> <div class=\"schema-faq-section\" id=\"faq-question-1571045943270\"><strong class=\"schema-faq-question\">\u00bfNo tenemos ya el derecho a reparar nuestras cosas?<\/strong> <p class=\"schema-faq-answer\">Aunque evidentemente, no es ilegal que arregles un producto que te pertenece; nohay ning\u00fan marco legal que garantice que lo puedas hacer. Por ejemplo, no siempre tienes derecho a las instrucciones de reparaci\u00f3n, las piezas de repuesto o las herramientas especializadas que se necesitan para arreglar un producto. Tu derecho a reparar acaba donde empieza el derecho dequien fabrica losproductosy los haceirreparables.<\/p> <\/div> <div class=\"schema-faq-section\" id=\"faq-question-1571045948675\"><strong class=\"schema-faq-question\">\u00bfPor qu\u00e9 necesitamos leyes para garantizar el derecho a reparar?<\/strong> <p class=\"schema-faq-answer\">No podemos esperar que el mercado ponga remedio a este problema. Si a las empresasles es m\u00e1s rentable vender productos nuevos que facilitar las reparaciones, solo la legislaci\u00f3n puede garantizar que los fabricantes hagan posible la reparaci\u00f3n de nuestros productosoque los reparemos nosotrosmismos, poniendo las herramientas y la informaci\u00f3n necesarias enmanos del p\u00fablico.<\/p> <\/div> <div class=\"schema-faq-section\" id=\"faq-question-1571045958150\"><strong class=\"schema-faq-question\">\u00bfQu\u00e9 es la obsolescencia programada?<\/strong> <p class=\"schema-faq-answer\">Cuando unaempresatoma decisiones de dise\u00f1o y de fabricaci\u00f3n que limitan intencionadamente la vida \u00fatil de un producto,lo llamamos \u00abobsolescencia programada\u00bb.<br\/><br\/><br\/>Esto no necesariamente quiere decir que el producto est\u00e9 dise\u00f1ado para estropearse al cabode un tiempo determinado. Si el fabricantedise\u00f1a un producto que no se puede desmontar o decide no crear piezas de repuesto, instrucciones de reparaci\u00f3n o actualizaciones de software,est\u00e1n limitandoexpresamente la vida \u00fatil del producto-el productose hace obsoleto debido a la decisi\u00f3n del fabricante de no facilitar suuso prolongado.<\/p> <\/div> <\/div>\n","protected":false},"excerpt":{"rendered":"","protected":false},"author":2,"featured_media":0,"parent":0,"menu_order":0,"comment_status":"closed","ping_status":"closed","template":"","meta":{"_acf_changed":false,"footnotes":""},"class_list":["post-1907","page","type-page","status-publish","hentry","entry"],"acf":[],"yoast_head":"<!-- This site is optimized with the Yoast SEO plugin v24.9 - https:\/\/yoast.com\/wordpress\/plugins\/seo\/ -->\n<title>Preguntas frecuentes - Right to Repair Europe<\/title>\n<meta name=\"robots\" content=\"noindex, follow, max-snippet:-1, max-image-preview:large, max-video-preview:-1\" \/>\n<meta property=\"og:locale\" content=\"es_ES\" \/>\n<meta property=\"og:type\" content=\"article\" \/>\n<meta property=\"og:title\" content=\"Preguntas frecuentes - Right to Repair Europe\" \/>\n<meta property=\"og:url\" content=\"https:\/\/test-repaireu.rstrt.org\/es\/preguntas-frecuentes\/\" \/>\n<meta property=\"og:site_name\" content=\"Right to Repair Europe\" \/>\n<meta property=\"article:publisher\" content=\"https:\/\/www.facebook.com\/righttorepaireurope\/\" \/>\n<meta property=\"article:modified_time\" content=\"2020-10-27T14:36:13+00:00\" \/>\n<meta property=\"og:image\" content=\"https:\/\/test-repaireu.rstrt.org\/wp-content\/uploads\/2019\/09\/R2RFacebookImage.png\" \/>\n\t<meta property=\"og:image:width\" content=\"1200\" \/>\n\t<meta property=\"og:image:height\" content=\"630\" \/>\n\t<meta property=\"og:image:type\" content=\"image\/png\" \/>\n<meta name=\"twitter:card\" content=\"summary_large_image\" \/>\n<meta name=\"twitter:site\" content=\"@R2REurope\" \/>\n<meta name=\"twitter:label1\" content=\"Tiempo de lectura\" \/>\n\t<meta name=\"twitter:data1\" content=\"2 minutos\" \/>\n<script type=\"application\/ld+json\" class=\"yoast-schema-graph\">{\"@context\":\"https:\/\/schema.org\",\"@graph\":[{\"@type\":[\"WebPage\",\"FAQPage\"],\"@id\":\"https:\/\/test-repaireu.rstrt.org\/es\/preguntas-frecuentes\/\",\"url\":\"https:\/\/test-repaireu.rstrt.org\/es\/preguntas-frecuentes\/\",\"name\":\"Preguntas frecuentes - Right to Repair Europe\",\"isPartOf\":{\"@id\":\"https:\/\/test-repaireu.rstrt.org\/es\/#website\"},\"datePublished\":\"2020-10-27T14:36:11+00:00\",\"dateModified\":\"2020-10-27T14:36:13+00:00\",\"breadcrumb\":{\"@id\":\"https:\/\/test-repaireu.rstrt.org\/es\/preguntas-frecuentes\/#breadcrumb\"},\"mainEntity\":[{\"@id\":\"https:\/\/test-repaireu.rstrt.org\/es\/preguntas-frecuentes\/#faq-question-1571045729107\"},{\"@id\":\"https:\/\/test-repaireu.rstrt.org\/es\/preguntas-frecuentes\/#faq-question-1571045937335\"},{\"@id\":\"https:\/\/test-repaireu.rstrt.org\/es\/preguntas-frecuentes\/#faq-question-1571045943270\"},{\"@id\":\"https:\/\/test-repaireu.rstrt.org\/es\/preguntas-frecuentes\/#faq-question-1571045948675\"},{\"@id\":\"https:\/\/test-repaireu.rstrt.org\/es\/preguntas-frecuentes\/#faq-question-1571045958150\"}],\"inLanguage\":\"es\",\"potentialAction\":[{\"@type\":\"ReadAction\",\"target\":[\"https:\/\/test-repaireu.rstrt.org\/es\/preguntas-frecuentes\/\"]}]},{\"@type\":\"BreadcrumbList\",\"@id\":\"https:\/\/test-repaireu.rstrt.org\/es\/preguntas-frecuentes\/#breadcrumb\",\"itemListElement\":[{\"@type\":\"ListItem\",\"position\":1,\"name\":\"Home\",\"item\":\"https:\/\/test-repaireu.rstrt.org\/es\/\"},{\"@type\":\"ListItem\",\"position\":2,\"name\":\"Preguntas frecuentes\"}]},{\"@type\":\"WebSite\",\"@id\":\"https:\/\/test-repaireu.rstrt.org\/es\/#website\",\"url\":\"https:\/\/test-repaireu.rstrt.org\/es\/\",\"name\":\"Right to Repair Europe\",\"description\":\"\",\"publisher\":{\"@id\":\"https:\/\/test-repaireu.rstrt.org\/es\/#organization\"},\"potentialAction\":[{\"@type\":\"SearchAction\",\"target\":{\"@type\":\"EntryPoint\",\"urlTemplate\":\"https:\/\/test-repaireu.rstrt.org\/es\/?s={search_term_string}\"},\"query-input\":{\"@type\":\"PropertyValueSpecification\",\"valueRequired\":true,\"valueName\":\"search_term_string\"}}],\"inLanguage\":\"es\"},{\"@type\":\"Organization\",\"@id\":\"https:\/\/test-repaireu.rstrt.org\/es\/#organization\",\"name\":\"Right to Repair Europe\",\"url\":\"https:\/\/test-repaireu.rstrt.org\/es\/\",\"logo\":{\"@type\":\"ImageObject\",\"inLanguage\":\"es\",\"@id\":\"https:\/\/test-repaireu.rstrt.org\/es\/#\/schema\/logo\/image\/\",\"url\":\"https:\/\/test-repaireu.rstrt.org\/wp-content\/uploads\/2019\/09\/R2REurope.png\",\"contentUrl\":\"https:\/\/test-repaireu.rstrt.org\/wp-content\/uploads\/2019\/09\/R2REurope.png\",\"width\":320,\"height\":320,\"caption\":\"Right to Repair Europe\"},\"image\":{\"@id\":\"https:\/\/test-repaireu.rstrt.org\/es\/#\/schema\/logo\/image\/\"},\"sameAs\":[\"https:\/\/www.facebook.com\/righttorepaireurope\/\",\"https:\/\/x.com\/R2REurope\",\"https:\/\/www.instagram.com\/R2REurope\/\"]},{\"@type\":\"Question\",\"@id\":\"https:\/\/test-repaireu.rstrt.org\/es\/preguntas-frecuentes\/#faq-question-1571045729107\",\"position\":1,\"url\":\"https:\/\/test-repaireu.rstrt.org\/es\/preguntas-frecuentes\/#faq-question-1571045729107\",\"name\":\"\u00bfPor qu\u00e9 es mejor arreglar un producto electr\u00f3nico que comprar uno nuevo?\",\"answerCount\":1,\"acceptedAnswer\":{\"@type\":\"Answer\",\"text\":\"Los productos electr\u00f3nicos tienen una huella ecol\u00f3gica muy grande: para fabricarlos, se necesitan materias primas preciadas y grandes cantidades de energ\u00eda. Cuando se tiran estos productos, se pierde toda esta energ\u00eda y muchos materiales, ya que solo se puede reciclar una parte muy peque\u00f1a. Por eso, alargar la vida \u00fatil de los productos el\u00e9ctricos y electr\u00f3nicos mediante la reparaci\u00f3n es la manera m\u00e1seficiente de reducir la huella ecol\u00f3gica.<br\/><br\/>You can  read more about this here (<a rel=\\\"noreferrer noopener\\\" href=\\\"https:\/\/eeb.org\/library\/coolproducts-report\/\\\" target=\\\"_blank\\\">https:\/\/eeb.org\/library\/coolproducts-report\/<\/a>).\",\"inLanguage\":\"es\"},\"inLanguage\":\"es\"},{\"@type\":\"Question\",\"@id\":\"https:\/\/test-repaireu.rstrt.org\/es\/preguntas-frecuentes\/#faq-question-1571045937335\",\"position\":2,\"url\":\"https:\/\/test-repaireu.rstrt.org\/es\/preguntas-frecuentes\/#faq-question-1571045937335\",\"name\":\"A veces sale m\u00e1s caro reparar un producto que comprar uno nuevo. \u00bfPor qu\u00e9?\",\"answerCount\":1,\"acceptedAnswer\":{\"@type\":\"Answer\",\"text\":\"La mayor parte de nuestros productos el\u00e9ctricos y electr\u00f3nicos se fabrican en masa en pa\u00edses donde los sueldos son bajos y los da\u00f1os medioambientales o sociales de la fabricaci\u00f3n no repercuten en el precio. Por lo tanto, estos productos a menudo son muy baratos. En cambio, la reparaci\u00f3n requiere una diagnosis individualizada y la mano de obra de una personat\u00e9cnicaexperimentada. Adem\u00e1s, las normas sociales y medioambientales encarecen la mano de obra en la UE. Finalmente, el dise\u00f1o de los productos a menudo dificulta y retrasala reparaci\u00f3n, y a veces las piezas de repuesto son innecesariamente caras por el monopolio quetiene sobre ellas la empresafabricante.\",\"inLanguage\":\"es\"},\"inLanguage\":\"es\"},{\"@type\":\"Question\",\"@id\":\"https:\/\/test-repaireu.rstrt.org\/es\/preguntas-frecuentes\/#faq-question-1571045943270\",\"position\":3,\"url\":\"https:\/\/test-repaireu.rstrt.org\/es\/preguntas-frecuentes\/#faq-question-1571045943270\",\"name\":\"\u00bfNo tenemos ya el derecho a reparar nuestras cosas?\",\"answerCount\":1,\"acceptedAnswer\":{\"@type\":\"Answer\",\"text\":\"Aunque evidentemente, no es ilegal que arregles un producto que te pertenece; nohay ning\u00fan marco legal que garantice que lo puedas hacer. Por ejemplo, no siempre tienes derecho a las instrucciones de reparaci\u00f3n, las piezas de repuesto o las herramientas especializadas que se necesitan para arreglar un producto. Tu derecho a reparar acaba donde empieza el derecho dequien fabrica losproductosy los haceirreparables.\",\"inLanguage\":\"es\"},\"inLanguage\":\"es\"},{\"@type\":\"Question\",\"@id\":\"https:\/\/test-repaireu.rstrt.org\/es\/preguntas-frecuentes\/#faq-question-1571045948675\",\"position\":4,\"url\":\"https:\/\/test-repaireu.rstrt.org\/es\/preguntas-frecuentes\/#faq-question-1571045948675\",\"name\":\"\u00bfPor qu\u00e9 necesitamos leyes para garantizar el derecho a reparar?\",\"answerCount\":1,\"acceptedAnswer\":{\"@type\":\"Answer\",\"text\":\"No podemos esperar que el mercado ponga remedio a este problema. Si a las empresasles es m\u00e1s rentable vender productos nuevos que facilitar las reparaciones, solo la legislaci\u00f3n puede garantizar que los fabricantes hagan posible la reparaci\u00f3n de nuestros productosoque los reparemos nosotrosmismos, poniendo las herramientas y la informaci\u00f3n necesarias enmanos del p\u00fablico.\",\"inLanguage\":\"es\"},\"inLanguage\":\"es\"},{\"@type\":\"Question\",\"@id\":\"https:\/\/test-repaireu.rstrt.org\/es\/preguntas-frecuentes\/#faq-question-1571045958150\",\"position\":5,\"url\":\"https:\/\/test-repaireu.rstrt.org\/es\/preguntas-frecuentes\/#faq-question-1571045958150\",\"name\":\"\u00bfQu\u00e9 es la obsolescencia programada?\",\"answerCount\":1,\"acceptedAnswer\":{\"@type\":\"Answer\",\"text\":\"Cuando unaempresatoma decisiones de dise\u00f1o y de fabricaci\u00f3n que limitan intencionadamente la vida \u00fatil de un producto,lo llamamos \u00abobsolescencia programada\u00bb.<br\/><br\/><br\/>Esto no necesariamente quiere decir que el producto est\u00e9 dise\u00f1ado para estropearse al cabode un tiempo determinado. Si el fabricantedise\u00f1a un producto que no se puede desmontar o decide no crear piezas de repuesto, instrucciones de reparaci\u00f3n o actualizaciones de software,est\u00e1n limitandoexpresamente la vida \u00fatil del producto-el productose hace obsoleto debido a la decisi\u00f3n del fabricante de no facilitar suuso prolongado.\",\"inLanguage\":\"es\"},\"inLanguage\":\"es\"}]}<\/script>\n<!-- \/ Yoast SEO plugin. -->","yoast_head_json":{"title":"Preguntas frecuentes - Right to Repair Europe","robots":{"index":"noindex","follow":"follow","max-snippet":"max-snippet:-1","max-image-preview":"max-image-preview:large","max-video-preview":"max-video-preview:-1"},"og_locale":"es_ES","og_type":"article","og_title":"Preguntas frecuentes - Right to Repair Europe","og_url":"https:\/\/test-repaireu.rstrt.org\/es\/preguntas-frecuentes\/","og_site_name":"Right to Repair Europe","article_publisher":"https:\/\/www.facebook.com\/righttorepaireurope\/","article_modified_time":"2020-10-27T14:36:13+00:00","og_image":[{"width":1200,"height":630,"url":"https:\/\/test-repaireu.rstrt.org\/wp-content\/uploads\/2019\/09\/R2RFacebookImage.png","type":"image\/png"}],"twitter_card":"summary_large_image","twitter_site":"@R2REurope","twitter_misc":{"Tiempo de lectura":"2 minutos"},"schema":{"@context":"https:\/\/schema.org","@graph":[{"@type":["WebPage","FAQPage"],"@id":"https:\/\/test-repaireu.rstrt.org\/es\/preguntas-frecuentes\/","url":"https:\/\/test-repaireu.rstrt.org\/es\/preguntas-frecuentes\/","name":"Preguntas frecuentes - Right to Repair Europe","isPartOf":{"@id":"https:\/\/test-repaireu.rstrt.org\/es\/#website"},"datePublished":"2020-10-27T14:36:11+00:00","dateModified":"2020-10-27T14:36:13+00:00","breadcrumb":{"@id":"https:\/\/test-repaireu.rstrt.org\/es\/preguntas-frecuentes\/#breadcrumb"},"mainEntity":[{"@id":"https:\/\/test-repaireu.rstrt.org\/es\/preguntas-frecuentes\/#faq-question-1571045729107"},{"@id":"https:\/\/test-repaireu.rstrt.org\/es\/preguntas-frecuentes\/#faq-question-1571045937335"},{"@id":"https:\/\/test-repaireu.rstrt.org\/es\/preguntas-frecuentes\/#faq-question-1571045943270"},{"@id":"https:\/\/test-repaireu.rstrt.org\/es\/preguntas-frecuentes\/#faq-question-1571045948675"},{"@id":"https:\/\/test-repaireu.rstrt.org\/es\/preguntas-frecuentes\/#faq-question-1571045958150"}],"inLanguage":"es","potentialAction":[{"@type":"ReadAction","target":["https:\/\/test-repaireu.rstrt.org\/es\/preguntas-frecuentes\/"]}]},{"@type":"BreadcrumbList","@id":"https:\/\/test-repaireu.rstrt.org\/es\/preguntas-frecuentes\/#breadcrumb","itemListElement":[{"@type":"ListItem","position":1,"name":"Home","item":"https:\/\/test-repaireu.rstrt.org\/es\/"},{"@type":"ListItem","position":2,"name":"Preguntas frecuentes"}]},{"@type":"WebSite","@id":"https:\/\/test-repaireu.rstrt.org\/es\/#website","url":"https:\/\/test-repaireu.rstrt.org\/es\/","name":"Right to Repair Europe","description":"","publisher":{"@id":"https:\/\/test-repaireu.rstrt.org\/es\/#organization"},"potentialAction":[{"@type":"SearchAction","target":{"@type":"EntryPoint","urlTemplate":"https:\/\/test-repaireu.rstrt.org\/es\/?s={search_term_string}"},"query-input":{"@type":"PropertyValueSpecification","valueRequired":true,"valueName":"search_term_string"}}],"inLanguage":"es"},{"@type":"Organization","@id":"https:\/\/test-repaireu.rstrt.org\/es\/#organization","name":"Right to Repair Europe","url":"https:\/\/test-repaireu.rstrt.org\/es\/","logo":{"@type":"ImageObject","inLanguage":"es","@id":"https:\/\/test-repaireu.rstrt.org\/es\/#\/schema\/logo\/image\/","url":"https:\/\/test-repaireu.rstrt.org\/wp-content\/uploads\/2019\/09\/R2REurope.png","contentUrl":"https:\/\/test-repaireu.rstrt.org\/wp-content\/uploads\/2019\/09\/R2REurope.png","width":320,"height":320,"caption":"Right to Repair Europe"},"image":{"@id":"https:\/\/test-repaireu.rstrt.org\/es\/#\/schema\/logo\/image\/"},"sameAs":["https:\/\/www.facebook.com\/righttorepaireurope\/","https:\/\/x.com\/R2REurope","https:\/\/www.instagram.com\/R2REurope\/"]},{"@type":"Question","@id":"https:\/\/test-repaireu.rstrt.org\/es\/preguntas-frecuentes\/#faq-question-1571045729107","position":1,"url":"https:\/\/test-repaireu.rstrt.org\/es\/preguntas-frecuentes\/#faq-question-1571045729107","name":"\u00bfPor qu\u00e9 es mejor arreglar un producto electr\u00f3nico que comprar uno nuevo?","answerCount":1,"acceptedAnswer":{"@type":"Answer","text":"Los productos electr\u00f3nicos tienen una huella ecol\u00f3gica muy grande: para fabricarlos, se necesitan materias primas preciadas y grandes cantidades de energ\u00eda. Cuando se tiran estos productos, se pierde toda esta energ\u00eda y muchos materiales, ya que solo se puede reciclar una parte muy peque\u00f1a. Por eso, alargar la vida \u00fatil de los productos el\u00e9ctricos y electr\u00f3nicos mediante la reparaci\u00f3n es la manera m\u00e1seficiente de reducir la huella ecol\u00f3gica.<br\/><br\/>You can  read more about this here (<a rel=\"noreferrer noopener\" href=\"https:\/\/eeb.org\/library\/coolproducts-report\/\" target=\"_blank\">https:\/\/eeb.org\/library\/coolproducts-report\/<\/a>).","inLanguage":"es"},"inLanguage":"es"},{"@type":"Question","@id":"https:\/\/test-repaireu.rstrt.org\/es\/preguntas-frecuentes\/#faq-question-1571045937335","position":2,"url":"https:\/\/test-repaireu.rstrt.org\/es\/preguntas-frecuentes\/#faq-question-1571045937335","name":"A veces sale m\u00e1s caro reparar un producto que comprar uno nuevo. \u00bfPor qu\u00e9?","answerCount":1,"acceptedAnswer":{"@type":"Answer","text":"La mayor parte de nuestros productos el\u00e9ctricos y electr\u00f3nicos se fabrican en masa en pa\u00edses donde los sueldos son bajos y los da\u00f1os medioambientales o sociales de la fabricaci\u00f3n no repercuten en el precio. Por lo tanto, estos productos a menudo son muy baratos. En cambio, la reparaci\u00f3n requiere una diagnosis individualizada y la mano de obra de una personat\u00e9cnicaexperimentada. Adem\u00e1s, las normas sociales y medioambientales encarecen la mano de obra en la UE. Finalmente, el dise\u00f1o de los productos a menudo dificulta y retrasala reparaci\u00f3n, y a veces las piezas de repuesto son innecesariamente caras por el monopolio quetiene sobre ellas la empresafabricante.","inLanguage":"es"},"inLanguage":"es"},{"@type":"Question","@id":"https:\/\/test-repaireu.rstrt.org\/es\/preguntas-frecuentes\/#faq-question-1571045943270","position":3,"url":"https:\/\/test-repaireu.rstrt.org\/es\/preguntas-frecuentes\/#faq-question-1571045943270","name":"\u00bfNo tenemos ya el derecho a reparar nuestras cosas?","answerCount":1,"acceptedAnswer":{"@type":"Answer","text":"Aunque evidentemente, no es ilegal que arregles un producto que te pertenece; nohay ning\u00fan marco legal que garantice que lo puedas hacer. Por ejemplo, no siempre tienes derecho a las instrucciones de reparaci\u00f3n, las piezas de repuesto o las herramientas especializadas que se necesitan para arreglar un producto. Tu derecho a reparar acaba donde empieza el derecho dequien fabrica losproductosy los haceirreparables.","inLanguage":"es"},"inLanguage":"es"},{"@type":"Question","@id":"https:\/\/test-repaireu.rstrt.org\/es\/preguntas-frecuentes\/#faq-question-1571045948675","position":4,"url":"https:\/\/test-repaireu.rstrt.org\/es\/preguntas-frecuentes\/#faq-question-1571045948675","name":"\u00bfPor qu\u00e9 necesitamos leyes para garantizar el derecho a reparar?","answerCount":1,"acceptedAnswer":{"@type":"Answer","text":"No podemos esperar que el mercado ponga remedio a este problema. Si a las empresasles es m\u00e1s rentable vender productos nuevos que facilitar las reparaciones, solo la legislaci\u00f3n puede garantizar que los fabricantes hagan posible la reparaci\u00f3n de nuestros productosoque los reparemos nosotrosmismos, poniendo las herramientas y la informaci\u00f3n necesarias enmanos del p\u00fablico.","inLanguage":"es"},"inLanguage":"es"},{"@type":"Question","@id":"https:\/\/test-repaireu.rstrt.org\/es\/preguntas-frecuentes\/#faq-question-1571045958150","position":5,"url":"https:\/\/test-repaireu.rstrt.org\/es\/preguntas-frecuentes\/#faq-question-1571045958150","name":"\u00bfQu\u00e9 es la obsolescencia programada?","answerCount":1,"acceptedAnswer":{"@type":"Answer","text":"Cuando unaempresatoma decisiones de dise\u00f1o y de fabricaci\u00f3n que limitan intencionadamente la vida \u00fatil de un producto,lo llamamos \u00abobsolescencia programada\u00bb.<br\/><br\/><br\/>Esto no necesariamente quiere decir que el producto est\u00e9 dise\u00f1ado para estropearse al cabode un tiempo determinado. Si el fabricantedise\u00f1a un producto que no se puede desmontar o decide no crear piezas de repuesto, instrucciones de reparaci\u00f3n o actualizaciones de software,est\u00e1n limitandoexpresamente la vida \u00fatil del producto-el productose hace obsoleto debido a la decisi\u00f3n del fabricante de no facilitar suuso prolongado.","inLanguage":"es"},"inLanguage":"es"}]}},"_links":{"self":[{"href":"https:\/\/test-repaireu.rstrt.org\/es\/wp-json\/wp\/v2\/pages\/1907","targetHints":{"allow":["GET"]}}],"collection":[{"href":"https:\/\/test-repaireu.rstrt.org\/es\/wp-json\/wp\/v2\/pages"}],"about":[{"href":"https:\/\/test-repaireu.rstrt.org\/es\/wp-json\/wp\/v2\/types\/page"}],"author":[{"embeddable":true,"href":"https:\/\/test-repaireu.rstrt.org\/es\/wp-json\/wp\/v2\/users\/2"}],"replies":[{"embeddable":true,"href":"https:\/\/test-repaireu.rstrt.org\/es\/wp-json\/wp\/v2\/comments?post=1907"}],"version-history":[{"count":1,"href":"https:\/\/test-repaireu.rstrt.org\/es\/wp-json\/wp\/v2\/pages\/1907\/revisions"}],"predecessor-version":[{"id":1908,"href":"https:\/\/test-repaireu.rstrt.org\/es\/wp-json\/wp\/v2\/pages\/1907\/revisions\/1908"}],"wp:attachment":[{"href":"https:\/\/test-repaireu.rstrt.org\/es\/wp-json\/wp\/v2\/media?parent=1907"}],"curies":[{"name":"wp","href":"https:\/\/api.w.org\/{rel}","templated":true}]}}