{"id":1905,"date":"2020-10-27T15:33:16","date_gmt":"2020-10-27T14:33:16","guid":{"rendered":"https:\/\/test-repaireu.rstrt.org\/?page_id=1905"},"modified":"2021-06-30T10:25:43","modified_gmt":"2021-06-30T08:25:43","slug":"nuestros-miembros","status":"publish","type":"page","link":"https:\/\/test-repaireu.rstrt.org\/es\/nuestros-miembros\/","title":{"rendered":"Nuestros miembros"},"content":{"rendered":"\n<p><strong>Los miembros de la campa\u00f1a \u00abDerecho a la reparaci\u00f3n\u00bb tienen su sede en varios pa\u00edses europeos y representan a organizaciones de la sociedad civil, empresas de reparaci\u00f3n, iniciativas de reparaci\u00f3n de la comunidad e instituciones p\u00fablicas.<\/strong><\/p>\n\n\n\n<p><strong>Participan en la configuraci\u00f3n de la campa\u00f1a y forman una comunidad europea de personas que desean productos m\u00e1s duraderos y reparables.<\/strong><\/p>\n\n\n\n<p><strong>Si est\u00e1 interesado en convertirse en miembro, por favor <a href=\"https:\/\/test-repaireu.rstrt.org\/es\/unete-a-la-campana\/\">entra aqu\u00ed<\/a>. <\/strong><\/p>\n\n\n\n<section class=\"block block__partners-logos\">\n\n\t\n<\/section>\n\n\n\n<p><\/p>\n","protected":false},"excerpt":{"rendered":"<p>Los miembros de la campa\u00f1a \u00abDerecho a la reparaci\u00f3n\u00bb tienen su sede en varios pa\u00edses europeos y representan a organizaciones de la sociedad civil, empresas de reparaci\u00f3n, iniciativas de reparaci\u00f3n de la comunidad e instituciones p\u00fablicas. Participan en la configuraci\u00f3n de la campa\u00f1a y forman una comunidad europea de personas que desean productos m\u00e1s duraderos &hellip; <\/p>\n<p class=\"link-more\"><a href=\"https:\/\/test-repaireu.rstrt.org\/es\/nuestros-miembros\/\" class=\"more-link\">Seguir leyendo<span class=\"screen-reader-text\"> \u00abNuestros miembros\u00bb<\/span><\/a><\/p>\n","protected":false},"author":2,"featured_media":0,"parent":0,"menu_order":0,"comment_status":"closed","ping_status":"closed","template":"","meta":{"_acf_changed":false,"footnotes":""},"class_list":["post-1905","page","type-page","status-publish","hentry","entry"],"acf":[],"yoast_head":"<!-- This site is optimized with the Yoast SEO plugin v24.9 - https:\/\/yoast.com\/wordpress\/plugins\/seo\/ -->\n<title>Nuestros miembros - Right to Repair Europe<\/title>\n<meta name=\"robots\" content=\"noindex, follow, max-snippet:-1, max-image-preview:large, max-video-preview:-1\" \/>\n<meta property=\"og:locale\" content=\"es_ES\" \/>\n<meta property=\"og:type\" content=\"article\" \/>\n<meta property=\"og:title\" content=\"Nuestros miembros - Right to Repair Europe\" \/>\n<meta property=\"og:description\" content=\"Los miembros de la campa\u00f1a \u00abDerecho a la reparaci\u00f3n\u00bb tienen su sede en varios pa\u00edses europeos y representan a organizaciones de la sociedad civil, empresas de reparaci\u00f3n, iniciativas de reparaci\u00f3n de la comunidad e instituciones p\u00fablicas. Participan en la configuraci\u00f3n de la campa\u00f1a y forman una comunidad europea de personas que desean productos m\u00e1s duraderos &hellip; Seguir leyendo \u00abNuestros miembros\u00bb\" \/>\n<meta property=\"og:url\" content=\"https:\/\/test-repaireu.rstrt.org\/es\/nuestros-miembros\/\" \/>\n<meta property=\"og:site_name\" content=\"Right to Repair Europe\" \/>\n<meta property=\"article:publisher\" content=\"https:\/\/www.facebook.com\/righttorepaireurope\/\" \/>\n<meta property=\"article:modified_time\" content=\"2021-06-30T08:25:43+00:00\" \/>\n<meta property=\"og:image\" content=\"https:\/\/test-repaireu.rstrt.org\/wp-content\/uploads\/2019\/09\/R2RFacebookImage.png\" \/>\n\t<meta property=\"og:image:width\" content=\"1200\" \/>\n\t<meta property=\"og:image:height\" content=\"630\" \/>\n\t<meta property=\"og:image:type\" content=\"image\/png\" \/>\n<meta name=\"twitter:card\" content=\"summary_large_image\" \/>\n<meta name=\"twitter:site\" content=\"@R2REurope\" \/>\n<meta name=\"twitter:label1\" content=\"Tiempo de lectura\" \/>\n\t<meta name=\"twitter:data1\" content=\"1 minuto\" \/>\n<script type=\"application\/ld+json\" class=\"yoast-schema-graph\">{\"@context\":\"https:\/\/schema.org\",\"@graph\":[{\"@type\":\"WebPage\",\"@id\":\"https:\/\/test-repaireu.rstrt.org\/es\/nuestros-miembros\/\",\"url\":\"https:\/\/test-repaireu.rstrt.org\/es\/nuestros-miembros\/\",\"name\":\"Nuestros miembros - Right to Repair Europe\",\"isPartOf\":{\"@id\":\"https:\/\/test-repaireu.rstrt.org\/es\/#website\"},\"datePublished\":\"2020-10-27T14:33:16+00:00\",\"dateModified\":\"2021-06-30T08:25:43+00:00\",\"breadcrumb\":{\"@id\":\"https:\/\/test-repaireu.rstrt.org\/es\/nuestros-miembros\/#breadcrumb\"},\"inLanguage\":\"es\",\"potentialAction\":[{\"@type\":\"ReadAction\",\"target\":[\"https:\/\/test-repaireu.rstrt.org\/es\/nuestros-miembros\/\"]}]},{\"@type\":\"BreadcrumbList\",\"@id\":\"https:\/\/test-repaireu.rstrt.org\/es\/nuestros-miembros\/#breadcrumb\",\"itemListElement\":[{\"@type\":\"ListItem\",\"position\":1,\"name\":\"Home\",\"item\":\"https:\/\/test-repaireu.rstrt.org\/es\/\"},{\"@type\":\"ListItem\",\"position\":2,\"name\":\"Nuestros miembros\"}]},{\"@type\":\"WebSite\",\"@id\":\"https:\/\/test-repaireu.rstrt.org\/es\/#website\",\"url\":\"https:\/\/test-repaireu.rstrt.org\/es\/\",\"name\":\"Right to Repair Europe\",\"description\":\"\",\"publisher\":{\"@id\":\"https:\/\/test-repaireu.rstrt.org\/es\/#organization\"},\"potentialAction\":[{\"@type\":\"SearchAction\",\"target\":{\"@type\":\"EntryPoint\",\"urlTemplate\":\"https:\/\/test-repaireu.rstrt.org\/es\/?s={search_term_string}\"},\"query-input\":{\"@type\":\"PropertyValueSpecification\",\"valueRequired\":true,\"valueName\":\"search_term_string\"}}],\"inLanguage\":\"es\"},{\"@type\":\"Organization\",\"@id\":\"https:\/\/test-repaireu.rstrt.org\/es\/#organization\",\"name\":\"Right to Repair Europe\",\"url\":\"https:\/\/test-repaireu.rstrt.org\/es\/\",\"logo\":{\"@type\":\"ImageObject\",\"inLanguage\":\"es\",\"@id\":\"https:\/\/test-repaireu.rstrt.org\/es\/#\/schema\/logo\/image\/\",\"url\":\"https:\/\/test-repaireu.rstrt.org\/wp-content\/uploads\/2019\/09\/R2REurope.png\",\"contentUrl\":\"https:\/\/test-repaireu.rstrt.org\/wp-content\/uploads\/2019\/09\/R2REurope.png\",\"width\":320,\"height\":320,\"caption\":\"Right to Repair Europe\"},\"image\":{\"@id\":\"https:\/\/test-repaireu.rstrt.org\/es\/#\/schema\/logo\/image\/\"},\"sameAs\":[\"https:\/\/www.facebook.com\/righttorepaireurope\/\",\"https:\/\/x.com\/R2REurope\",\"https:\/\/www.instagram.com\/R2REurope\/\"]}]}<\/script>\n<!-- \/ Yoast SEO plugin. -->","yoast_head_json":{"title":"Nuestros miembros - Right to Repair Europe","robots":{"index":"noindex","follow":"follow","max-snippet":"max-snippet:-1","max-image-preview":"max-image-preview:large","max-video-preview":"max-video-preview:-1"},"og_locale":"es_ES","og_type":"article","og_title":"Nuestros miembros - Right to Repair Europe","og_description":"Los miembros de la campa\u00f1a \u00abDerecho a la reparaci\u00f3n\u00bb tienen su sede en varios pa\u00edses europeos y representan a organizaciones de la sociedad civil, empresas de reparaci\u00f3n, iniciativas de reparaci\u00f3n de la comunidad e instituciones p\u00fablicas. Participan en la configuraci\u00f3n de la campa\u00f1a y forman una comunidad europea de personas que desean productos m\u00e1s duraderos &hellip; Seguir leyendo \u00abNuestros miembros\u00bb","og_url":"https:\/\/test-repaireu.rstrt.org\/es\/nuestros-miembros\/","og_site_name":"Right to Repair Europe","article_publisher":"https:\/\/www.facebook.com\/righttorepaireurope\/","article_modified_time":"2021-06-30T08:25:43+00:00","og_image":[{"width":1200,"height":630,"url":"https:\/\/test-repaireu.rstrt.org\/wp-content\/uploads\/2019\/09\/R2RFacebookImage.png","type":"image\/png"}],"twitter_card":"summary_large_image","twitter_site":"@R2REurope","twitter_misc":{"Tiempo de lectura":"1 minuto"},"schema":{"@context":"https:\/\/schema.org","@graph":[{"@type":"WebPage","@id":"https:\/\/test-repaireu.rstrt.org\/es\/nuestros-miembros\/","url":"https:\/\/test-repaireu.rstrt.org\/es\/nuestros-miembros\/","name":"Nuestros miembros - Right to Repair Europe","isPartOf":{"@id":"https:\/\/test-repaireu.rstrt.org\/es\/#website"},"datePublished":"2020-10-27T14:33:16+00:00","dateModified":"2021-06-30T08:25:43+00:00","breadcrumb":{"@id":"https:\/\/test-repaireu.rstrt.org\/es\/nuestros-miembros\/#breadcrumb"},"inLanguage":"es","potentialAction":[{"@type":"ReadAction","target":["https:\/\/test-repaireu.rstrt.org\/es\/nuestros-miembros\/"]}]},{"@type":"BreadcrumbList","@id":"https:\/\/test-repaireu.rstrt.org\/es\/nuestros-miembros\/#breadcrumb","itemListElement":[{"@type":"ListItem","position":1,"name":"Home","item":"https:\/\/test-repaireu.rstrt.org\/es\/"},{"@type":"ListItem","position":2,"name":"Nuestros miembros"}]},{"@type":"WebSite","@id":"https:\/\/test-repaireu.rstrt.org\/es\/#website","url":"https:\/\/test-repaireu.rstrt.org\/es\/","name":"Right to Repair Europe","description":"","publisher":{"@id":"https:\/\/test-repaireu.rstrt.org\/es\/#organization"},"potentialAction":[{"@type":"SearchAction","target":{"@type":"EntryPoint","urlTemplate":"https:\/\/test-repaireu.rstrt.org\/es\/?s={search_term_string}"},"query-input":{"@type":"PropertyValueSpecification","valueRequired":true,"valueName":"search_term_string"}}],"inLanguage":"es"},{"@type":"Organization","@id":"https:\/\/test-repaireu.rstrt.org\/es\/#organization","name":"Right to Repair Europe","url":"https:\/\/test-repaireu.rstrt.org\/es\/","logo":{"@type":"ImageObject","inLanguage":"es","@id":"https:\/\/test-repaireu.rstrt.org\/es\/#\/schema\/logo\/image\/","url":"https:\/\/test-repaireu.rstrt.org\/wp-content\/uploads\/2019\/09\/R2REurope.png","contentUrl":"https:\/\/test-repaireu.rstrt.org\/wp-content\/uploads\/2019\/09\/R2REurope.png","width":320,"height":320,"caption":"Right to Repair Europe"},"image":{"@id":"https:\/\/test-repaireu.rstrt.org\/es\/#\/schema\/logo\/image\/"},"sameAs":["https:\/\/www.facebook.com\/righttorepaireurope\/","https:\/\/x.com\/R2REurope","https:\/\/www.instagram.com\/R2REurope\/"]}]}},"_links":{"self":[{"href":"https:\/\/test-repaireu.rstrt.org\/es\/wp-json\/wp\/v2\/pages\/1905","targetHints":{"allow":["GET"]}}],"collection":[{"href":"https:\/\/test-repaireu.rstrt.org\/es\/wp-json\/wp\/v2\/pages"}],"about":[{"href":"https:\/\/test-repaireu.rstrt.org\/es\/wp-json\/wp\/v2\/types\/page"}],"author":[{"embeddable":true,"href":"https:\/\/test-repaireu.rstrt.org\/es\/wp-json\/wp\/v2\/users\/2"}],"replies":[{"embeddable":true,"href":"https:\/\/test-repaireu.rstrt.org\/es\/wp-json\/wp\/v2\/comments?post=1905"}],"version-history":[{"count":14,"href":"https:\/\/test-repaireu.rstrt.org\/es\/wp-json\/wp\/v2\/pages\/1905\/revisions"}],"predecessor-version":[{"id":2883,"href":"https:\/\/test-repaireu.rstrt.org\/es\/wp-json\/wp\/v2\/pages\/1905\/revisions\/2883"}],"wp:attachment":[{"href":"https:\/\/test-repaireu.rstrt.org\/es\/wp-json\/wp\/v2\/media?parent=1905"}],"curies":[{"name":"wp","href":"https:\/\/api.w.org\/{rel}","templated":true}]}}