{"id":755,"date":"2019-12-12T11:23:54","date_gmt":"2019-12-12T10:23:54","guid":{"rendered":"https:\/\/test-repaireu.rstrt.org\/?page_id=755"},"modified":"2021-03-17T09:53:21","modified_gmt":"2021-03-17T08:53:21","slug":"ueber-uns","status":"publish","type":"page","link":"https:\/\/test-repaireu.rstrt.org\/de\/ueber-uns\/","title":{"rendered":"\u00dcber uns"},"content":{"rendered":"\n<h2 class=\"wp-block-heading\">Wer sind wir<\/h2>\n\n\n\n<p><strong>Wir sind ein B\u00fcndnis europ\u00e4ischer Organisationen, die sich f\u00fcr Reparatur einsetzen.<\/strong><br><\/p>\n\n\n\n<p>Wir sind in verschiedenen europ\u00e4ischen L\u00e4ndern ans\u00e4ssig und vertreten Reparaturinitiativen, Akteure der Sozialwirtschaft, Selbstreparatur und alle B\u00fcrger, die sich f\u00fcr ihr Recht auf Reparatur einsetzen m\u00f6chten.<\/p>\n\n\n\n<div style=\"height:30px\" aria-hidden=\"true\" class=\"wp-block-spacer\"><\/div>\n\n\n\n<h2 class=\"wp-block-heading\">Mitglieder der Leitungsgruppe<\/h2>\n\n\n\n<div class=\"wp-block-columns has-2-columns one-third-two-thirds is-layout-flex wp-container-core-columns-is-layout-9d6595d7 wp-block-columns-is-layout-flex\">\n<div class=\"wp-block-column is-layout-flow wp-block-column-is-layout-flow\">\n<div class=\"wp-block-image\"><figure class=\"alignleft size-large\"><img loading=\"lazy\" decoding=\"async\" width=\"842\" height=\"688\" src=\"https:\/\/test-repaireu.rstrt.org\/wp-content\/uploads\/2021\/03\/Logo-Vertical-Color.png\" alt=\"\" class=\"wp-image-2474\" srcset=\"https:\/\/test-repaireu.rstrt.org\/wp-content\/uploads\/2021\/03\/Logo-Vertical-Color.png 842w, https:\/\/test-repaireu.rstrt.org\/wp-content\/uploads\/2021\/03\/Logo-Vertical-Color-300x245.png 300w, https:\/\/test-repaireu.rstrt.org\/wp-content\/uploads\/2021\/03\/Logo-Vertical-Color-768x628.png 768w\" sizes=\"auto, (max-width: 842px) 100vw, 842px\" \/><\/figure><\/div>\n<\/div>\n\n\n\n<div class=\"wp-block-column is-layout-flow wp-block-column-is-layout-flow\">\n<p><em>ECOS ist eine internationale NRO mit einem Netzwerk von Mitgliedern und Experten und setzt sich f\u00fcr umweltfreundliche technische Normen, Richtlinien und Gesetze ein. Wir stellen sicher, dass Umweltinteressen bei ihrer Entwicklung geh\u00f6rt werden und wir treiben Wandel voran, indem wir politischen Entscheidungstr\u00e4gern und Industrievertretern Fachwissen bereitstellen, um somit strenge Umweltprinzipien durchzusetzen.<\/em><\/p>\n\n\n\n<p><em>Sitz in: Belgien<\/em><\/p>\n<\/div>\n<\/div>\n\n\n\n<div style=\"height:20px\" aria-hidden=\"true\" class=\"wp-block-spacer\"><\/div>\n\n\n\n<div class=\"wp-block-columns has-2-columns one-third-two-thirds is-layout-flex wp-container-core-columns-is-layout-9d6595d7 wp-block-columns-is-layout-flex\">\n<div class=\"wp-block-column is-layout-flow wp-block-column-is-layout-flow\">\n<div class=\"wp-block-image\"><figure class=\"alignleft\"><a href=\"https:\/\/eeb.org\/\" target=\"_blank\" rel=\"noreferrer noopener\"><img loading=\"lazy\" decoding=\"async\" width=\"300\" height=\"215\" src=\"https:\/\/test-repaireu.rstrt.org\/wp-content\/uploads\/2019\/09\/EEB-logo-on-white-blue-text-rgb.jpg\" alt=\"\" class=\"wp-image-602\"\/><\/a><\/figure><\/div>\n<\/div>\n\n\n\n<div class=\"wp-block-column is-layout-flow wp-block-column-is-layout-flow\">\n<p><em>Das Europ\u00e4ische Umweltb\u00fcro (EEB) ist Europas gr\u00f6\u00dftes Netzwerk von Umweltorganisationen mit rund 140 Organisationen in mehr als 30 L\u00e4ndern.<\/em><\/p>\n\n\n\n<p><em>Sitz in: Belgien<\/em><\/p>\n<\/div>\n<\/div>\n\n\n\n<div style=\"height:20px\" aria-hidden=\"true\" class=\"wp-block-spacer\"><\/div>\n\n\n\n<div class=\"wp-block-columns has-2-columns one-third-two-thirds is-layout-flex wp-container-core-columns-is-layout-9d6595d7 wp-block-columns-is-layout-flex\">\n<div class=\"wp-block-column is-layout-flow wp-block-column-is-layout-flow\">\n<div class=\"wp-block-image\"><figure class=\"alignleft\"><a href=\"https:\/\/www.ifixit.com\/\" target=\"_blank\" rel=\"noreferrer noopener\"><img loading=\"lazy\" decoding=\"async\" width=\"300\" height=\"108\" src=\"https:\/\/test-repaireu.rstrt.org\/wp-content\/uploads\/2019\/09\/iFixit-logo.jpg\" alt=\"\" class=\"wp-image-604\"\/><\/a><\/figure><\/div>\n<\/div>\n\n\n\n<div class=\"wp-block-column is-layout-flow wp-block-column-is-layout-flow\">\n<p><em>iFixit Europe ist das kostenlose, \u00f6ffentlich zug\u00e4ngliche Online-Reparaturhandbuch f\u00fcr fast alles. Mit mehr als 50.000 Anleitungen erm\u00f6glichen wir es 10 Millionen monatlichen Besuchern, ihre Sachen zu reparieren. Unsere Mission ist es, Menschen in die Lage zu versetzen, ihre Sachen zu reparieren, dabei Geld zu sparen und gleichzeitig Elektroschrott zu vermeiden.<\/em><\/p>\n\n\n\n<p><em>Sitz in: Deutschland<\/em><\/p>\n<\/div>\n<\/div>\n\n\n\n<div style=\"height:20px\" aria-hidden=\"true\" class=\"wp-block-spacer\"><\/div>\n\n\n\n<div class=\"wp-block-columns has-2-columns one-third-two-thirds is-layout-flex wp-container-core-columns-is-layout-9d6595d7 wp-block-columns-is-layout-flex\">\n<div class=\"wp-block-column is-layout-flow wp-block-column-is-layout-flow\">\n<div class=\"wp-block-image\"><figure class=\"alignleft\"><a href=\"https:\/\/runder-tisch-reparatur.de\/\" target=\"_blank\" rel=\"noreferrer noopener\"><img loading=\"lazy\" decoding=\"async\" width=\"300\" height=\"126\" src=\"https:\/\/test-repaireu.rstrt.org\/wp-content\/uploads\/2019\/09\/RTR1_300dpi.jpg\" alt=\"\" class=\"wp-image-605\"\/><\/a><\/figure><\/div>\n<\/div>\n\n\n\n<div class=\"wp-block-column is-layout-flow wp-block-column-is-layout-flow\">\n<p><em>Der Runde Tisch Reparatur setzt sich aus VertreterInnen aus Reparaturhandwerk, Umwelt- und Verbraucherorganisationen, Wissenschaft, Beh\u00f6rden und Reparaturinitiativen zusammen. Wir setzen uns f\u00fcr die St\u00e4rkung der Reparatur, Senkung des Ressourcenverbrauchs und lokale Wirtschaftsf\u00f6rderung ein.<\/em><\/p>\n\n\n\n<p><em>Sitz in: Deutschland<\/em><\/p>\n<\/div>\n<\/div>\n\n\n\n<div style=\"height:20px\" aria-hidden=\"true\" class=\"wp-block-spacer\"><\/div>\n\n\n\n<div class=\"wp-block-columns has-2-columns one-third-two-thirds is-layout-flex wp-container-core-columns-is-layout-9d6595d7 wp-block-columns-is-layout-flex\">\n<div class=\"wp-block-column is-layout-flow wp-block-column-is-layout-flow\">\n<div class=\"wp-block-image\"><figure class=\"alignleft\"><a href=\"https:\/\/therestartproject.org\" target=\"_blank\" rel=\"noreferrer noopener\"><img loading=\"lazy\" decoding=\"async\" width=\"300\" height=\"108\" src=\"https:\/\/test-repaireu.rstrt.org\/wp-content\/uploads\/2019\/09\/restart.jpg\" alt=\"\" class=\"wp-image-606\"\/><\/a><\/figure><\/div>\n<\/div>\n\n\n\n<div class=\"wp-block-column is-layout-flow wp-block-column-is-layout-flow\">\n<p><em>Das Restart Project ist ein Sozialunternehmen, das darauf abzielt, unser Verh\u00e4ltnis zur Elektronik zu verbessern. Wir veranstalten regelm\u00e4\u00dfig Restart Partys, bei denen sich die Teilnehmer selbst beibringen, wie sie ihre kaputten und langsamen Ger\u00e4te reparieren k\u00f6nnen. Wir verwenden die von uns gesammelten Daten und Geschichten, um bessere und nachhaltigere Elektronik f\u00fcr alle zu fordern.<\/em><\/p>\n\n\n\n<p><em>Sitz in: Belgien<\/em><\/p>\n<\/div>\n<\/div>\n\n\n\n<div class=\"wp-block-columns has-2-columns one-third-two-thirds is-layout-flex wp-container-core-columns-is-layout-9d6595d7 wp-block-columns-is-layout-flex\">\n<div class=\"wp-block-column is-layout-flow wp-block-column-is-layout-flow\">\n<div class=\"wp-block-image\"><figure class=\"alignleft size-large\"><img loading=\"lazy\" decoding=\"async\" width=\"300\" height=\"29\" src=\"https:\/\/test-repaireu.rstrt.org\/wp-content\/uploads\/2020\/02\/rsz_rs-logob1-1.jpg\" alt=\"\" class=\"wp-image-964\"\/><\/figure><\/div>\n<\/div>\n\n\n\n<div class=\"wp-block-column is-layout-flow wp-block-column-is-layout-flow\">\n<p><em>Repair &amp; Share ist eine im fl\u00e4mischen Teil Belgiens ans\u00e4ssige Initiative. Wir unterst\u00fctzen und vernetzen Initiativen, die die Reparatur und andere Circular Economy Aktivit\u00e4ten vorantreiben, und wir sprechen uns fuer ein universelles Recht auf Reparatur aus.<\/em><\/p>\n\n\n\n<p><em>Sitz in: Deutschland<\/em><\/p>\n<\/div>\n<\/div>\n\n\n\n<div style=\"height:30px\" aria-hidden=\"true\" class=\"wp-block-spacer\"><\/div>\n\n\n\n<h2 class=\"wp-block-heading\">Unsere Vision und Mission<\/h2>\n\n\n\n<p><strong>Mit der Right to Repair Kampagne fordern wir:<\/strong><\/p>\n\n\n\n<p><em>Ein umfassendes und inklusives Recht auf Reparatur durch:<\/em><\/p>\n\n\n\n<ul class=\"wp-block-list\"><li>Aufkl\u00e4rung von B\u00fcrgerInnen und VerbraucherInnen \u00fcber M\u00f6glichkeiten und Hindernisse ihres Rechts auf Reparatur<\/li><li>Einbindung in die Kampagne, damit wir alle erkennen, dass wir die Kraft haben, einen positiven Wandel f\u00fcr den Planeten und die Gesellschaft herbeizuf\u00fchren<\/li><\/ul>\n\n\n\n<p><em>Ein universelles Recht auf Reparatur und ambitionierte politische Ma\u00dfnahmen, um dies zu erreichen:<\/em><\/p>\n\n\n\n<ul class=\"wp-block-list\"><li>Wir fordern Zugang zu Reparaturinformationen und Ersatzteilen f\u00fcr alle &#8211; nicht nur f\u00fcr Fachleute<\/li><li>Wir verdeutlichen politischen Entscheidungstr\u00e4gerInnen die Dringlichkeit und Notwendigkeit reparierbarer und langlebiger Produkte auf europ\u00e4ischer und nationaler Ebene&nbsp;<\/li><li>Wir fordern ein EU-weites Reparaturlabel, anhand dessen VerbraucherInnen langlebige, reparierbare Produkte erkennen<\/li><li>Wir st\u00e4rken unser Netzwerk unterst\u00fctzender Mitgliedstaaten und Gesch\u00e4ftspartner<\/li><li>Wir fordern mehr Reparatur auch au\u00dferhalb der EU, um die Markttransformation auf globaler Ebene zu beschleunigen<\/li><\/ul>\n\n\n\n<p><em>Ein besseres Image und Einbettung der Reparatur in gr\u00f6\u00dfere Debatten:<\/em><\/p>\n\n\n\n<ul class=\"wp-block-list\"><li>Klimaschutz, Kreislaufwirtschaft, Umweltgerechtigkeit, sozio\u00f6konomische Ungleichheit und Ziele der Nachhaltigen Entwicklung<\/li><li>Potential freisetzen f\u00fcr neue gr\u00fcne Arbeitspl\u00e4tze in der Sozial- und der konventionellen Wirtschaft<\/li><\/ul>\n","protected":false},"excerpt":{"rendered":"<p>Wer sind wir Wir sind ein B\u00fcndnis europ\u00e4ischer Organisationen, die sich f\u00fcr Reparatur einsetzen. Wir sind in verschiedenen europ\u00e4ischen L\u00e4ndern ans\u00e4ssig und vertreten Reparaturinitiativen, Akteure der Sozialwirtschaft, Selbstreparatur und alle B\u00fcrger, die sich f\u00fcr ihr Recht auf Reparatur einsetzen m\u00f6chten. Mitglieder der Leitungsgruppe ECOS ist eine internationale NRO mit einem Netzwerk von Mitgliedern und Experten &hellip; <\/p>\n<p class=\"link-more\"><a href=\"https:\/\/test-repaireu.rstrt.org\/de\/ueber-uns\/\" class=\"more-link\"><span class=\"screen-reader-text\">\u201e\u00dcber uns\u201c<\/span> weiterlesen<\/a><\/p>\n","protected":false},"author":2,"featured_media":0,"parent":0,"menu_order":0,"comment_status":"closed","ping_status":"closed","template":"","meta":{"_acf_changed":false,"footnotes":""},"class_list":["post-755","page","type-page","status-publish","hentry","entry"],"acf":[],"yoast_head":"<!-- This site is optimized with the Yoast SEO plugin v24.9 - https:\/\/yoast.com\/wordpress\/plugins\/seo\/ -->\n<title>\u00dcber uns - Right to Repair Europe<\/title>\n<meta name=\"robots\" content=\"noindex, follow, max-snippet:-1, max-image-preview:large, max-video-preview:-1\" \/>\n<meta property=\"og:locale\" content=\"de_DE\" \/>\n<meta property=\"og:type\" content=\"article\" \/>\n<meta property=\"og:title\" content=\"\u00dcber uns - Right to Repair Europe\" \/>\n<meta property=\"og:description\" content=\"Wer sind wir Wir sind ein B\u00fcndnis europ\u00e4ischer Organisationen, die sich f\u00fcr Reparatur einsetzen. Wir sind in verschiedenen europ\u00e4ischen L\u00e4ndern ans\u00e4ssig und vertreten Reparaturinitiativen, Akteure der Sozialwirtschaft, Selbstreparatur und alle B\u00fcrger, die sich f\u00fcr ihr Recht auf Reparatur einsetzen m\u00f6chten. Mitglieder der Leitungsgruppe ECOS ist eine internationale NRO mit einem Netzwerk von Mitgliedern und Experten &hellip; \u201e\u00dcber uns\u201c weiterlesen\" \/>\n<meta property=\"og:url\" content=\"https:\/\/test-repaireu.rstrt.org\/de\/ueber-uns\/\" \/>\n<meta property=\"og:site_name\" content=\"Right to Repair Europe\" \/>\n<meta property=\"article:publisher\" content=\"https:\/\/www.facebook.com\/righttorepaireurope\/\" \/>\n<meta property=\"article:modified_time\" content=\"2021-03-17T08:53:21+00:00\" \/>\n<meta property=\"og:image\" content=\"https:\/\/test-repaireu.rstrt.org\/wp-content\/uploads\/2021\/03\/Logo-Vertical-Color.png\" \/>\n<meta name=\"twitter:card\" content=\"summary_large_image\" \/>\n<meta name=\"twitter:site\" content=\"@R2REurope\" \/>\n<meta name=\"twitter:label1\" content=\"Gesch\u00e4tzte Lesezeit\" \/>\n\t<meta name=\"twitter:data1\" content=\"4\u00a0Minuten\" \/>\n<script type=\"application\/ld+json\" class=\"yoast-schema-graph\">{\"@context\":\"https:\/\/schema.org\",\"@graph\":[{\"@type\":\"WebPage\",\"@id\":\"https:\/\/test-repaireu.rstrt.org\/de\/ueber-uns\/\",\"url\":\"https:\/\/test-repaireu.rstrt.org\/de\/ueber-uns\/\",\"name\":\"\u00dcber uns - Right to Repair Europe\",\"isPartOf\":{\"@id\":\"https:\/\/test-repaireu.rstrt.org\/de\/#website\"},\"primaryImageOfPage\":{\"@id\":\"https:\/\/test-repaireu.rstrt.org\/de\/ueber-uns\/#primaryimage\"},\"image\":{\"@id\":\"https:\/\/test-repaireu.rstrt.org\/de\/ueber-uns\/#primaryimage\"},\"thumbnailUrl\":\"https:\/\/test-repaireu.rstrt.org\/wp-content\/uploads\/2021\/03\/Logo-Vertical-Color.png\",\"datePublished\":\"2019-12-12T10:23:54+00:00\",\"dateModified\":\"2021-03-17T08:53:21+00:00\",\"breadcrumb\":{\"@id\":\"https:\/\/test-repaireu.rstrt.org\/de\/ueber-uns\/#breadcrumb\"},\"inLanguage\":\"de\",\"potentialAction\":[{\"@type\":\"ReadAction\",\"target\":[\"https:\/\/test-repaireu.rstrt.org\/de\/ueber-uns\/\"]}]},{\"@type\":\"ImageObject\",\"inLanguage\":\"de\",\"@id\":\"https:\/\/test-repaireu.rstrt.org\/de\/ueber-uns\/#primaryimage\",\"url\":\"https:\/\/test-repaireu.rstrt.org\/wp-content\/uploads\/2021\/03\/Logo-Vertical-Color.png\",\"contentUrl\":\"https:\/\/test-repaireu.rstrt.org\/wp-content\/uploads\/2021\/03\/Logo-Vertical-Color.png\"},{\"@type\":\"BreadcrumbList\",\"@id\":\"https:\/\/test-repaireu.rstrt.org\/de\/ueber-uns\/#breadcrumb\",\"itemListElement\":[{\"@type\":\"ListItem\",\"position\":1,\"name\":\"Home\",\"item\":\"https:\/\/test-repaireu.rstrt.org\/de\/\"},{\"@type\":\"ListItem\",\"position\":2,\"name\":\"\u00dcber uns\"}]},{\"@type\":\"WebSite\",\"@id\":\"https:\/\/test-repaireu.rstrt.org\/de\/#website\",\"url\":\"https:\/\/test-repaireu.rstrt.org\/de\/\",\"name\":\"Right to Repair Europe\",\"description\":\"\",\"publisher\":{\"@id\":\"https:\/\/test-repaireu.rstrt.org\/de\/#organization\"},\"potentialAction\":[{\"@type\":\"SearchAction\",\"target\":{\"@type\":\"EntryPoint\",\"urlTemplate\":\"https:\/\/test-repaireu.rstrt.org\/de\/?s={search_term_string}\"},\"query-input\":{\"@type\":\"PropertyValueSpecification\",\"valueRequired\":true,\"valueName\":\"search_term_string\"}}],\"inLanguage\":\"de\"},{\"@type\":\"Organization\",\"@id\":\"https:\/\/test-repaireu.rstrt.org\/de\/#organization\",\"name\":\"Right to Repair Europe\",\"url\":\"https:\/\/test-repaireu.rstrt.org\/de\/\",\"logo\":{\"@type\":\"ImageObject\",\"inLanguage\":\"de\",\"@id\":\"https:\/\/test-repaireu.rstrt.org\/de\/#\/schema\/logo\/image\/\",\"url\":\"https:\/\/test-repaireu.rstrt.org\/wp-content\/uploads\/2019\/09\/R2REurope.png\",\"contentUrl\":\"https:\/\/test-repaireu.rstrt.org\/wp-content\/uploads\/2019\/09\/R2REurope.png\",\"width\":320,\"height\":320,\"caption\":\"Right to Repair Europe\"},\"image\":{\"@id\":\"https:\/\/test-repaireu.rstrt.org\/de\/#\/schema\/logo\/image\/\"},\"sameAs\":[\"https:\/\/www.facebook.com\/righttorepaireurope\/\",\"https:\/\/x.com\/R2REurope\",\"https:\/\/www.instagram.com\/R2REurope\/\"]}]}<\/script>\n<!-- \/ Yoast SEO plugin. -->","yoast_head_json":{"title":"\u00dcber uns - Right to Repair Europe","robots":{"index":"noindex","follow":"follow","max-snippet":"max-snippet:-1","max-image-preview":"max-image-preview:large","max-video-preview":"max-video-preview:-1"},"og_locale":"de_DE","og_type":"article","og_title":"\u00dcber uns - Right to Repair Europe","og_description":"Wer sind wir Wir sind ein B\u00fcndnis europ\u00e4ischer Organisationen, die sich f\u00fcr Reparatur einsetzen. Wir sind in verschiedenen europ\u00e4ischen L\u00e4ndern ans\u00e4ssig und vertreten Reparaturinitiativen, Akteure der Sozialwirtschaft, Selbstreparatur und alle B\u00fcrger, die sich f\u00fcr ihr Recht auf Reparatur einsetzen m\u00f6chten. Mitglieder der Leitungsgruppe ECOS ist eine internationale NRO mit einem Netzwerk von Mitgliedern und Experten &hellip; \u201e\u00dcber uns\u201c weiterlesen","og_url":"https:\/\/test-repaireu.rstrt.org\/de\/ueber-uns\/","og_site_name":"Right to Repair Europe","article_publisher":"https:\/\/www.facebook.com\/righttorepaireurope\/","article_modified_time":"2021-03-17T08:53:21+00:00","og_image":[{"url":"https:\/\/test-repaireu.rstrt.org\/wp-content\/uploads\/2021\/03\/Logo-Vertical-Color.png","type":"","width":"","height":""}],"twitter_card":"summary_large_image","twitter_site":"@R2REurope","twitter_misc":{"Gesch\u00e4tzte Lesezeit":"4\u00a0Minuten"},"schema":{"@context":"https:\/\/schema.org","@graph":[{"@type":"WebPage","@id":"https:\/\/test-repaireu.rstrt.org\/de\/ueber-uns\/","url":"https:\/\/test-repaireu.rstrt.org\/de\/ueber-uns\/","name":"\u00dcber uns - Right to Repair Europe","isPartOf":{"@id":"https:\/\/test-repaireu.rstrt.org\/de\/#website"},"primaryImageOfPage":{"@id":"https:\/\/test-repaireu.rstrt.org\/de\/ueber-uns\/#primaryimage"},"image":{"@id":"https:\/\/test-repaireu.rstrt.org\/de\/ueber-uns\/#primaryimage"},"thumbnailUrl":"https:\/\/test-repaireu.rstrt.org\/wp-content\/uploads\/2021\/03\/Logo-Vertical-Color.png","datePublished":"2019-12-12T10:23:54+00:00","dateModified":"2021-03-17T08:53:21+00:00","breadcrumb":{"@id":"https:\/\/test-repaireu.rstrt.org\/de\/ueber-uns\/#breadcrumb"},"inLanguage":"de","potentialAction":[{"@type":"ReadAction","target":["https:\/\/test-repaireu.rstrt.org\/de\/ueber-uns\/"]}]},{"@type":"ImageObject","inLanguage":"de","@id":"https:\/\/test-repaireu.rstrt.org\/de\/ueber-uns\/#primaryimage","url":"https:\/\/test-repaireu.rstrt.org\/wp-content\/uploads\/2021\/03\/Logo-Vertical-Color.png","contentUrl":"https:\/\/test-repaireu.rstrt.org\/wp-content\/uploads\/2021\/03\/Logo-Vertical-Color.png"},{"@type":"BreadcrumbList","@id":"https:\/\/test-repaireu.rstrt.org\/de\/ueber-uns\/#breadcrumb","itemListElement":[{"@type":"ListItem","position":1,"name":"Home","item":"https:\/\/test-repaireu.rstrt.org\/de\/"},{"@type":"ListItem","position":2,"name":"\u00dcber uns"}]},{"@type":"WebSite","@id":"https:\/\/test-repaireu.rstrt.org\/de\/#website","url":"https:\/\/test-repaireu.rstrt.org\/de\/","name":"Right to Repair Europe","description":"","publisher":{"@id":"https:\/\/test-repaireu.rstrt.org\/de\/#organization"},"potentialAction":[{"@type":"SearchAction","target":{"@type":"EntryPoint","urlTemplate":"https:\/\/test-repaireu.rstrt.org\/de\/?s={search_term_string}"},"query-input":{"@type":"PropertyValueSpecification","valueRequired":true,"valueName":"search_term_string"}}],"inLanguage":"de"},{"@type":"Organization","@id":"https:\/\/test-repaireu.rstrt.org\/de\/#organization","name":"Right to Repair Europe","url":"https:\/\/test-repaireu.rstrt.org\/de\/","logo":{"@type":"ImageObject","inLanguage":"de","@id":"https:\/\/test-repaireu.rstrt.org\/de\/#\/schema\/logo\/image\/","url":"https:\/\/test-repaireu.rstrt.org\/wp-content\/uploads\/2019\/09\/R2REurope.png","contentUrl":"https:\/\/test-repaireu.rstrt.org\/wp-content\/uploads\/2019\/09\/R2REurope.png","width":320,"height":320,"caption":"Right to Repair Europe"},"image":{"@id":"https:\/\/test-repaireu.rstrt.org\/de\/#\/schema\/logo\/image\/"},"sameAs":["https:\/\/www.facebook.com\/righttorepaireurope\/","https:\/\/x.com\/R2REurope","https:\/\/www.instagram.com\/R2REurope\/"]}]}},"_links":{"self":[{"href":"https:\/\/test-repaireu.rstrt.org\/de\/wp-json\/wp\/v2\/pages\/755","targetHints":{"allow":["GET"]}}],"collection":[{"href":"https:\/\/test-repaireu.rstrt.org\/de\/wp-json\/wp\/v2\/pages"}],"about":[{"href":"https:\/\/test-repaireu.rstrt.org\/de\/wp-json\/wp\/v2\/types\/page"}],"author":[{"embeddable":true,"href":"https:\/\/test-repaireu.rstrt.org\/de\/wp-json\/wp\/v2\/users\/2"}],"replies":[{"embeddable":true,"href":"https:\/\/test-repaireu.rstrt.org\/de\/wp-json\/wp\/v2\/comments?post=755"}],"version-history":[{"count":6,"href":"https:\/\/test-repaireu.rstrt.org\/de\/wp-json\/wp\/v2\/pages\/755\/revisions"}],"predecessor-version":[{"id":2481,"href":"https:\/\/test-repaireu.rstrt.org\/de\/wp-json\/wp\/v2\/pages\/755\/revisions\/2481"}],"wp:attachment":[{"href":"https:\/\/test-repaireu.rstrt.org\/de\/wp-json\/wp\/v2\/media?parent=755"}],"curies":[{"name":"wp","href":"https:\/\/api.w.org\/{rel}","templated":true}]}}