{"id":1788,"date":"2020-09-02T12:51:03","date_gmt":"2020-09-02T10:51:03","guid":{"rendered":"https:\/\/test-repaireu.rstrt.org\/?page_id=1788"},"modified":"2020-12-01T10:59:33","modified_gmt":"2020-12-01T09:59:33","slug":"spenden","status":"publish","type":"page","link":"https:\/\/test-repaireu.rstrt.org\/de\/spenden\/","title":{"rendered":"Spenden"},"content":{"rendered":"\n<h3 class=\"wp-block-heading\">Die Kampagne mit einer Spende unterst\u00fctzen<\/h3>\n\n\n\n<p>Wir haben das erste Jahr unserer Kampagne fast g\u00e4nzlich aus eigener Tasche finanziert &#8211; aber nun brauchen wir Ihre Hilfe f\u00fcr 2021. Ihre Spende unterst\u00fctzt unseren Einsatz daf\u00fcr, alle Produkte in Europa vollst\u00e4ndig reparierbar zu machen.<\/p>\n\n\n\n<p>Wenn Sie lieber per \u00dcberweisung spenden m\u00f6chten, <a href=\"mailto:info@repair.eu\">kontaktieren Sie uns bitte<\/a>. Wenn Ihre Firma oder Organisation die Kampagne sponsern m\u00f6chte, treten sie gern mit uns in <a href=\"mailto:info@repair.eu\">Kontakt<\/a>.<\/p>\n\n\n\n<p><\/p>\n\n\n\n<script src=\"https:\/\/actionnetwork.org\/widgets\/v3\/fundraising\/test-donate-to-right-to-repair-europe?format=js&amp;source=widget&amp;css=whitelabel&amp;style=full\"><\/script><div id=\"can-fundraising-area-test-donate-to-right-to-repair-europe\" style=\"width: 100%\"><!-- this div is the target for our HTML insertion --><\/div>\n\n\n\n<p><\/p>\n","protected":false},"excerpt":{"rendered":"<p>Die Kampagne mit einer Spende unterst\u00fctzen Wir haben das erste Jahr unserer Kampagne fast g\u00e4nzlich aus eigener Tasche finanziert &#8211; aber nun brauchen wir Ihre Hilfe f\u00fcr 2021. Ihre Spende unterst\u00fctzt unseren Einsatz daf\u00fcr, alle Produkte in Europa vollst\u00e4ndig reparierbar zu machen. Wenn Sie lieber per \u00dcberweisung spenden m\u00f6chten, kontaktieren Sie uns bitte. Wenn Ihre &hellip; <\/p>\n<p class=\"link-more\"><a href=\"https:\/\/test-repaireu.rstrt.org\/de\/spenden\/\" class=\"more-link\"><span class=\"screen-reader-text\">\u201eSpenden\u201c<\/span> weiterlesen<\/a><\/p>\n","protected":false},"author":2,"featured_media":0,"parent":0,"menu_order":0,"comment_status":"closed","ping_status":"closed","template":"","meta":{"_acf_changed":false,"footnotes":""},"class_list":["post-1788","page","type-page","status-publish","hentry","entry"],"acf":[],"yoast_head":"<!-- This site is optimized with the Yoast SEO plugin v24.9 - https:\/\/yoast.com\/wordpress\/plugins\/seo\/ -->\n<title>Spenden - Right to Repair Europe<\/title>\n<meta name=\"robots\" content=\"noindex, follow, max-snippet:-1, max-image-preview:large, max-video-preview:-1\" \/>\n<meta property=\"og:locale\" content=\"de_DE\" \/>\n<meta property=\"og:type\" content=\"article\" \/>\n<meta property=\"og:title\" content=\"Spenden - Right to Repair Europe\" \/>\n<meta property=\"og:description\" content=\"Die Kampagne mit einer Spende unterst\u00fctzen Wir haben das erste Jahr unserer Kampagne fast g\u00e4nzlich aus eigener Tasche finanziert &#8211; aber nun brauchen wir Ihre Hilfe f\u00fcr 2021. Ihre Spende unterst\u00fctzt unseren Einsatz daf\u00fcr, alle Produkte in Europa vollst\u00e4ndig reparierbar zu machen. Wenn Sie lieber per \u00dcberweisung spenden m\u00f6chten, kontaktieren Sie uns bitte. Wenn Ihre &hellip; \u201eSpenden\u201c weiterlesen\" \/>\n<meta property=\"og:url\" content=\"https:\/\/test-repaireu.rstrt.org\/de\/spenden\/\" \/>\n<meta property=\"og:site_name\" content=\"Right to Repair Europe\" \/>\n<meta property=\"article:publisher\" content=\"https:\/\/www.facebook.com\/righttorepaireurope\/\" \/>\n<meta property=\"article:modified_time\" content=\"2020-12-01T09:59:33+00:00\" \/>\n<meta property=\"og:image\" content=\"https:\/\/test-repaireu.rstrt.org\/wp-content\/uploads\/2019\/09\/R2RFacebookImage.png\" \/>\n\t<meta property=\"og:image:width\" content=\"1200\" \/>\n\t<meta property=\"og:image:height\" content=\"630\" \/>\n\t<meta property=\"og:image:type\" content=\"image\/png\" \/>\n<meta name=\"twitter:card\" content=\"summary_large_image\" \/>\n<meta name=\"twitter:site\" content=\"@R2REurope\" \/>\n<script type=\"application\/ld+json\" class=\"yoast-schema-graph\">{\"@context\":\"https:\/\/schema.org\",\"@graph\":[{\"@type\":\"WebPage\",\"@id\":\"https:\/\/test-repaireu.rstrt.org\/de\/spenden\/\",\"url\":\"https:\/\/test-repaireu.rstrt.org\/de\/spenden\/\",\"name\":\"Spenden - Right to Repair Europe\",\"isPartOf\":{\"@id\":\"https:\/\/test-repaireu.rstrt.org\/de\/#website\"},\"datePublished\":\"2020-09-02T10:51:03+00:00\",\"dateModified\":\"2020-12-01T09:59:33+00:00\",\"breadcrumb\":{\"@id\":\"https:\/\/test-repaireu.rstrt.org\/de\/spenden\/#breadcrumb\"},\"inLanguage\":\"de\",\"potentialAction\":[{\"@type\":\"ReadAction\",\"target\":[\"https:\/\/test-repaireu.rstrt.org\/de\/spenden\/\"]}]},{\"@type\":\"BreadcrumbList\",\"@id\":\"https:\/\/test-repaireu.rstrt.org\/de\/spenden\/#breadcrumb\",\"itemListElement\":[{\"@type\":\"ListItem\",\"position\":1,\"name\":\"Home\",\"item\":\"https:\/\/test-repaireu.rstrt.org\/de\/\"},{\"@type\":\"ListItem\",\"position\":2,\"name\":\"Spenden\"}]},{\"@type\":\"WebSite\",\"@id\":\"https:\/\/test-repaireu.rstrt.org\/de\/#website\",\"url\":\"https:\/\/test-repaireu.rstrt.org\/de\/\",\"name\":\"Right to Repair Europe\",\"description\":\"\",\"publisher\":{\"@id\":\"https:\/\/test-repaireu.rstrt.org\/de\/#organization\"},\"potentialAction\":[{\"@type\":\"SearchAction\",\"target\":{\"@type\":\"EntryPoint\",\"urlTemplate\":\"https:\/\/test-repaireu.rstrt.org\/de\/?s={search_term_string}\"},\"query-input\":{\"@type\":\"PropertyValueSpecification\",\"valueRequired\":true,\"valueName\":\"search_term_string\"}}],\"inLanguage\":\"de\"},{\"@type\":\"Organization\",\"@id\":\"https:\/\/test-repaireu.rstrt.org\/de\/#organization\",\"name\":\"Right to Repair Europe\",\"url\":\"https:\/\/test-repaireu.rstrt.org\/de\/\",\"logo\":{\"@type\":\"ImageObject\",\"inLanguage\":\"de\",\"@id\":\"https:\/\/test-repaireu.rstrt.org\/de\/#\/schema\/logo\/image\/\",\"url\":\"https:\/\/test-repaireu.rstrt.org\/wp-content\/uploads\/2019\/09\/R2REurope.png\",\"contentUrl\":\"https:\/\/test-repaireu.rstrt.org\/wp-content\/uploads\/2019\/09\/R2REurope.png\",\"width\":320,\"height\":320,\"caption\":\"Right to Repair Europe\"},\"image\":{\"@id\":\"https:\/\/test-repaireu.rstrt.org\/de\/#\/schema\/logo\/image\/\"},\"sameAs\":[\"https:\/\/www.facebook.com\/righttorepaireurope\/\",\"https:\/\/x.com\/R2REurope\",\"https:\/\/www.instagram.com\/R2REurope\/\"]}]}<\/script>\n<!-- \/ Yoast SEO plugin. -->","yoast_head_json":{"title":"Spenden - Right to Repair Europe","robots":{"index":"noindex","follow":"follow","max-snippet":"max-snippet:-1","max-image-preview":"max-image-preview:large","max-video-preview":"max-video-preview:-1"},"og_locale":"de_DE","og_type":"article","og_title":"Spenden - Right to Repair Europe","og_description":"Die Kampagne mit einer Spende unterst\u00fctzen Wir haben das erste Jahr unserer Kampagne fast g\u00e4nzlich aus eigener Tasche finanziert &#8211; aber nun brauchen wir Ihre Hilfe f\u00fcr 2021. Ihre Spende unterst\u00fctzt unseren Einsatz daf\u00fcr, alle Produkte in Europa vollst\u00e4ndig reparierbar zu machen. Wenn Sie lieber per \u00dcberweisung spenden m\u00f6chten, kontaktieren Sie uns bitte. Wenn Ihre &hellip; \u201eSpenden\u201c weiterlesen","og_url":"https:\/\/test-repaireu.rstrt.org\/de\/spenden\/","og_site_name":"Right to Repair Europe","article_publisher":"https:\/\/www.facebook.com\/righttorepaireurope\/","article_modified_time":"2020-12-01T09:59:33+00:00","og_image":[{"width":1200,"height":630,"url":"https:\/\/test-repaireu.rstrt.org\/wp-content\/uploads\/2019\/09\/R2RFacebookImage.png","type":"image\/png"}],"twitter_card":"summary_large_image","twitter_site":"@R2REurope","schema":{"@context":"https:\/\/schema.org","@graph":[{"@type":"WebPage","@id":"https:\/\/test-repaireu.rstrt.org\/de\/spenden\/","url":"https:\/\/test-repaireu.rstrt.org\/de\/spenden\/","name":"Spenden - Right to Repair Europe","isPartOf":{"@id":"https:\/\/test-repaireu.rstrt.org\/de\/#website"},"datePublished":"2020-09-02T10:51:03+00:00","dateModified":"2020-12-01T09:59:33+00:00","breadcrumb":{"@id":"https:\/\/test-repaireu.rstrt.org\/de\/spenden\/#breadcrumb"},"inLanguage":"de","potentialAction":[{"@type":"ReadAction","target":["https:\/\/test-repaireu.rstrt.org\/de\/spenden\/"]}]},{"@type":"BreadcrumbList","@id":"https:\/\/test-repaireu.rstrt.org\/de\/spenden\/#breadcrumb","itemListElement":[{"@type":"ListItem","position":1,"name":"Home","item":"https:\/\/test-repaireu.rstrt.org\/de\/"},{"@type":"ListItem","position":2,"name":"Spenden"}]},{"@type":"WebSite","@id":"https:\/\/test-repaireu.rstrt.org\/de\/#website","url":"https:\/\/test-repaireu.rstrt.org\/de\/","name":"Right to Repair Europe","description":"","publisher":{"@id":"https:\/\/test-repaireu.rstrt.org\/de\/#organization"},"potentialAction":[{"@type":"SearchAction","target":{"@type":"EntryPoint","urlTemplate":"https:\/\/test-repaireu.rstrt.org\/de\/?s={search_term_string}"},"query-input":{"@type":"PropertyValueSpecification","valueRequired":true,"valueName":"search_term_string"}}],"inLanguage":"de"},{"@type":"Organization","@id":"https:\/\/test-repaireu.rstrt.org\/de\/#organization","name":"Right to Repair Europe","url":"https:\/\/test-repaireu.rstrt.org\/de\/","logo":{"@type":"ImageObject","inLanguage":"de","@id":"https:\/\/test-repaireu.rstrt.org\/de\/#\/schema\/logo\/image\/","url":"https:\/\/test-repaireu.rstrt.org\/wp-content\/uploads\/2019\/09\/R2REurope.png","contentUrl":"https:\/\/test-repaireu.rstrt.org\/wp-content\/uploads\/2019\/09\/R2REurope.png","width":320,"height":320,"caption":"Right to Repair Europe"},"image":{"@id":"https:\/\/test-repaireu.rstrt.org\/de\/#\/schema\/logo\/image\/"},"sameAs":["https:\/\/www.facebook.com\/righttorepaireurope\/","https:\/\/x.com\/R2REurope","https:\/\/www.instagram.com\/R2REurope\/"]}]}},"_links":{"self":[{"href":"https:\/\/test-repaireu.rstrt.org\/de\/wp-json\/wp\/v2\/pages\/1788","targetHints":{"allow":["GET"]}}],"collection":[{"href":"https:\/\/test-repaireu.rstrt.org\/de\/wp-json\/wp\/v2\/pages"}],"about":[{"href":"https:\/\/test-repaireu.rstrt.org\/de\/wp-json\/wp\/v2\/types\/page"}],"author":[{"embeddable":true,"href":"https:\/\/test-repaireu.rstrt.org\/de\/wp-json\/wp\/v2\/users\/2"}],"replies":[{"embeddable":true,"href":"https:\/\/test-repaireu.rstrt.org\/de\/wp-json\/wp\/v2\/comments?post=1788"}],"version-history":[{"count":2,"href":"https:\/\/test-repaireu.rstrt.org\/de\/wp-json\/wp\/v2\/pages\/1788\/revisions"}],"predecessor-version":[{"id":2217,"href":"https:\/\/test-repaireu.rstrt.org\/de\/wp-json\/wp\/v2\/pages\/1788\/revisions\/2217"}],"wp:attachment":[{"href":"https:\/\/test-repaireu.rstrt.org\/de\/wp-json\/wp\/v2\/media?parent=1788"}],"curies":[{"name":"wp","href":"https:\/\/api.w.org\/{rel}","templated":true}]}}