{"id":1768,"date":"2020-09-01T15:46:19","date_gmt":"2020-09-01T13:46:19","guid":{"rendered":"https:\/\/test-repaireu.rstrt.org\/?page_id=1768"},"modified":"2021-07-22T10:41:44","modified_gmt":"2021-07-22T08:41:44","slug":"mitglied-der-kampagne-werden","status":"publish","type":"page","link":"https:\/\/test-repaireu.rstrt.org\/de\/mitglied-der-kampagne-werden\/","title":{"rendered":"Mitglied werden"},"content":{"rendered":"\n<figure class=\"wp-block-image size-large\"><a href=\"https:\/\/test-repaireu.rstrt.org\/wp-content\/uploads\/2021\/07\/image.jpeg\"><img loading=\"lazy\" decoding=\"async\" width=\"1024\" height=\"768\" src=\"https:\/\/test-repaireu.rstrt.org\/wp-content\/uploads\/2021\/07\/image-1024x768.jpeg\" alt=\"\" class=\"wp-image-2979\" srcset=\"https:\/\/test-repaireu.rstrt.org\/wp-content\/uploads\/2021\/07\/image-1024x768.jpeg 1024w, https:\/\/test-repaireu.rstrt.org\/wp-content\/uploads\/2021\/07\/image-300x225.jpeg 300w, https:\/\/test-repaireu.rstrt.org\/wp-content\/uploads\/2021\/07\/image-768x576.jpeg 768w, https:\/\/test-repaireu.rstrt.org\/wp-content\/uploads\/2021\/07\/image-1536x1152.jpeg 1536w, https:\/\/test-repaireu.rstrt.org\/wp-content\/uploads\/2021\/07\/image-2048x1536.jpeg 2048w, https:\/\/test-repaireu.rstrt.org\/wp-content\/uploads\/2021\/07\/image-1300x975.jpeg 1300w, https:\/\/test-repaireu.rstrt.org\/wp-content\/uploads\/2021\/07\/image-1568x1176.jpeg 1568w\" sizes=\"auto, (max-width: 1024px) 100vw, 1024px\" \/><\/a><\/figure>\n\n\n\n<p><strong>Wir freuen uns, dass ihr die Right to Repair Europe Kampagne unterstu\u0308tzen m\u00f6chtet<\/strong>!<\/p>\n\n\n\n<p>Eine Mitgliedschaft in der Kampagne steht Gruppen und Organisationen aus ganz Europa offen, die das Recht auf Reparatur unterst\u00fctzen und sich daf\u00fcr einsetzen. Dazu geh\u00f6ren unter anderem: gemeinn\u00fctzige Organisationen, Netzwerke ehrenamtlicher Reparaturinitiativen oder professioneller Reparaturbetriebe, individuelle Reparaturinitiativen und Repair Caf\u00e9s, akademische Einrichtungen, Reparaturbetriebe und andere Unternehmen sowie Beratunginstitute.<\/p>\n\n\n\n<div class=\"wp-block-buttons is-layout-flex wp-block-buttons-is-layout-flex\">\n<div class=\"wp-block-button\"><a class=\"wp-block-button__link has-dark-gray-color has-text-color has-background\" href=\"https:\/\/test-repaireu.rstrt.org\/de\/der-kampagne-als-organisation-beitreten\/\" style=\"background-color:#ffcd00\" rel=\"https:\/\/test-repaireu.rstrt.org\/join-the-campaign-as-an-organisation\/\">Der Kampagne als Organisation beitreten<\/a><\/div>\n<\/div>\n\n\n\n<div class=\"wp-block-group\"><div class=\"wp-block-group__inner-container is-layout-flow wp-block-group-is-layout-flow\">\n<div class=\"wp-block-group make-one-col\"><div class=\"wp-block-group__inner-container is-layout-flow wp-block-group-is-layout-flow\">\n<div class=\"wp-block-group make-one-col\"><div class=\"wp-block-group__inner-container is-layout-flow wp-block-group-is-layout-flow\">\n<div class=\"wp-block-group\"><div class=\"wp-block-group__inner-container is-layout-flow wp-block-group-is-layout-flow\">\n<div class=\"wp-block-group make-one-col\"><div class=\"wp-block-group__inner-container is-layout-flow wp-block-group-is-layout-flow\">\n<div class=\"wp-block-group\"><div class=\"wp-block-group__inner-container is-layout-flow wp-block-group-is-layout-flow\">\n<div class=\"wp-block-group\"><div class=\"wp-block-group__inner-container is-layout-flow wp-block-group-is-layout-flow\">\n<div class=\"wp-block-group\"><div class=\"wp-block-group__inner-container is-layout-flow wp-block-group-is-layout-flow\">\n<div class=\"wp-block-group make-one-col\"><div class=\"wp-block-group__inner-container is-layout-flow wp-block-group-is-layout-flow\"><link href='https:\/\/actionnetwork.org\/css\/style-embed-whitelabel-v3.css' rel='stylesheet' type='text\/css' \/><script src='https:\/\/actionnetwork.org\/widgets\/v3\/form\/der-kampagne-beitreten?format=js&source=widget&style=full'><\/script><div id='can-form-area-der-kampagne-beitreten' style='width: 100%'><!-- this div is the target for our HTML insertion --><\/div>\n<\/div><\/div>\n<\/div><\/div>\n<\/div><\/div>\n<\/div><\/div>\n<\/div><\/div>\n<\/div><\/div>\n<\/div><\/div>\n<\/div><\/div>\n<\/div><\/div>\n","protected":false},"excerpt":{"rendered":"<p>Wir freuen uns, dass ihr die Right to Repair Europe Kampagne unterstu\u0308tzen m\u00f6chtet! Eine Mitgliedschaft in der Kampagne steht Gruppen und Organisationen aus ganz Europa offen, die das Recht auf Reparatur unterst\u00fctzen und sich daf\u00fcr einsetzen. Dazu geh\u00f6ren unter anderem: gemeinn\u00fctzige Organisationen, Netzwerke ehrenamtlicher Reparaturinitiativen oder professioneller Reparaturbetriebe, individuelle Reparaturinitiativen und Repair Caf\u00e9s, akademische Einrichtungen, &hellip; <\/p>\n<p class=\"link-more\"><a href=\"https:\/\/test-repaireu.rstrt.org\/de\/mitglied-der-kampagne-werden\/\" class=\"more-link\"><span class=\"screen-reader-text\">\u201eMitglied werden\u201c<\/span> weiterlesen<\/a><\/p>\n","protected":false},"author":2,"featured_media":0,"parent":0,"menu_order":0,"comment_status":"closed","ping_status":"closed","template":"","meta":{"_acf_changed":false,"footnotes":""},"class_list":["post-1768","page","type-page","status-publish","hentry","entry"],"acf":[],"yoast_head":"<!-- This site is optimized with the Yoast SEO plugin v24.9 - https:\/\/yoast.com\/wordpress\/plugins\/seo\/ -->\n<title>Mitglied werden - Right to Repair Europe<\/title>\n<meta name=\"robots\" content=\"noindex, follow, max-snippet:-1, max-image-preview:large, max-video-preview:-1\" \/>\n<meta property=\"og:locale\" content=\"de_DE\" \/>\n<meta property=\"og:type\" content=\"article\" \/>\n<meta property=\"og:title\" content=\"Mitglied werden - Right to Repair Europe\" \/>\n<meta property=\"og:description\" content=\"Wir freuen uns, dass ihr die Right to Repair Europe Kampagne unterstu\u0308tzen m\u00f6chtet! Eine Mitgliedschaft in der Kampagne steht Gruppen und Organisationen aus ganz Europa offen, die das Recht auf Reparatur unterst\u00fctzen und sich daf\u00fcr einsetzen. Dazu geh\u00f6ren unter anderem: gemeinn\u00fctzige Organisationen, Netzwerke ehrenamtlicher Reparaturinitiativen oder professioneller Reparaturbetriebe, individuelle Reparaturinitiativen und Repair Caf\u00e9s, akademische Einrichtungen, &hellip; \u201eMitglied werden\u201c weiterlesen\" \/>\n<meta property=\"og:url\" content=\"https:\/\/test-repaireu.rstrt.org\/de\/mitglied-der-kampagne-werden\/\" \/>\n<meta property=\"og:site_name\" content=\"Right to Repair Europe\" \/>\n<meta property=\"article:publisher\" content=\"https:\/\/www.facebook.com\/righttorepaireurope\/\" \/>\n<meta property=\"article:modified_time\" content=\"2021-07-22T08:41:44+00:00\" \/>\n<meta property=\"og:image\" content=\"https:\/\/test-repaireu.rstrt.org\/wp-content\/uploads\/2021\/07\/image-1024x768.jpeg\" \/>\n<meta name=\"twitter:card\" content=\"summary_large_image\" \/>\n<meta name=\"twitter:site\" content=\"@R2REurope\" \/>\n<meta name=\"twitter:label1\" content=\"Gesch\u00e4tzte Lesezeit\" \/>\n\t<meta name=\"twitter:data1\" content=\"1\u00a0Minute\" \/>\n<script type=\"application\/ld+json\" class=\"yoast-schema-graph\">{\"@context\":\"https:\/\/schema.org\",\"@graph\":[{\"@type\":\"WebPage\",\"@id\":\"https:\/\/test-repaireu.rstrt.org\/de\/mitglied-der-kampagne-werden\/\",\"url\":\"https:\/\/test-repaireu.rstrt.org\/de\/mitglied-der-kampagne-werden\/\",\"name\":\"Mitglied werden - Right to Repair Europe\",\"isPartOf\":{\"@id\":\"https:\/\/test-repaireu.rstrt.org\/de\/#website\"},\"primaryImageOfPage\":{\"@id\":\"https:\/\/test-repaireu.rstrt.org\/de\/mitglied-der-kampagne-werden\/#primaryimage\"},\"image\":{\"@id\":\"https:\/\/test-repaireu.rstrt.org\/de\/mitglied-der-kampagne-werden\/#primaryimage\"},\"thumbnailUrl\":\"https:\/\/test-repaireu.rstrt.org\/wp-content\/uploads\/2021\/07\/image-1024x768.jpeg\",\"datePublished\":\"2020-09-01T13:46:19+00:00\",\"dateModified\":\"2021-07-22T08:41:44+00:00\",\"breadcrumb\":{\"@id\":\"https:\/\/test-repaireu.rstrt.org\/de\/mitglied-der-kampagne-werden\/#breadcrumb\"},\"inLanguage\":\"de\",\"potentialAction\":[{\"@type\":\"ReadAction\",\"target\":[\"https:\/\/test-repaireu.rstrt.org\/de\/mitglied-der-kampagne-werden\/\"]}]},{\"@type\":\"ImageObject\",\"inLanguage\":\"de\",\"@id\":\"https:\/\/test-repaireu.rstrt.org\/de\/mitglied-der-kampagne-werden\/#primaryimage\",\"url\":\"https:\/\/test-repaireu.rstrt.org\/wp-content\/uploads\/2021\/07\/image-1024x768.jpeg\",\"contentUrl\":\"https:\/\/test-repaireu.rstrt.org\/wp-content\/uploads\/2021\/07\/image-1024x768.jpeg\"},{\"@type\":\"BreadcrumbList\",\"@id\":\"https:\/\/test-repaireu.rstrt.org\/de\/mitglied-der-kampagne-werden\/#breadcrumb\",\"itemListElement\":[{\"@type\":\"ListItem\",\"position\":1,\"name\":\"Home\",\"item\":\"https:\/\/test-repaireu.rstrt.org\/de\/\"},{\"@type\":\"ListItem\",\"position\":2,\"name\":\"Mitglied werden\"}]},{\"@type\":\"WebSite\",\"@id\":\"https:\/\/test-repaireu.rstrt.org\/de\/#website\",\"url\":\"https:\/\/test-repaireu.rstrt.org\/de\/\",\"name\":\"Right to Repair Europe\",\"description\":\"\",\"publisher\":{\"@id\":\"https:\/\/test-repaireu.rstrt.org\/de\/#organization\"},\"potentialAction\":[{\"@type\":\"SearchAction\",\"target\":{\"@type\":\"EntryPoint\",\"urlTemplate\":\"https:\/\/test-repaireu.rstrt.org\/de\/?s={search_term_string}\"},\"query-input\":{\"@type\":\"PropertyValueSpecification\",\"valueRequired\":true,\"valueName\":\"search_term_string\"}}],\"inLanguage\":\"de\"},{\"@type\":\"Organization\",\"@id\":\"https:\/\/test-repaireu.rstrt.org\/de\/#organization\",\"name\":\"Right to Repair Europe\",\"url\":\"https:\/\/test-repaireu.rstrt.org\/de\/\",\"logo\":{\"@type\":\"ImageObject\",\"inLanguage\":\"de\",\"@id\":\"https:\/\/test-repaireu.rstrt.org\/de\/#\/schema\/logo\/image\/\",\"url\":\"https:\/\/test-repaireu.rstrt.org\/wp-content\/uploads\/2019\/09\/R2REurope.png\",\"contentUrl\":\"https:\/\/test-repaireu.rstrt.org\/wp-content\/uploads\/2019\/09\/R2REurope.png\",\"width\":320,\"height\":320,\"caption\":\"Right to Repair Europe\"},\"image\":{\"@id\":\"https:\/\/test-repaireu.rstrt.org\/de\/#\/schema\/logo\/image\/\"},\"sameAs\":[\"https:\/\/www.facebook.com\/righttorepaireurope\/\",\"https:\/\/x.com\/R2REurope\",\"https:\/\/www.instagram.com\/R2REurope\/\"]}]}<\/script>\n<!-- \/ Yoast SEO plugin. -->","yoast_head_json":{"title":"Mitglied werden - Right to Repair Europe","robots":{"index":"noindex","follow":"follow","max-snippet":"max-snippet:-1","max-image-preview":"max-image-preview:large","max-video-preview":"max-video-preview:-1"},"og_locale":"de_DE","og_type":"article","og_title":"Mitglied werden - Right to Repair Europe","og_description":"Wir freuen uns, dass ihr die Right to Repair Europe Kampagne unterstu\u0308tzen m\u00f6chtet! Eine Mitgliedschaft in der Kampagne steht Gruppen und Organisationen aus ganz Europa offen, die das Recht auf Reparatur unterst\u00fctzen und sich daf\u00fcr einsetzen. Dazu geh\u00f6ren unter anderem: gemeinn\u00fctzige Organisationen, Netzwerke ehrenamtlicher Reparaturinitiativen oder professioneller Reparaturbetriebe, individuelle Reparaturinitiativen und Repair Caf\u00e9s, akademische Einrichtungen, &hellip; \u201eMitglied werden\u201c weiterlesen","og_url":"https:\/\/test-repaireu.rstrt.org\/de\/mitglied-der-kampagne-werden\/","og_site_name":"Right to Repair Europe","article_publisher":"https:\/\/www.facebook.com\/righttorepaireurope\/","article_modified_time":"2021-07-22T08:41:44+00:00","og_image":[{"url":"https:\/\/test-repaireu.rstrt.org\/wp-content\/uploads\/2021\/07\/image-1024x768.jpeg","type":"","width":"","height":""}],"twitter_card":"summary_large_image","twitter_site":"@R2REurope","twitter_misc":{"Gesch\u00e4tzte Lesezeit":"1\u00a0Minute"},"schema":{"@context":"https:\/\/schema.org","@graph":[{"@type":"WebPage","@id":"https:\/\/test-repaireu.rstrt.org\/de\/mitglied-der-kampagne-werden\/","url":"https:\/\/test-repaireu.rstrt.org\/de\/mitglied-der-kampagne-werden\/","name":"Mitglied werden - Right to Repair Europe","isPartOf":{"@id":"https:\/\/test-repaireu.rstrt.org\/de\/#website"},"primaryImageOfPage":{"@id":"https:\/\/test-repaireu.rstrt.org\/de\/mitglied-der-kampagne-werden\/#primaryimage"},"image":{"@id":"https:\/\/test-repaireu.rstrt.org\/de\/mitglied-der-kampagne-werden\/#primaryimage"},"thumbnailUrl":"https:\/\/test-repaireu.rstrt.org\/wp-content\/uploads\/2021\/07\/image-1024x768.jpeg","datePublished":"2020-09-01T13:46:19+00:00","dateModified":"2021-07-22T08:41:44+00:00","breadcrumb":{"@id":"https:\/\/test-repaireu.rstrt.org\/de\/mitglied-der-kampagne-werden\/#breadcrumb"},"inLanguage":"de","potentialAction":[{"@type":"ReadAction","target":["https:\/\/test-repaireu.rstrt.org\/de\/mitglied-der-kampagne-werden\/"]}]},{"@type":"ImageObject","inLanguage":"de","@id":"https:\/\/test-repaireu.rstrt.org\/de\/mitglied-der-kampagne-werden\/#primaryimage","url":"https:\/\/test-repaireu.rstrt.org\/wp-content\/uploads\/2021\/07\/image-1024x768.jpeg","contentUrl":"https:\/\/test-repaireu.rstrt.org\/wp-content\/uploads\/2021\/07\/image-1024x768.jpeg"},{"@type":"BreadcrumbList","@id":"https:\/\/test-repaireu.rstrt.org\/de\/mitglied-der-kampagne-werden\/#breadcrumb","itemListElement":[{"@type":"ListItem","position":1,"name":"Home","item":"https:\/\/test-repaireu.rstrt.org\/de\/"},{"@type":"ListItem","position":2,"name":"Mitglied werden"}]},{"@type":"WebSite","@id":"https:\/\/test-repaireu.rstrt.org\/de\/#website","url":"https:\/\/test-repaireu.rstrt.org\/de\/","name":"Right to Repair Europe","description":"","publisher":{"@id":"https:\/\/test-repaireu.rstrt.org\/de\/#organization"},"potentialAction":[{"@type":"SearchAction","target":{"@type":"EntryPoint","urlTemplate":"https:\/\/test-repaireu.rstrt.org\/de\/?s={search_term_string}"},"query-input":{"@type":"PropertyValueSpecification","valueRequired":true,"valueName":"search_term_string"}}],"inLanguage":"de"},{"@type":"Organization","@id":"https:\/\/test-repaireu.rstrt.org\/de\/#organization","name":"Right to Repair Europe","url":"https:\/\/test-repaireu.rstrt.org\/de\/","logo":{"@type":"ImageObject","inLanguage":"de","@id":"https:\/\/test-repaireu.rstrt.org\/de\/#\/schema\/logo\/image\/","url":"https:\/\/test-repaireu.rstrt.org\/wp-content\/uploads\/2019\/09\/R2REurope.png","contentUrl":"https:\/\/test-repaireu.rstrt.org\/wp-content\/uploads\/2019\/09\/R2REurope.png","width":320,"height":320,"caption":"Right to Repair Europe"},"image":{"@id":"https:\/\/test-repaireu.rstrt.org\/de\/#\/schema\/logo\/image\/"},"sameAs":["https:\/\/www.facebook.com\/righttorepaireurope\/","https:\/\/x.com\/R2REurope","https:\/\/www.instagram.com\/R2REurope\/"]}]}},"_links":{"self":[{"href":"https:\/\/test-repaireu.rstrt.org\/de\/wp-json\/wp\/v2\/pages\/1768","targetHints":{"allow":["GET"]}}],"collection":[{"href":"https:\/\/test-repaireu.rstrt.org\/de\/wp-json\/wp\/v2\/pages"}],"about":[{"href":"https:\/\/test-repaireu.rstrt.org\/de\/wp-json\/wp\/v2\/types\/page"}],"author":[{"embeddable":true,"href":"https:\/\/test-repaireu.rstrt.org\/de\/wp-json\/wp\/v2\/users\/2"}],"replies":[{"embeddable":true,"href":"https:\/\/test-repaireu.rstrt.org\/de\/wp-json\/wp\/v2\/comments?post=1768"}],"version-history":[{"count":5,"href":"https:\/\/test-repaireu.rstrt.org\/de\/wp-json\/wp\/v2\/pages\/1768\/revisions"}],"predecessor-version":[{"id":2983,"href":"https:\/\/test-repaireu.rstrt.org\/de\/wp-json\/wp\/v2\/pages\/1768\/revisions\/2983"}],"wp:attachment":[{"href":"https:\/\/test-repaireu.rstrt.org\/de\/wp-json\/wp\/v2\/media?parent=1768"}],"curies":[{"name":"wp","href":"https:\/\/api.w.org\/{rel}","templated":true}]}}