{"id":1962,"date":"2020-10-28T10:08:31","date_gmt":"2020-10-28T09:08:31","guid":{"rendered":"https:\/\/test-repaireu.rstrt.org\/?page_id=1962"},"modified":"2021-07-22T10:45:31","modified_gmt":"2021-07-22T08:45:31","slug":"join-the-campaign","status":"publish","type":"page","link":"https:\/\/test-repaireu.rstrt.org\/ca\/join-the-campaign\/","title":{"rendered":"Uneix-te a la campanya"},"content":{"rendered":"\n<figure class=\"wp-block-image size-large\"><a href=\"https:\/\/test-repaireu.rstrt.org\/wp-content\/uploads\/2021\/07\/image.jpeg\"><img loading=\"lazy\" decoding=\"async\" width=\"1024\" height=\"768\" src=\"https:\/\/test-repaireu.rstrt.org\/wp-content\/uploads\/2021\/07\/image-1024x768.jpeg\" alt=\"\" class=\"wp-image-2976\" srcset=\"https:\/\/test-repaireu.rstrt.org\/wp-content\/uploads\/2021\/07\/image-1024x768.jpeg 1024w, https:\/\/test-repaireu.rstrt.org\/wp-content\/uploads\/2021\/07\/image-300x225.jpeg 300w, https:\/\/test-repaireu.rstrt.org\/wp-content\/uploads\/2021\/07\/image-768x576.jpeg 768w, https:\/\/test-repaireu.rstrt.org\/wp-content\/uploads\/2021\/07\/image-1536x1152.jpeg 1536w, https:\/\/test-repaireu.rstrt.org\/wp-content\/uploads\/2021\/07\/image-2048x1536.jpeg 2048w, https:\/\/test-repaireu.rstrt.org\/wp-content\/uploads\/2021\/07\/image-1300x975.jpeg 1300w, https:\/\/test-repaireu.rstrt.org\/wp-content\/uploads\/2021\/07\/image-1568x1176.jpeg 1568w\" sizes=\"auto, (max-width: 1024px) 100vw, 1024px\" \/><\/a><\/figure>\n\n\n\n<p><strong>Moltes gr\u00e0cies pel teu inter\u00e8s a formar part de la campanya europea pel dret a la reparaci\u00f3!<\/strong><\/p>\n\n\n\n<p>Ser membre est\u00e0 obert a grups i organitzacions de tota Europa, que recolzen i es comprometen amb la causa del Dret a Reparar. S\u00b4incloure entre d\u00b4altres a organitzacions sense \u00e0nim de lucre, xarxes d\u2019iniciatives locals de reparaci\u00f3 o reparadors professionals, iniciatives individuals de reparaci\u00f3 i caf\u00e9s de reparaci\u00f3, institucions acad\u00e8miques, empreses de reparaci\u00f3 o altres empreses, empreses de consultoria. <a href=\"https:\/\/test-repaireu.rstrt.org\/ca\/uneix-te-a-la-campanya-com-a-organitzacio\/\">Fes clic a continuaci\u00f3 per a presentar la teva sol\u00b7licitud<\/a>.<\/p>\n\n\n\n<p><\/p>\n\n\n\n<div class=\"wp-block-buttons is-layout-flex wp-block-buttons-is-layout-flex\">\n<div class=\"wp-block-button\"><a class=\"wp-block-button__link has-dark-gray-color has-text-color has-background\" href=\"https:\/\/test-repaireu.rstrt.org\/join-the-campaign-as-an-organisation\/\" style=\"background-color:#ffcd00\" rel=\"https:\/\/test-repaireu.rstrt.org\/join-the-campaign-as-an-organisation\/\">Uneix-te a la campanya com a organitzaci\u00f3<\/a><\/div>\n<\/div>\n\n\n\n<div class=\"wp-block-group\"><div class=\"wp-block-group__inner-container is-layout-flow wp-block-group-is-layout-flow\">\n<div class=\"wp-block-group make-one-col\"><div class=\"wp-block-group__inner-container is-layout-flow wp-block-group-is-layout-flow\">\n<div class=\"wp-block-group make-one-col\"><div class=\"wp-block-group__inner-container is-layout-flow wp-block-group-is-layout-flow\">\n<div class=\"wp-block-group\"><div class=\"wp-block-group__inner-container is-layout-flow wp-block-group-is-layout-flow\">\n<div class=\"wp-block-group make-one-col\"><div class=\"wp-block-group__inner-container is-layout-flow wp-block-group-is-layout-flow\">\n<div class=\"wp-block-group\"><div class=\"wp-block-group__inner-container is-layout-flow wp-block-group-is-layout-flow\">\n<div class=\"wp-block-group\"><div class=\"wp-block-group__inner-container is-layout-flow wp-block-group-is-layout-flow\">\n<div class=\"wp-block-group\"><div class=\"wp-block-group__inner-container is-layout-flow wp-block-group-is-layout-flow\">\n<div class=\"wp-block-group make-one-col\"><div class=\"wp-block-group__inner-container is-layout-flow wp-block-group-is-layout-flow\"><link href='https:\/\/actionnetwork.org\/css\/style-embed-whitelabel-v3.css' rel='stylesheet' type='text\/css' \/><script src='https:\/\/actionnetwork.org\/widgets\/v3\/form\/apuntat-al-moviment-per-un-dret-universal-a-reparar?format=js&source=widget&style=full'><\/script><div id='can-form-area-apuntat-al-moviment-per-un-dret-universal-a-reparar' style='width: 100%'><!-- this div is the target for our HTML insertion --><\/div>\n<\/div><\/div>\n<\/div><\/div>\n<\/div><\/div>\n<\/div><\/div>\n<\/div><\/div>\n<\/div><\/div>\n<\/div><\/div>\n<\/div><\/div>\n<\/div><\/div>\n","protected":false},"excerpt":{"rendered":"<p>Moltes gr\u00e0cies pel teu inter\u00e8s a formar part de la campanya europea pel dret a la reparaci\u00f3! Ser membre est\u00e0 obert a grups i organitzacions de tota Europa, que recolzen i es comprometen amb la causa del Dret a Reparar. S\u00b4incloure entre d\u00b4altres a organitzacions sense \u00e0nim de lucre, xarxes d\u2019iniciatives locals de reparaci\u00f3 o &hellip; <\/p>\n<p class=\"link-more\"><a href=\"https:\/\/test-repaireu.rstrt.org\/ca\/join-the-campaign\/\" class=\"more-link\">Continua llegint <span class=\"screen-reader-text\">\u00abUneix-te a la campanya\u00bb<\/span><\/a><\/p>\n","protected":false},"author":2,"featured_media":0,"parent":0,"menu_order":0,"comment_status":"closed","ping_status":"closed","template":"","meta":{"_acf_changed":false,"footnotes":""},"class_list":["post-1962","page","type-page","status-publish","hentry","entry"],"acf":[],"yoast_head":"<!-- This site is optimized with the Yoast SEO plugin v24.9 - https:\/\/yoast.com\/wordpress\/plugins\/seo\/ -->\n<title>Uneix-te a la campanya - Right to Repair Europe<\/title>\n<meta name=\"robots\" content=\"noindex, follow, max-snippet:-1, max-image-preview:large, max-video-preview:-1\" \/>\n<meta property=\"og:locale\" content=\"ca_ES\" \/>\n<meta property=\"og:type\" content=\"article\" \/>\n<meta property=\"og:title\" content=\"Uneix-te a la campanya - Right to Repair Europe\" \/>\n<meta property=\"og:description\" content=\"Moltes gr\u00e0cies pel teu inter\u00e8s a formar part de la campanya europea pel dret a la reparaci\u00f3! Ser membre est\u00e0 obert a grups i organitzacions de tota Europa, que recolzen i es comprometen amb la causa del Dret a Reparar. S\u00b4incloure entre d\u00b4altres a organitzacions sense \u00e0nim de lucre, xarxes d\u2019iniciatives locals de reparaci\u00f3 o &hellip; Continua llegint \u00abUneix-te a la campanya\u00bb\" \/>\n<meta property=\"og:url\" content=\"https:\/\/test-repaireu.rstrt.org\/ca\/join-the-campaign\/\" \/>\n<meta property=\"og:site_name\" content=\"Right to Repair Europe\" \/>\n<meta property=\"article:publisher\" content=\"https:\/\/www.facebook.com\/righttorepaireurope\/\" \/>\n<meta property=\"article:modified_time\" content=\"2021-07-22T08:45:31+00:00\" \/>\n<meta property=\"og:image\" content=\"https:\/\/test-repaireu.rstrt.org\/wp-content\/uploads\/2021\/07\/image-1024x768.jpeg\" \/>\n<meta name=\"twitter:card\" content=\"summary_large_image\" \/>\n<meta name=\"twitter:site\" content=\"@R2REurope\" \/>\n<meta name=\"twitter:label1\" content=\"Temps estimat de lectura\" \/>\n\t<meta name=\"twitter:data1\" content=\"1 minut\" \/>\n<script type=\"application\/ld+json\" class=\"yoast-schema-graph\">{\"@context\":\"https:\/\/schema.org\",\"@graph\":[{\"@type\":\"WebPage\",\"@id\":\"https:\/\/test-repaireu.rstrt.org\/ca\/join-the-campaign\/\",\"url\":\"https:\/\/test-repaireu.rstrt.org\/ca\/join-the-campaign\/\",\"name\":\"Uneix-te a la campanya - Right to Repair Europe\",\"isPartOf\":{\"@id\":\"https:\/\/test-repaireu.rstrt.org\/ca\/#website\"},\"primaryImageOfPage\":{\"@id\":\"https:\/\/test-repaireu.rstrt.org\/ca\/join-the-campaign\/#primaryimage\"},\"image\":{\"@id\":\"https:\/\/test-repaireu.rstrt.org\/ca\/join-the-campaign\/#primaryimage\"},\"thumbnailUrl\":\"https:\/\/test-repaireu.rstrt.org\/wp-content\/uploads\/2021\/07\/image-1024x768.jpeg\",\"datePublished\":\"2020-10-28T09:08:31+00:00\",\"dateModified\":\"2021-07-22T08:45:31+00:00\",\"breadcrumb\":{\"@id\":\"https:\/\/test-repaireu.rstrt.org\/ca\/join-the-campaign\/#breadcrumb\"},\"inLanguage\":\"ca\",\"potentialAction\":[{\"@type\":\"ReadAction\",\"target\":[\"https:\/\/test-repaireu.rstrt.org\/ca\/join-the-campaign\/\"]}]},{\"@type\":\"ImageObject\",\"inLanguage\":\"ca\",\"@id\":\"https:\/\/test-repaireu.rstrt.org\/ca\/join-the-campaign\/#primaryimage\",\"url\":\"https:\/\/test-repaireu.rstrt.org\/wp-content\/uploads\/2021\/07\/image-1024x768.jpeg\",\"contentUrl\":\"https:\/\/test-repaireu.rstrt.org\/wp-content\/uploads\/2021\/07\/image-1024x768.jpeg\"},{\"@type\":\"BreadcrumbList\",\"@id\":\"https:\/\/test-repaireu.rstrt.org\/ca\/join-the-campaign\/#breadcrumb\",\"itemListElement\":[{\"@type\":\"ListItem\",\"position\":1,\"name\":\"Home\",\"item\":\"https:\/\/test-repaireu.rstrt.org\/ca\/\"},{\"@type\":\"ListItem\",\"position\":2,\"name\":\"Uneix-te a la campanya\"}]},{\"@type\":\"WebSite\",\"@id\":\"https:\/\/test-repaireu.rstrt.org\/ca\/#website\",\"url\":\"https:\/\/test-repaireu.rstrt.org\/ca\/\",\"name\":\"Right to Repair Europe\",\"description\":\"\",\"publisher\":{\"@id\":\"https:\/\/test-repaireu.rstrt.org\/ca\/#organization\"},\"potentialAction\":[{\"@type\":\"SearchAction\",\"target\":{\"@type\":\"EntryPoint\",\"urlTemplate\":\"https:\/\/test-repaireu.rstrt.org\/ca\/?s={search_term_string}\"},\"query-input\":{\"@type\":\"PropertyValueSpecification\",\"valueRequired\":true,\"valueName\":\"search_term_string\"}}],\"inLanguage\":\"ca\"},{\"@type\":\"Organization\",\"@id\":\"https:\/\/test-repaireu.rstrt.org\/ca\/#organization\",\"name\":\"Right to Repair Europe\",\"url\":\"https:\/\/test-repaireu.rstrt.org\/ca\/\",\"logo\":{\"@type\":\"ImageObject\",\"inLanguage\":\"ca\",\"@id\":\"https:\/\/test-repaireu.rstrt.org\/ca\/#\/schema\/logo\/image\/\",\"url\":\"https:\/\/test-repaireu.rstrt.org\/wp-content\/uploads\/2019\/09\/R2REurope.png\",\"contentUrl\":\"https:\/\/test-repaireu.rstrt.org\/wp-content\/uploads\/2019\/09\/R2REurope.png\",\"width\":320,\"height\":320,\"caption\":\"Right to Repair Europe\"},\"image\":{\"@id\":\"https:\/\/test-repaireu.rstrt.org\/ca\/#\/schema\/logo\/image\/\"},\"sameAs\":[\"https:\/\/www.facebook.com\/righttorepaireurope\/\",\"https:\/\/x.com\/R2REurope\",\"https:\/\/www.instagram.com\/R2REurope\/\"]}]}<\/script>\n<!-- \/ Yoast SEO plugin. -->","yoast_head_json":{"title":"Uneix-te a la campanya - Right to Repair Europe","robots":{"index":"noindex","follow":"follow","max-snippet":"max-snippet:-1","max-image-preview":"max-image-preview:large","max-video-preview":"max-video-preview:-1"},"og_locale":"ca_ES","og_type":"article","og_title":"Uneix-te a la campanya - Right to Repair Europe","og_description":"Moltes gr\u00e0cies pel teu inter\u00e8s a formar part de la campanya europea pel dret a la reparaci\u00f3! Ser membre est\u00e0 obert a grups i organitzacions de tota Europa, que recolzen i es comprometen amb la causa del Dret a Reparar. S\u00b4incloure entre d\u00b4altres a organitzacions sense \u00e0nim de lucre, xarxes d\u2019iniciatives locals de reparaci\u00f3 o &hellip; Continua llegint \u00abUneix-te a la campanya\u00bb","og_url":"https:\/\/test-repaireu.rstrt.org\/ca\/join-the-campaign\/","og_site_name":"Right to Repair Europe","article_publisher":"https:\/\/www.facebook.com\/righttorepaireurope\/","article_modified_time":"2021-07-22T08:45:31+00:00","og_image":[{"url":"https:\/\/test-repaireu.rstrt.org\/wp-content\/uploads\/2021\/07\/image-1024x768.jpeg","type":"","width":"","height":""}],"twitter_card":"summary_large_image","twitter_site":"@R2REurope","twitter_misc":{"Temps estimat de lectura":"1 minut"},"schema":{"@context":"https:\/\/schema.org","@graph":[{"@type":"WebPage","@id":"https:\/\/test-repaireu.rstrt.org\/ca\/join-the-campaign\/","url":"https:\/\/test-repaireu.rstrt.org\/ca\/join-the-campaign\/","name":"Uneix-te a la campanya - Right to Repair Europe","isPartOf":{"@id":"https:\/\/test-repaireu.rstrt.org\/ca\/#website"},"primaryImageOfPage":{"@id":"https:\/\/test-repaireu.rstrt.org\/ca\/join-the-campaign\/#primaryimage"},"image":{"@id":"https:\/\/test-repaireu.rstrt.org\/ca\/join-the-campaign\/#primaryimage"},"thumbnailUrl":"https:\/\/test-repaireu.rstrt.org\/wp-content\/uploads\/2021\/07\/image-1024x768.jpeg","datePublished":"2020-10-28T09:08:31+00:00","dateModified":"2021-07-22T08:45:31+00:00","breadcrumb":{"@id":"https:\/\/test-repaireu.rstrt.org\/ca\/join-the-campaign\/#breadcrumb"},"inLanguage":"ca","potentialAction":[{"@type":"ReadAction","target":["https:\/\/test-repaireu.rstrt.org\/ca\/join-the-campaign\/"]}]},{"@type":"ImageObject","inLanguage":"ca","@id":"https:\/\/test-repaireu.rstrt.org\/ca\/join-the-campaign\/#primaryimage","url":"https:\/\/test-repaireu.rstrt.org\/wp-content\/uploads\/2021\/07\/image-1024x768.jpeg","contentUrl":"https:\/\/test-repaireu.rstrt.org\/wp-content\/uploads\/2021\/07\/image-1024x768.jpeg"},{"@type":"BreadcrumbList","@id":"https:\/\/test-repaireu.rstrt.org\/ca\/join-the-campaign\/#breadcrumb","itemListElement":[{"@type":"ListItem","position":1,"name":"Home","item":"https:\/\/test-repaireu.rstrt.org\/ca\/"},{"@type":"ListItem","position":2,"name":"Uneix-te a la campanya"}]},{"@type":"WebSite","@id":"https:\/\/test-repaireu.rstrt.org\/ca\/#website","url":"https:\/\/test-repaireu.rstrt.org\/ca\/","name":"Right to Repair Europe","description":"","publisher":{"@id":"https:\/\/test-repaireu.rstrt.org\/ca\/#organization"},"potentialAction":[{"@type":"SearchAction","target":{"@type":"EntryPoint","urlTemplate":"https:\/\/test-repaireu.rstrt.org\/ca\/?s={search_term_string}"},"query-input":{"@type":"PropertyValueSpecification","valueRequired":true,"valueName":"search_term_string"}}],"inLanguage":"ca"},{"@type":"Organization","@id":"https:\/\/test-repaireu.rstrt.org\/ca\/#organization","name":"Right to Repair Europe","url":"https:\/\/test-repaireu.rstrt.org\/ca\/","logo":{"@type":"ImageObject","inLanguage":"ca","@id":"https:\/\/test-repaireu.rstrt.org\/ca\/#\/schema\/logo\/image\/","url":"https:\/\/test-repaireu.rstrt.org\/wp-content\/uploads\/2019\/09\/R2REurope.png","contentUrl":"https:\/\/test-repaireu.rstrt.org\/wp-content\/uploads\/2019\/09\/R2REurope.png","width":320,"height":320,"caption":"Right to Repair Europe"},"image":{"@id":"https:\/\/test-repaireu.rstrt.org\/ca\/#\/schema\/logo\/image\/"},"sameAs":["https:\/\/www.facebook.com\/righttorepaireurope\/","https:\/\/x.com\/R2REurope","https:\/\/www.instagram.com\/R2REurope\/"]}]}},"_links":{"self":[{"href":"https:\/\/test-repaireu.rstrt.org\/ca\/wp-json\/wp\/v2\/pages\/1962","targetHints":{"allow":["GET"]}}],"collection":[{"href":"https:\/\/test-repaireu.rstrt.org\/ca\/wp-json\/wp\/v2\/pages"}],"about":[{"href":"https:\/\/test-repaireu.rstrt.org\/ca\/wp-json\/wp\/v2\/types\/page"}],"author":[{"embeddable":true,"href":"https:\/\/test-repaireu.rstrt.org\/ca\/wp-json\/wp\/v2\/users\/2"}],"replies":[{"embeddable":true,"href":"https:\/\/test-repaireu.rstrt.org\/ca\/wp-json\/wp\/v2\/comments?post=1962"}],"version-history":[{"count":4,"href":"https:\/\/test-repaireu.rstrt.org\/ca\/wp-json\/wp\/v2\/pages\/1962\/revisions"}],"predecessor-version":[{"id":2984,"href":"https:\/\/test-repaireu.rstrt.org\/ca\/wp-json\/wp\/v2\/pages\/1962\/revisions\/2984"}],"wp:attachment":[{"href":"https:\/\/test-repaireu.rstrt.org\/ca\/wp-json\/wp\/v2\/media?parent=1962"}],"curies":[{"name":"wp","href":"https:\/\/api.w.org\/{rel}","templated":true}]}}