{"id":1960,"date":"2020-10-28T09:31:41","date_gmt":"2020-10-28T08:31:41","guid":{"rendered":"https:\/\/test-repaireu.rstrt.org\/?page_id=1960"},"modified":"2020-10-28T09:31:44","modified_gmt":"2020-10-28T08:31:44","slug":"dona","status":"publish","type":"page","link":"https:\/\/test-repaireu.rstrt.org\/ca\/dona\/","title":{"rendered":"Dona"},"content":{"rendered":"\n<h3 class=\"wp-block-heading\">Ajudeu la campanya amb una donaci\u00f3<\/h3>\n\n\n\n<p>Ajuda\u2019ns a portar el dret a reparar a Europa! La teva donaci\u00f3 contribuir\u00e0 a la nostra lluita per fer que tots els productes al mercat europeu siguin plenament reparables. Ho podem fer, per\u00f2 necessitem la teva ajuda.<\/p>\n\n\n\n<p>Representes una companyia o una organitzaci\u00f3 disposada a donar suport a la campanya? No tens targeta de cr\u00e8dit i vols fer una donaci\u00f3 per transfer\u00e8ncia banc\u00e0ria? Posa\u2019t en contacte <a href=\"mailto:info@repair.eu\">amb nosaltres<\/a>.<\/p>\n\n\n\n<p><\/p>\n\n\n\n<script src=\"https:\/\/actionnetwork.org\/widgets\/v3\/fundraising\/test-donate-to-right-to-repair-europe?format=js&amp;source=widget&amp;css=whitelabel&amp;style=full\"><\/script><div id=\"can-fundraising-area-test-donate-to-right-to-repair-europe\" style=\"width: 100%\"><!-- this div is the target for our HTML insertion --><\/div>\n\n\n\n<p><\/p>\n","protected":false},"excerpt":{"rendered":"<p>Ajudeu la campanya amb una donaci\u00f3 Ajuda\u2019ns a portar el dret a reparar a Europa! La teva donaci\u00f3 contribuir\u00e0 a la nostra lluita per fer que tots els productes al mercat europeu siguin plenament reparables. Ho podem fer, per\u00f2 necessitem la teva ajuda. Representes una companyia o una organitzaci\u00f3 disposada a donar suport a la &hellip; <\/p>\n<p class=\"link-more\"><a href=\"https:\/\/test-repaireu.rstrt.org\/ca\/dona\/\" class=\"more-link\">Continua llegint <span class=\"screen-reader-text\">\u00abDona\u00bb<\/span><\/a><\/p>\n","protected":false},"author":2,"featured_media":0,"parent":0,"menu_order":0,"comment_status":"closed","ping_status":"closed","template":"","meta":{"_acf_changed":false,"footnotes":""},"class_list":["post-1960","page","type-page","status-publish","hentry","entry"],"acf":[],"yoast_head":"<!-- This site is optimized with the Yoast SEO plugin v24.9 - https:\/\/yoast.com\/wordpress\/plugins\/seo\/ -->\n<title>Dona - Right to Repair Europe<\/title>\n<meta name=\"robots\" content=\"noindex, follow, max-snippet:-1, max-image-preview:large, max-video-preview:-1\" \/>\n<meta property=\"og:locale\" content=\"ca_ES\" \/>\n<meta property=\"og:type\" content=\"article\" \/>\n<meta property=\"og:title\" content=\"Dona - Right to Repair Europe\" \/>\n<meta property=\"og:description\" content=\"Ajudeu la campanya amb una donaci\u00f3 Ajuda\u2019ns a portar el dret a reparar a Europa! La teva donaci\u00f3 contribuir\u00e0 a la nostra lluita per fer que tots els productes al mercat europeu siguin plenament reparables. Ho podem fer, per\u00f2 necessitem la teva ajuda. Representes una companyia o una organitzaci\u00f3 disposada a donar suport a la &hellip; Continua llegint \u00abDona\u00bb\" \/>\n<meta property=\"og:url\" content=\"https:\/\/test-repaireu.rstrt.org\/ca\/dona\/\" \/>\n<meta property=\"og:site_name\" content=\"Right to Repair Europe\" \/>\n<meta property=\"article:publisher\" content=\"https:\/\/www.facebook.com\/righttorepaireurope\/\" \/>\n<meta property=\"article:modified_time\" content=\"2020-10-28T08:31:44+00:00\" \/>\n<meta property=\"og:image\" content=\"https:\/\/test-repaireu.rstrt.org\/wp-content\/uploads\/2019\/09\/R2RFacebookImage.png\" \/>\n\t<meta property=\"og:image:width\" content=\"1200\" \/>\n\t<meta property=\"og:image:height\" content=\"630\" \/>\n\t<meta property=\"og:image:type\" content=\"image\/png\" \/>\n<meta name=\"twitter:card\" content=\"summary_large_image\" \/>\n<meta name=\"twitter:site\" content=\"@R2REurope\" \/>\n<script type=\"application\/ld+json\" class=\"yoast-schema-graph\">{\"@context\":\"https:\/\/schema.org\",\"@graph\":[{\"@type\":\"WebPage\",\"@id\":\"https:\/\/test-repaireu.rstrt.org\/ca\/dona\/\",\"url\":\"https:\/\/test-repaireu.rstrt.org\/ca\/dona\/\",\"name\":\"Dona - Right to Repair Europe\",\"isPartOf\":{\"@id\":\"https:\/\/test-repaireu.rstrt.org\/ca\/#website\"},\"datePublished\":\"2020-10-28T08:31:41+00:00\",\"dateModified\":\"2020-10-28T08:31:44+00:00\",\"breadcrumb\":{\"@id\":\"https:\/\/test-repaireu.rstrt.org\/ca\/dona\/#breadcrumb\"},\"inLanguage\":\"ca\",\"potentialAction\":[{\"@type\":\"ReadAction\",\"target\":[\"https:\/\/test-repaireu.rstrt.org\/ca\/dona\/\"]}]},{\"@type\":\"BreadcrumbList\",\"@id\":\"https:\/\/test-repaireu.rstrt.org\/ca\/dona\/#breadcrumb\",\"itemListElement\":[{\"@type\":\"ListItem\",\"position\":1,\"name\":\"Home\",\"item\":\"https:\/\/test-repaireu.rstrt.org\/ca\/\"},{\"@type\":\"ListItem\",\"position\":2,\"name\":\"Dona\"}]},{\"@type\":\"WebSite\",\"@id\":\"https:\/\/test-repaireu.rstrt.org\/ca\/#website\",\"url\":\"https:\/\/test-repaireu.rstrt.org\/ca\/\",\"name\":\"Right to Repair Europe\",\"description\":\"\",\"publisher\":{\"@id\":\"https:\/\/test-repaireu.rstrt.org\/ca\/#organization\"},\"potentialAction\":[{\"@type\":\"SearchAction\",\"target\":{\"@type\":\"EntryPoint\",\"urlTemplate\":\"https:\/\/test-repaireu.rstrt.org\/ca\/?s={search_term_string}\"},\"query-input\":{\"@type\":\"PropertyValueSpecification\",\"valueRequired\":true,\"valueName\":\"search_term_string\"}}],\"inLanguage\":\"ca\"},{\"@type\":\"Organization\",\"@id\":\"https:\/\/test-repaireu.rstrt.org\/ca\/#organization\",\"name\":\"Right to Repair Europe\",\"url\":\"https:\/\/test-repaireu.rstrt.org\/ca\/\",\"logo\":{\"@type\":\"ImageObject\",\"inLanguage\":\"ca\",\"@id\":\"https:\/\/test-repaireu.rstrt.org\/ca\/#\/schema\/logo\/image\/\",\"url\":\"https:\/\/test-repaireu.rstrt.org\/wp-content\/uploads\/2019\/09\/R2REurope.png\",\"contentUrl\":\"https:\/\/test-repaireu.rstrt.org\/wp-content\/uploads\/2019\/09\/R2REurope.png\",\"width\":320,\"height\":320,\"caption\":\"Right to Repair Europe\"},\"image\":{\"@id\":\"https:\/\/test-repaireu.rstrt.org\/ca\/#\/schema\/logo\/image\/\"},\"sameAs\":[\"https:\/\/www.facebook.com\/righttorepaireurope\/\",\"https:\/\/x.com\/R2REurope\",\"https:\/\/www.instagram.com\/R2REurope\/\"]}]}<\/script>\n<!-- \/ Yoast SEO plugin. -->","yoast_head_json":{"title":"Dona - Right to Repair Europe","robots":{"index":"noindex","follow":"follow","max-snippet":"max-snippet:-1","max-image-preview":"max-image-preview:large","max-video-preview":"max-video-preview:-1"},"og_locale":"ca_ES","og_type":"article","og_title":"Dona - Right to Repair Europe","og_description":"Ajudeu la campanya amb una donaci\u00f3 Ajuda\u2019ns a portar el dret a reparar a Europa! La teva donaci\u00f3 contribuir\u00e0 a la nostra lluita per fer que tots els productes al mercat europeu siguin plenament reparables. Ho podem fer, per\u00f2 necessitem la teva ajuda. Representes una companyia o una organitzaci\u00f3 disposada a donar suport a la &hellip; Continua llegint \u00abDona\u00bb","og_url":"https:\/\/test-repaireu.rstrt.org\/ca\/dona\/","og_site_name":"Right to Repair Europe","article_publisher":"https:\/\/www.facebook.com\/righttorepaireurope\/","article_modified_time":"2020-10-28T08:31:44+00:00","og_image":[{"width":1200,"height":630,"url":"https:\/\/test-repaireu.rstrt.org\/wp-content\/uploads\/2019\/09\/R2RFacebookImage.png","type":"image\/png"}],"twitter_card":"summary_large_image","twitter_site":"@R2REurope","schema":{"@context":"https:\/\/schema.org","@graph":[{"@type":"WebPage","@id":"https:\/\/test-repaireu.rstrt.org\/ca\/dona\/","url":"https:\/\/test-repaireu.rstrt.org\/ca\/dona\/","name":"Dona - Right to Repair Europe","isPartOf":{"@id":"https:\/\/test-repaireu.rstrt.org\/ca\/#website"},"datePublished":"2020-10-28T08:31:41+00:00","dateModified":"2020-10-28T08:31:44+00:00","breadcrumb":{"@id":"https:\/\/test-repaireu.rstrt.org\/ca\/dona\/#breadcrumb"},"inLanguage":"ca","potentialAction":[{"@type":"ReadAction","target":["https:\/\/test-repaireu.rstrt.org\/ca\/dona\/"]}]},{"@type":"BreadcrumbList","@id":"https:\/\/test-repaireu.rstrt.org\/ca\/dona\/#breadcrumb","itemListElement":[{"@type":"ListItem","position":1,"name":"Home","item":"https:\/\/test-repaireu.rstrt.org\/ca\/"},{"@type":"ListItem","position":2,"name":"Dona"}]},{"@type":"WebSite","@id":"https:\/\/test-repaireu.rstrt.org\/ca\/#website","url":"https:\/\/test-repaireu.rstrt.org\/ca\/","name":"Right to Repair Europe","description":"","publisher":{"@id":"https:\/\/test-repaireu.rstrt.org\/ca\/#organization"},"potentialAction":[{"@type":"SearchAction","target":{"@type":"EntryPoint","urlTemplate":"https:\/\/test-repaireu.rstrt.org\/ca\/?s={search_term_string}"},"query-input":{"@type":"PropertyValueSpecification","valueRequired":true,"valueName":"search_term_string"}}],"inLanguage":"ca"},{"@type":"Organization","@id":"https:\/\/test-repaireu.rstrt.org\/ca\/#organization","name":"Right to Repair Europe","url":"https:\/\/test-repaireu.rstrt.org\/ca\/","logo":{"@type":"ImageObject","inLanguage":"ca","@id":"https:\/\/test-repaireu.rstrt.org\/ca\/#\/schema\/logo\/image\/","url":"https:\/\/test-repaireu.rstrt.org\/wp-content\/uploads\/2019\/09\/R2REurope.png","contentUrl":"https:\/\/test-repaireu.rstrt.org\/wp-content\/uploads\/2019\/09\/R2REurope.png","width":320,"height":320,"caption":"Right to Repair Europe"},"image":{"@id":"https:\/\/test-repaireu.rstrt.org\/ca\/#\/schema\/logo\/image\/"},"sameAs":["https:\/\/www.facebook.com\/righttorepaireurope\/","https:\/\/x.com\/R2REurope","https:\/\/www.instagram.com\/R2REurope\/"]}]}},"_links":{"self":[{"href":"https:\/\/test-repaireu.rstrt.org\/ca\/wp-json\/wp\/v2\/pages\/1960","targetHints":{"allow":["GET"]}}],"collection":[{"href":"https:\/\/test-repaireu.rstrt.org\/ca\/wp-json\/wp\/v2\/pages"}],"about":[{"href":"https:\/\/test-repaireu.rstrt.org\/ca\/wp-json\/wp\/v2\/types\/page"}],"author":[{"embeddable":true,"href":"https:\/\/test-repaireu.rstrt.org\/ca\/wp-json\/wp\/v2\/users\/2"}],"replies":[{"embeddable":true,"href":"https:\/\/test-repaireu.rstrt.org\/ca\/wp-json\/wp\/v2\/comments?post=1960"}],"version-history":[{"count":1,"href":"https:\/\/test-repaireu.rstrt.org\/ca\/wp-json\/wp\/v2\/pages\/1960\/revisions"}],"predecessor-version":[{"id":1961,"href":"https:\/\/test-repaireu.rstrt.org\/ca\/wp-json\/wp\/v2\/pages\/1960\/revisions\/1961"}],"wp:attachment":[{"href":"https:\/\/test-repaireu.rstrt.org\/ca\/wp-json\/wp\/v2\/media?parent=1960"}],"curies":[{"name":"wp","href":"https:\/\/api.w.org\/{rel}","templated":true}]}}