{"id":1958,"date":"2020-10-27T16:35:26","date_gmt":"2020-10-27T15:35:26","guid":{"rendered":"https:\/\/test-repaireu.rstrt.org\/?page_id=1958"},"modified":"2020-10-27T16:35:28","modified_gmt":"2020-10-27T15:35:28","slug":"preguntes-frequents","status":"publish","type":"page","link":"https:\/\/test-repaireu.rstrt.org\/ca\/preguntes-frequents\/","title":{"rendered":"Preguntes freq\u00fcents"},"content":{"rendered":"\n<div class=\"schema-faq wp-block-yoast-faq-block\"><div class=\"schema-faq-section\" id=\"faq-question-1571045729107\"><strong class=\"schema-faq-question\">Per qu\u00e8 \u00e9s millor arreglar un producte electr\u00f2nic que comprar-ne un de nou?<\/strong> <p class=\"schema-faq-answer\">Els productes electr\u00f2nics tenen una petjada ecol\u00f2gica molt gran: per fabricar-los, calen mat\u00e8ries primeres preuades i grans quantitats d\u2019energia. Un cop es llencen aquests productes, es perd tota aquesta energia i molts materials, ja que nom\u00e9s se\u2019n pot reciclar una part molt petita. Per aix\u00f2, allargar la vida \u00fatil dels productes el\u00e8ctrics i electr\u00f2nics mitjan\u00e7ant la reparaci\u00f3 \u00e9s la manera m\u00e9s eficient de reduir-ne la petjada ecol\u00f2gica.<br\/><br\/>Trobareu m\u00e9s informaci\u00f3 sobreaquest tema aqu\u00ed: (https:\/\/eeb.org\/library\/coolproducts-report\/).<\/p> <\/div> <div class=\"schema-faq-section\" id=\"faq-question-1571045937335\"><strong class=\"schema-faq-question\">A vegades surt m\u00e9s car reparar un producte que comprar-ne un de nou. Com \u00e9s?<\/strong> <p class=\"schema-faq-answer\">La majoriadels nostres productes el\u00e8ctrics i electr\u00f2nics es fabriquen en massa a pa\u00efsos on els sous s\u00f3n baixos i els danys mediambientals o socials de la fabricaci\u00f3 no repercuteixen en el preu. Per tant, aquests productes sovint s\u00f3n molt barats. En canvi, la reparaci\u00f3 requereix una diagnosi individualitzada i la m\u00e0 d\u2019obra d\u2019una persona t\u00e8cnicaexperimentada. A m\u00e9s, les normes socials i mediambientals encareixen la m\u00e0 d\u2019obra a la UE. Finalment, el disseny dels productes sovint en dificulta i n\u2019alenteix la reparaci\u00f3, i a vegades les peces de recanvi s\u00f3n innecess\u00e0riament cares pel monopoli que hi t\u00e9 l\u2019empresa que les fabrica.<\/p> <\/div> <div class=\"schema-faq-section\" id=\"faq-question-1571045943270\"><strong class=\"schema-faq-question\">No tenim ja el dret a reparar les nostres coses?<\/strong> <p class=\"schema-faq-answer\">Tot i que, evidentment, no \u00e9s il\u00b7legal que arreglis un producte que sigui teu, nohi ha cap marc legal que garanteixi que ho puguis fer. Per exemple, no sempre tens dret a les instruccions de reparaci\u00f3, les peces de recanvi o les eines especialitzades que fan falta per arreglar un producte. El teu dret a reparar acaba on comen\u00e7a el dret de qui fabrica els productes a fer-los irreparables.<\/p> <\/div> <div class=\"schema-faq-section\" id=\"faq-question-1571045948675\"><strong class=\"schema-faq-question\">Per qu\u00e8 necessitem lleis per garantir el dret a reparar?<\/strong> <p class=\"schema-faq-answer\">No podem esperar que el mercat posi remei a aquest problema. Si a les empreses els \u00e9s m\u00e9s rendible vendre productes nous que facilitar les reparacions, nom\u00e9s la legislaci\u00f3 pot garantir que els fabricants facinpossible la reparaci\u00f3 dels nostres producteso que els reparem nosaltresmateixos, posant les eines i la informaci\u00f3 necess\u00e0ries a les mans del p\u00fablic.<\/p> <\/div> <div class=\"schema-faq-section\" id=\"faq-question-1571045958150\"><strong class=\"schema-faq-question\">Qu\u00e8 \u00e9s l\u2019obsolesc\u00e8ncia programada?<\/strong> <p class=\"schema-faq-answer\">Quan una empresapren decisions de disseny i de fabricaci\u00f3 que limiten intencionadament la vida \u00fatil d\u2019un producte, en diem \u00abobsolesc\u00e8ncia programada\u00bb. Aix\u00f2 no necess\u00e0riament vol dir que el producte estigui dissenyat per espatllar-se al cap d\u2019un temps determinat. Si el fabricant dissenyaun producte que no es pot desmuntar o decideix no crear peces de recanvi, instruccions de reparaci\u00f3 o actualitzacions de programari, est\u00e0 limitantexpressament la vida \u00fatil del producte-que es fa obsolet perqu\u00e8 qui el fabricaha decidit no facilitar-ne un \u00fas prolongat.<\/p> <\/div> <\/div>\n","protected":false},"excerpt":{"rendered":"","protected":false},"author":2,"featured_media":0,"parent":0,"menu_order":0,"comment_status":"closed","ping_status":"closed","template":"","meta":{"_acf_changed":false,"footnotes":""},"class_list":["post-1958","page","type-page","status-publish","hentry","entry"],"acf":[],"yoast_head":"<!-- This site is optimized with the Yoast SEO plugin v24.9 - https:\/\/yoast.com\/wordpress\/plugins\/seo\/ -->\n<title>Preguntes freq\u00fcents - Right to Repair Europe<\/title>\n<meta name=\"robots\" content=\"noindex, follow, max-snippet:-1, max-image-preview:large, max-video-preview:-1\" \/>\n<meta property=\"og:locale\" content=\"ca_ES\" \/>\n<meta property=\"og:type\" content=\"article\" \/>\n<meta property=\"og:title\" content=\"Preguntes freq\u00fcents - Right to Repair Europe\" \/>\n<meta property=\"og:url\" content=\"https:\/\/test-repaireu.rstrt.org\/ca\/preguntes-frequents\/\" \/>\n<meta property=\"og:site_name\" content=\"Right to Repair Europe\" \/>\n<meta property=\"article:publisher\" content=\"https:\/\/www.facebook.com\/righttorepaireurope\/\" \/>\n<meta property=\"article:modified_time\" content=\"2020-10-27T15:35:28+00:00\" \/>\n<meta property=\"og:image\" content=\"https:\/\/test-repaireu.rstrt.org\/wp-content\/uploads\/2019\/09\/R2RFacebookImage.png\" \/>\n\t<meta property=\"og:image:width\" content=\"1200\" \/>\n\t<meta property=\"og:image:height\" content=\"630\" \/>\n\t<meta property=\"og:image:type\" content=\"image\/png\" \/>\n<meta name=\"twitter:card\" content=\"summary_large_image\" \/>\n<meta name=\"twitter:site\" content=\"@R2REurope\" \/>\n<meta name=\"twitter:label1\" content=\"Temps estimat de lectura\" \/>\n\t<meta name=\"twitter:data1\" content=\"2 minuts\" \/>\n<script type=\"application\/ld+json\" class=\"yoast-schema-graph\">{\"@context\":\"https:\/\/schema.org\",\"@graph\":[{\"@type\":[\"WebPage\",\"FAQPage\"],\"@id\":\"https:\/\/test-repaireu.rstrt.org\/ca\/preguntes-frequents\/\",\"url\":\"https:\/\/test-repaireu.rstrt.org\/ca\/preguntes-frequents\/\",\"name\":\"Preguntes freq\u00fcents - Right to Repair Europe\",\"isPartOf\":{\"@id\":\"https:\/\/test-repaireu.rstrt.org\/ca\/#website\"},\"datePublished\":\"2020-10-27T15:35:26+00:00\",\"dateModified\":\"2020-10-27T15:35:28+00:00\",\"breadcrumb\":{\"@id\":\"https:\/\/test-repaireu.rstrt.org\/ca\/preguntes-frequents\/#breadcrumb\"},\"mainEntity\":[{\"@id\":\"https:\/\/test-repaireu.rstrt.org\/ca\/preguntes-frequents\/#faq-question-1571045729107\"},{\"@id\":\"https:\/\/test-repaireu.rstrt.org\/ca\/preguntes-frequents\/#faq-question-1571045937335\"},{\"@id\":\"https:\/\/test-repaireu.rstrt.org\/ca\/preguntes-frequents\/#faq-question-1571045943270\"},{\"@id\":\"https:\/\/test-repaireu.rstrt.org\/ca\/preguntes-frequents\/#faq-question-1571045948675\"},{\"@id\":\"https:\/\/test-repaireu.rstrt.org\/ca\/preguntes-frequents\/#faq-question-1571045958150\"}],\"inLanguage\":\"ca\",\"potentialAction\":[{\"@type\":\"ReadAction\",\"target\":[\"https:\/\/test-repaireu.rstrt.org\/ca\/preguntes-frequents\/\"]}]},{\"@type\":\"BreadcrumbList\",\"@id\":\"https:\/\/test-repaireu.rstrt.org\/ca\/preguntes-frequents\/#breadcrumb\",\"itemListElement\":[{\"@type\":\"ListItem\",\"position\":1,\"name\":\"Home\",\"item\":\"https:\/\/test-repaireu.rstrt.org\/ca\/\"},{\"@type\":\"ListItem\",\"position\":2,\"name\":\"Preguntes freq\u00fcents\"}]},{\"@type\":\"WebSite\",\"@id\":\"https:\/\/test-repaireu.rstrt.org\/ca\/#website\",\"url\":\"https:\/\/test-repaireu.rstrt.org\/ca\/\",\"name\":\"Right to Repair Europe\",\"description\":\"\",\"publisher\":{\"@id\":\"https:\/\/test-repaireu.rstrt.org\/ca\/#organization\"},\"potentialAction\":[{\"@type\":\"SearchAction\",\"target\":{\"@type\":\"EntryPoint\",\"urlTemplate\":\"https:\/\/test-repaireu.rstrt.org\/ca\/?s={search_term_string}\"},\"query-input\":{\"@type\":\"PropertyValueSpecification\",\"valueRequired\":true,\"valueName\":\"search_term_string\"}}],\"inLanguage\":\"ca\"},{\"@type\":\"Organization\",\"@id\":\"https:\/\/test-repaireu.rstrt.org\/ca\/#organization\",\"name\":\"Right to Repair Europe\",\"url\":\"https:\/\/test-repaireu.rstrt.org\/ca\/\",\"logo\":{\"@type\":\"ImageObject\",\"inLanguage\":\"ca\",\"@id\":\"https:\/\/test-repaireu.rstrt.org\/ca\/#\/schema\/logo\/image\/\",\"url\":\"https:\/\/test-repaireu.rstrt.org\/wp-content\/uploads\/2019\/09\/R2REurope.png\",\"contentUrl\":\"https:\/\/test-repaireu.rstrt.org\/wp-content\/uploads\/2019\/09\/R2REurope.png\",\"width\":320,\"height\":320,\"caption\":\"Right to Repair Europe\"},\"image\":{\"@id\":\"https:\/\/test-repaireu.rstrt.org\/ca\/#\/schema\/logo\/image\/\"},\"sameAs\":[\"https:\/\/www.facebook.com\/righttorepaireurope\/\",\"https:\/\/x.com\/R2REurope\",\"https:\/\/www.instagram.com\/R2REurope\/\"]},{\"@type\":\"Question\",\"@id\":\"https:\/\/test-repaireu.rstrt.org\/ca\/preguntes-frequents\/#faq-question-1571045729107\",\"position\":1,\"url\":\"https:\/\/test-repaireu.rstrt.org\/ca\/preguntes-frequents\/#faq-question-1571045729107\",\"name\":\"Per qu\u00e8 \u00e9s millor arreglar un producte electr\u00f2nic que comprar-ne un de nou?\",\"answerCount\":1,\"acceptedAnswer\":{\"@type\":\"Answer\",\"text\":\"Els productes electr\u00f2nics tenen una petjada ecol\u00f2gica molt gran: per fabricar-los, calen mat\u00e8ries primeres preuades i grans quantitats d\u2019energia. Un cop es llencen aquests productes, es perd tota aquesta energia i molts materials, ja que nom\u00e9s se\u2019n pot reciclar una part molt petita. Per aix\u00f2, allargar la vida \u00fatil dels productes el\u00e8ctrics i electr\u00f2nics mitjan\u00e7ant la reparaci\u00f3 \u00e9s la manera m\u00e9s eficient de reduir-ne la petjada ecol\u00f2gica.<br\/><br\/>Trobareu m\u00e9s informaci\u00f3 sobreaquest tema aqu\u00ed: (https:\/\/eeb.org\/library\/coolproducts-report\/).\",\"inLanguage\":\"ca\"},\"inLanguage\":\"ca\"},{\"@type\":\"Question\",\"@id\":\"https:\/\/test-repaireu.rstrt.org\/ca\/preguntes-frequents\/#faq-question-1571045937335\",\"position\":2,\"url\":\"https:\/\/test-repaireu.rstrt.org\/ca\/preguntes-frequents\/#faq-question-1571045937335\",\"name\":\"A vegades surt m\u00e9s car reparar un producte que comprar-ne un de nou. Com \u00e9s?\",\"answerCount\":1,\"acceptedAnswer\":{\"@type\":\"Answer\",\"text\":\"La majoriadels nostres productes el\u00e8ctrics i electr\u00f2nics es fabriquen en massa a pa\u00efsos on els sous s\u00f3n baixos i els danys mediambientals o socials de la fabricaci\u00f3 no repercuteixen en el preu. Per tant, aquests productes sovint s\u00f3n molt barats. En canvi, la reparaci\u00f3 requereix una diagnosi individualitzada i la m\u00e0 d\u2019obra d\u2019una persona t\u00e8cnicaexperimentada. A m\u00e9s, les normes socials i mediambientals encareixen la m\u00e0 d\u2019obra a la UE. Finalment, el disseny dels productes sovint en dificulta i n\u2019alenteix la reparaci\u00f3, i a vegades les peces de recanvi s\u00f3n innecess\u00e0riament cares pel monopoli que hi t\u00e9 l\u2019empresa que les fabrica.\",\"inLanguage\":\"ca\"},\"inLanguage\":\"ca\"},{\"@type\":\"Question\",\"@id\":\"https:\/\/test-repaireu.rstrt.org\/ca\/preguntes-frequents\/#faq-question-1571045943270\",\"position\":3,\"url\":\"https:\/\/test-repaireu.rstrt.org\/ca\/preguntes-frequents\/#faq-question-1571045943270\",\"name\":\"No tenim ja el dret a reparar les nostres coses?\",\"answerCount\":1,\"acceptedAnswer\":{\"@type\":\"Answer\",\"text\":\"Tot i que, evidentment, no \u00e9s il\u00b7legal que arreglis un producte que sigui teu, nohi ha cap marc legal que garanteixi que ho puguis fer. Per exemple, no sempre tens dret a les instruccions de reparaci\u00f3, les peces de recanvi o les eines especialitzades que fan falta per arreglar un producte. El teu dret a reparar acaba on comen\u00e7a el dret de qui fabrica els productes a fer-los irreparables.\",\"inLanguage\":\"ca\"},\"inLanguage\":\"ca\"},{\"@type\":\"Question\",\"@id\":\"https:\/\/test-repaireu.rstrt.org\/ca\/preguntes-frequents\/#faq-question-1571045948675\",\"position\":4,\"url\":\"https:\/\/test-repaireu.rstrt.org\/ca\/preguntes-frequents\/#faq-question-1571045948675\",\"name\":\"Per qu\u00e8 necessitem lleis per garantir el dret a reparar?\",\"answerCount\":1,\"acceptedAnswer\":{\"@type\":\"Answer\",\"text\":\"No podem esperar que el mercat posi remei a aquest problema. Si a les empreses els \u00e9s m\u00e9s rendible vendre productes nous que facilitar les reparacions, nom\u00e9s la legislaci\u00f3 pot garantir que els fabricants facinpossible la reparaci\u00f3 dels nostres producteso que els reparem nosaltresmateixos, posant les eines i la informaci\u00f3 necess\u00e0ries a les mans del p\u00fablic.\",\"inLanguage\":\"ca\"},\"inLanguage\":\"ca\"},{\"@type\":\"Question\",\"@id\":\"https:\/\/test-repaireu.rstrt.org\/ca\/preguntes-frequents\/#faq-question-1571045958150\",\"position\":5,\"url\":\"https:\/\/test-repaireu.rstrt.org\/ca\/preguntes-frequents\/#faq-question-1571045958150\",\"name\":\"Qu\u00e8 \u00e9s l\u2019obsolesc\u00e8ncia programada?\",\"answerCount\":1,\"acceptedAnswer\":{\"@type\":\"Answer\",\"text\":\"Quan una empresapren decisions de disseny i de fabricaci\u00f3 que limiten intencionadament la vida \u00fatil d\u2019un producte, en diem \u00abobsolesc\u00e8ncia programada\u00bb. Aix\u00f2 no necess\u00e0riament vol dir que el producte estigui dissenyat per espatllar-se al cap d\u2019un temps determinat. Si el fabricant dissenyaun producte que no es pot desmuntar o decideix no crear peces de recanvi, instruccions de reparaci\u00f3 o actualitzacions de programari, est\u00e0 limitantexpressament la vida \u00fatil del producte-que es fa obsolet perqu\u00e8 qui el fabricaha decidit no facilitar-ne un \u00fas prolongat.\",\"inLanguage\":\"ca\"},\"inLanguage\":\"ca\"}]}<\/script>\n<!-- \/ Yoast SEO plugin. -->","yoast_head_json":{"title":"Preguntes freq\u00fcents - Right to Repair Europe","robots":{"index":"noindex","follow":"follow","max-snippet":"max-snippet:-1","max-image-preview":"max-image-preview:large","max-video-preview":"max-video-preview:-1"},"og_locale":"ca_ES","og_type":"article","og_title":"Preguntes freq\u00fcents - Right to Repair Europe","og_url":"https:\/\/test-repaireu.rstrt.org\/ca\/preguntes-frequents\/","og_site_name":"Right to Repair Europe","article_publisher":"https:\/\/www.facebook.com\/righttorepaireurope\/","article_modified_time":"2020-10-27T15:35:28+00:00","og_image":[{"width":1200,"height":630,"url":"https:\/\/test-repaireu.rstrt.org\/wp-content\/uploads\/2019\/09\/R2RFacebookImage.png","type":"image\/png"}],"twitter_card":"summary_large_image","twitter_site":"@R2REurope","twitter_misc":{"Temps estimat de lectura":"2 minuts"},"schema":{"@context":"https:\/\/schema.org","@graph":[{"@type":["WebPage","FAQPage"],"@id":"https:\/\/test-repaireu.rstrt.org\/ca\/preguntes-frequents\/","url":"https:\/\/test-repaireu.rstrt.org\/ca\/preguntes-frequents\/","name":"Preguntes freq\u00fcents - Right to Repair Europe","isPartOf":{"@id":"https:\/\/test-repaireu.rstrt.org\/ca\/#website"},"datePublished":"2020-10-27T15:35:26+00:00","dateModified":"2020-10-27T15:35:28+00:00","breadcrumb":{"@id":"https:\/\/test-repaireu.rstrt.org\/ca\/preguntes-frequents\/#breadcrumb"},"mainEntity":[{"@id":"https:\/\/test-repaireu.rstrt.org\/ca\/preguntes-frequents\/#faq-question-1571045729107"},{"@id":"https:\/\/test-repaireu.rstrt.org\/ca\/preguntes-frequents\/#faq-question-1571045937335"},{"@id":"https:\/\/test-repaireu.rstrt.org\/ca\/preguntes-frequents\/#faq-question-1571045943270"},{"@id":"https:\/\/test-repaireu.rstrt.org\/ca\/preguntes-frequents\/#faq-question-1571045948675"},{"@id":"https:\/\/test-repaireu.rstrt.org\/ca\/preguntes-frequents\/#faq-question-1571045958150"}],"inLanguage":"ca","potentialAction":[{"@type":"ReadAction","target":["https:\/\/test-repaireu.rstrt.org\/ca\/preguntes-frequents\/"]}]},{"@type":"BreadcrumbList","@id":"https:\/\/test-repaireu.rstrt.org\/ca\/preguntes-frequents\/#breadcrumb","itemListElement":[{"@type":"ListItem","position":1,"name":"Home","item":"https:\/\/test-repaireu.rstrt.org\/ca\/"},{"@type":"ListItem","position":2,"name":"Preguntes freq\u00fcents"}]},{"@type":"WebSite","@id":"https:\/\/test-repaireu.rstrt.org\/ca\/#website","url":"https:\/\/test-repaireu.rstrt.org\/ca\/","name":"Right to Repair Europe","description":"","publisher":{"@id":"https:\/\/test-repaireu.rstrt.org\/ca\/#organization"},"potentialAction":[{"@type":"SearchAction","target":{"@type":"EntryPoint","urlTemplate":"https:\/\/test-repaireu.rstrt.org\/ca\/?s={search_term_string}"},"query-input":{"@type":"PropertyValueSpecification","valueRequired":true,"valueName":"search_term_string"}}],"inLanguage":"ca"},{"@type":"Organization","@id":"https:\/\/test-repaireu.rstrt.org\/ca\/#organization","name":"Right to Repair Europe","url":"https:\/\/test-repaireu.rstrt.org\/ca\/","logo":{"@type":"ImageObject","inLanguage":"ca","@id":"https:\/\/test-repaireu.rstrt.org\/ca\/#\/schema\/logo\/image\/","url":"https:\/\/test-repaireu.rstrt.org\/wp-content\/uploads\/2019\/09\/R2REurope.png","contentUrl":"https:\/\/test-repaireu.rstrt.org\/wp-content\/uploads\/2019\/09\/R2REurope.png","width":320,"height":320,"caption":"Right to Repair Europe"},"image":{"@id":"https:\/\/test-repaireu.rstrt.org\/ca\/#\/schema\/logo\/image\/"},"sameAs":["https:\/\/www.facebook.com\/righttorepaireurope\/","https:\/\/x.com\/R2REurope","https:\/\/www.instagram.com\/R2REurope\/"]},{"@type":"Question","@id":"https:\/\/test-repaireu.rstrt.org\/ca\/preguntes-frequents\/#faq-question-1571045729107","position":1,"url":"https:\/\/test-repaireu.rstrt.org\/ca\/preguntes-frequents\/#faq-question-1571045729107","name":"Per qu\u00e8 \u00e9s millor arreglar un producte electr\u00f2nic que comprar-ne un de nou?","answerCount":1,"acceptedAnswer":{"@type":"Answer","text":"Els productes electr\u00f2nics tenen una petjada ecol\u00f2gica molt gran: per fabricar-los, calen mat\u00e8ries primeres preuades i grans quantitats d\u2019energia. Un cop es llencen aquests productes, es perd tota aquesta energia i molts materials, ja que nom\u00e9s se\u2019n pot reciclar una part molt petita. Per aix\u00f2, allargar la vida \u00fatil dels productes el\u00e8ctrics i electr\u00f2nics mitjan\u00e7ant la reparaci\u00f3 \u00e9s la manera m\u00e9s eficient de reduir-ne la petjada ecol\u00f2gica.<br\/><br\/>Trobareu m\u00e9s informaci\u00f3 sobreaquest tema aqu\u00ed: (https:\/\/eeb.org\/library\/coolproducts-report\/).","inLanguage":"ca"},"inLanguage":"ca"},{"@type":"Question","@id":"https:\/\/test-repaireu.rstrt.org\/ca\/preguntes-frequents\/#faq-question-1571045937335","position":2,"url":"https:\/\/test-repaireu.rstrt.org\/ca\/preguntes-frequents\/#faq-question-1571045937335","name":"A vegades surt m\u00e9s car reparar un producte que comprar-ne un de nou. Com \u00e9s?","answerCount":1,"acceptedAnswer":{"@type":"Answer","text":"La majoriadels nostres productes el\u00e8ctrics i electr\u00f2nics es fabriquen en massa a pa\u00efsos on els sous s\u00f3n baixos i els danys mediambientals o socials de la fabricaci\u00f3 no repercuteixen en el preu. Per tant, aquests productes sovint s\u00f3n molt barats. En canvi, la reparaci\u00f3 requereix una diagnosi individualitzada i la m\u00e0 d\u2019obra d\u2019una persona t\u00e8cnicaexperimentada. A m\u00e9s, les normes socials i mediambientals encareixen la m\u00e0 d\u2019obra a la UE. Finalment, el disseny dels productes sovint en dificulta i n\u2019alenteix la reparaci\u00f3, i a vegades les peces de recanvi s\u00f3n innecess\u00e0riament cares pel monopoli que hi t\u00e9 l\u2019empresa que les fabrica.","inLanguage":"ca"},"inLanguage":"ca"},{"@type":"Question","@id":"https:\/\/test-repaireu.rstrt.org\/ca\/preguntes-frequents\/#faq-question-1571045943270","position":3,"url":"https:\/\/test-repaireu.rstrt.org\/ca\/preguntes-frequents\/#faq-question-1571045943270","name":"No tenim ja el dret a reparar les nostres coses?","answerCount":1,"acceptedAnswer":{"@type":"Answer","text":"Tot i que, evidentment, no \u00e9s il\u00b7legal que arreglis un producte que sigui teu, nohi ha cap marc legal que garanteixi que ho puguis fer. Per exemple, no sempre tens dret a les instruccions de reparaci\u00f3, les peces de recanvi o les eines especialitzades que fan falta per arreglar un producte. El teu dret a reparar acaba on comen\u00e7a el dret de qui fabrica els productes a fer-los irreparables.","inLanguage":"ca"},"inLanguage":"ca"},{"@type":"Question","@id":"https:\/\/test-repaireu.rstrt.org\/ca\/preguntes-frequents\/#faq-question-1571045948675","position":4,"url":"https:\/\/test-repaireu.rstrt.org\/ca\/preguntes-frequents\/#faq-question-1571045948675","name":"Per qu\u00e8 necessitem lleis per garantir el dret a reparar?","answerCount":1,"acceptedAnswer":{"@type":"Answer","text":"No podem esperar que el mercat posi remei a aquest problema. Si a les empreses els \u00e9s m\u00e9s rendible vendre productes nous que facilitar les reparacions, nom\u00e9s la legislaci\u00f3 pot garantir que els fabricants facinpossible la reparaci\u00f3 dels nostres producteso que els reparem nosaltresmateixos, posant les eines i la informaci\u00f3 necess\u00e0ries a les mans del p\u00fablic.","inLanguage":"ca"},"inLanguage":"ca"},{"@type":"Question","@id":"https:\/\/test-repaireu.rstrt.org\/ca\/preguntes-frequents\/#faq-question-1571045958150","position":5,"url":"https:\/\/test-repaireu.rstrt.org\/ca\/preguntes-frequents\/#faq-question-1571045958150","name":"Qu\u00e8 \u00e9s l\u2019obsolesc\u00e8ncia programada?","answerCount":1,"acceptedAnswer":{"@type":"Answer","text":"Quan una empresapren decisions de disseny i de fabricaci\u00f3 que limiten intencionadament la vida \u00fatil d\u2019un producte, en diem \u00abobsolesc\u00e8ncia programada\u00bb. Aix\u00f2 no necess\u00e0riament vol dir que el producte estigui dissenyat per espatllar-se al cap d\u2019un temps determinat. Si el fabricant dissenyaun producte que no es pot desmuntar o decideix no crear peces de recanvi, instruccions de reparaci\u00f3 o actualitzacions de programari, est\u00e0 limitantexpressament la vida \u00fatil del producte-que es fa obsolet perqu\u00e8 qui el fabricaha decidit no facilitar-ne un \u00fas prolongat.","inLanguage":"ca"},"inLanguage":"ca"}]}},"_links":{"self":[{"href":"https:\/\/test-repaireu.rstrt.org\/ca\/wp-json\/wp\/v2\/pages\/1958","targetHints":{"allow":["GET"]}}],"collection":[{"href":"https:\/\/test-repaireu.rstrt.org\/ca\/wp-json\/wp\/v2\/pages"}],"about":[{"href":"https:\/\/test-repaireu.rstrt.org\/ca\/wp-json\/wp\/v2\/types\/page"}],"author":[{"embeddable":true,"href":"https:\/\/test-repaireu.rstrt.org\/ca\/wp-json\/wp\/v2\/users\/2"}],"replies":[{"embeddable":true,"href":"https:\/\/test-repaireu.rstrt.org\/ca\/wp-json\/wp\/v2\/comments?post=1958"}],"version-history":[{"count":1,"href":"https:\/\/test-repaireu.rstrt.org\/ca\/wp-json\/wp\/v2\/pages\/1958\/revisions"}],"predecessor-version":[{"id":1959,"href":"https:\/\/test-repaireu.rstrt.org\/ca\/wp-json\/wp\/v2\/pages\/1958\/revisions\/1959"}],"wp:attachment":[{"href":"https:\/\/test-repaireu.rstrt.org\/ca\/wp-json\/wp\/v2\/media?parent=1958"}],"curies":[{"name":"wp","href":"https:\/\/api.w.org\/{rel}","templated":true}]}}