{"id":1929,"date":"2020-10-27T16:32:13","date_gmt":"2020-10-27T15:32:13","guid":{"rendered":"https:\/\/test-repaireu.rstrt.org\/?page_id=1929"},"modified":"2020-10-27T16:32:16","modified_gmt":"2020-10-27T15:32:16","slug":"qui-som","status":"publish","type":"page","link":"https:\/\/test-repaireu.rstrt.org\/ca\/qui-som\/","title":{"rendered":"Qui som?"},"content":{"rendered":"\n<section class=\"block block__hero block__full-width block__hero--image-full-width\" style=\"background-color: ;\">\n\n\t<div class=\" block__hero--inner\">\n\n\t\t\n\t\t\t<picture class=\"block__hero--image\">\n\t\t\t\t<source media=\"(min-width: 768px)\" srcset=\"https:\/\/test-repaireu.rstrt.org\/wp-content\/uploads\/2020\/03\/SmartphoneCrimeScene@x2-scaled.jpg\">\n\t\t\t\t<source srcset=\"https:\/\/test-repaireu.rstrt.org\/wp-content\/uploads\/2020\/03\/SmartphoneCrimeSceneMOB@x2.jpg\">\t\t\t\n\t\t\t\t\n\t\t\t\t<img decoding=\"async\" src=\"https:\/\/test-repaireu.rstrt.org\/wp-content\/uploads\/2020\/03\/SmartphoneCrimeScene@x2-scaled.jpg\" alt=\"We believe in the right to repair\">\n\t\t\t<\/picture>\n\n\t\t\t\n\t<\/div>\t\n\n<\/section>\n\n\n\n\n<h1 class=\"entry-title wp-block-heading\"><strong>Qui som?<\/strong><\/h1>\n\n\n\n<p><strong>Som una coalici\u00f3 d\u2019organitzacions europees que lluiten a favor de la reparaci\u00f3<\/strong>.<\/p>\n\n\n\n<p>Amb seus a diferents pa\u00efsos europeus, representem grups de reparaci\u00f3 local, actors de l\u2019economia social, l\u2019autoreparaci\u00f3 i qualsevol persona que exigeixi el seu dret a reparar.<\/p>\n\n\n\n<div style=\"height:30px\" aria-hidden=\"true\" class=\"wp-block-spacer\"><\/div>\n\n\n\n<h2 class=\"wp-block-heading\">Membresdel comit\u00e9 directiu<\/h2>\n\n\n\n<div class=\"wp-block-columns has-2-columns one-third-two-thirds is-layout-flex wp-container-core-columns-is-layout-9d6595d7 wp-block-columns-is-layout-flex\">\n<div class=\"wp-block-column is-layout-flow wp-block-column-is-layout-flow\">\n<div class=\"wp-block-image\"><figure class=\"alignleft\"><a href=\"https:\/\/ecostandard.org\/\" target=\"_blank\" rel=\"noreferrer noopener\"><img loading=\"lazy\" decoding=\"async\" width=\"205\" height=\"300\" src=\"https:\/\/test-repaireu.rstrt.org\/wp-content\/uploads\/2019\/09\/ECOS-Logo-Large-no-background.jpg\" alt=\"\" class=\"wp-image-1935\"\/><\/a><\/figure><\/div>\n<\/div>\n\n\n\n<div class=\"wp-block-column is-layout-flow wp-block-column-is-layout-flow\">\n<p><br>A escala global, ECOS \u00e9s l\u2019\u00fanica organitzaci\u00f3 mediambiental especialitzada en l\u2019estandarditzaci\u00f3 i la pol\u00edtica t\u00e8cnica. Somuna xarxa internacional d\u2019entitats associadesamb el somni compartit d\u2019un m\u00f3n net i saludable on les persones viuen amb respecte pel planeta i els seus recursos, i els conserven per a les generacions futures.<\/p>\n\n\n\n<p>Amb seu a: B\u00e8lgica<\/p>\n<\/div>\n<\/div>\n\n\n\n<div style=\"height:20px\" aria-hidden=\"true\" class=\"wp-block-spacer\"><\/div>\n\n\n\n<div class=\"wp-block-columns has-2-columns one-third-two-thirds is-layout-flex wp-container-core-columns-is-layout-9d6595d7 wp-block-columns-is-layout-flex\">\n<div class=\"wp-block-column is-layout-flow wp-block-column-is-layout-flow\">\n<div class=\"wp-block-image\"><figure class=\"alignleft\"><a href=\"https:\/\/eeb.org\/\" target=\"_blank\" rel=\"noreferrer noopener\"><img loading=\"lazy\" decoding=\"async\" width=\"300\" height=\"215\" src=\"https:\/\/test-repaireu.rstrt.org\/wp-content\/uploads\/2019\/09\/EEB-logo-on-white-blue-text-rgb.jpg\" alt=\"\" class=\"wp-image-1934\"\/><\/a><\/figure><\/div>\n<\/div>\n\n\n\n<div class=\"wp-block-column is-layout-flow wp-block-column-is-layout-flow\">\n<p><br>L\u2019Oficina Europea del Medi Ambient (EEB) \u00e9s la principal xarxa europea d\u2019organitzacions ciutadanes ecologistes, amb m\u00e9s de 140 entitatsprovinents de m\u00e9s de 30 pa\u00efsos.<\/p>\n\n\n\n<p>Amb seu a: B\u00e8lgica<\/p>\n<\/div>\n<\/div>\n\n\n\n<div style=\"height:20px\" aria-hidden=\"true\" class=\"wp-block-spacer\"><\/div>\n\n\n\n<div class=\"wp-block-columns has-2-columns one-third-two-thirds is-layout-flex wp-container-core-columns-is-layout-9d6595d7 wp-block-columns-is-layout-flex\">\n<div class=\"wp-block-column is-layout-flow wp-block-column-is-layout-flow\">\n<div class=\"wp-block-image\"><figure class=\"alignleft\"><a href=\"https:\/\/www.ifixit.com\/\" target=\"_blank\" rel=\"noreferrer noopener\"><img loading=\"lazy\" decoding=\"async\" width=\"300\" height=\"108\" src=\"https:\/\/test-repaireu.rstrt.org\/wp-content\/uploads\/2019\/09\/iFixit-logo.jpg\" alt=\"\" class=\"wp-image-1936\"\/><\/a><\/figure><\/div>\n<\/div>\n\n\n\n<div class=\"wp-block-column is-layout-flow wp-block-column-is-layout-flow\">\n<p><br>iFixit Europe \u00e9s laguia en l\u00ednia de reparaci\u00f3 gratu\u00efta i editable digitalment que serveix per a pr\u00e0cticament tot. Amb m\u00e9s de 50.000 manuals, cada mes ajudem a arreglar els seus aparells a m\u00e9sde10 milions de visitants. La nostra missi\u00f3 \u00e9s empoderar la gent perqu\u00e8 arregli els seus aparells, perqu\u00e8 estalvi\u00ef diners i eviti que els seus productes electr\u00f2nics acabin als abocadors.<\/p>\n\n\n\n<p>Amb seu a: Alemanya<\/p>\n<\/div>\n<\/div>\n\n\n\n<div style=\"height:20px\" aria-hidden=\"true\" class=\"wp-block-spacer\"><\/div>\n\n\n\n<div class=\"wp-block-columns has-2-columns one-third-two-thirds is-layout-flex wp-container-core-columns-is-layout-9d6595d7 wp-block-columns-is-layout-flex\">\n<div class=\"wp-block-column is-layout-flow wp-block-column-is-layout-flow\">\n<div class=\"wp-block-image\"><figure class=\"alignleft\"><a href=\"https:\/\/runder-tisch-reparatur.de\/\" target=\"_blank\" rel=\"noreferrer noopener\"><img loading=\"lazy\" decoding=\"async\" width=\"300\" height=\"126\" src=\"https:\/\/test-repaireu.rstrt.org\/wp-content\/uploads\/2019\/09\/RTR1_300dpi.jpg\" alt=\"\" class=\"wp-image-1937\"\/><\/a><\/figure><\/div>\n<\/div>\n\n\n\n<div class=\"wp-block-column is-layout-flow wp-block-column-is-layout-flow\">\n<p>Actius des del 2015, els socis de Runder Tisch Reparatur venen de la ind\u00fastria de la reparaci\u00f3, les organitzacions ecologistes i de defensa dels consumidorsi consumidores, el m\u00f3n de la ci\u00e8ncia i les iniciatives locals. Parlem del futur de la reparaci\u00f3, i de com podem donar suport a les ind\u00fastries de la reparaci\u00f3 i a les personesque busquen productes reparables.<\/p>\n\n\n\n<p>Amb seu a: Alemanya<\/p>\n<\/div>\n<\/div>\n\n\n\n<div style=\"height:20px\" aria-hidden=\"true\" class=\"wp-block-spacer\"><\/div>\n\n\n\n<div class=\"wp-block-columns has-2-columns one-third-two-thirds is-layout-flex wp-container-core-columns-is-layout-9d6595d7 wp-block-columns-is-layout-flex\">\n<div class=\"wp-block-column is-layout-flow wp-block-column-is-layout-flow\">\n<div class=\"wp-block-image\"><figure class=\"alignleft\"><a href=\"https:\/\/therestartproject.org\" target=\"_blank\" rel=\"noreferrer noopener\"><img loading=\"lazy\" decoding=\"async\" width=\"300\" height=\"108\" src=\"https:\/\/test-repaireu.rstrt.org\/wp-content\/uploads\/2019\/09\/restart.jpg\" alt=\"\" class=\"wp-image-1938\"\/><\/a><\/figure><\/div>\n<\/div>\n\n\n\n<div class=\"wp-block-column is-layout-flow wp-block-column-is-layout-flow\">\n<p>The Restart Project \u00e9s una iniciativa social impulsada per la ciutadania, i vol arreglar la relaci\u00f3 que tenim amb els productes electr\u00f2nics. Organitzem restart parties on les persones s\u2019ensenyen les unes a les altres a arreglar productes que no funcionen o que van lents. Aprofitem la informaci\u00f3 i les hist\u00f2ries que hi sorgeixen per exigir productes millors i m\u00e9s sostenibles per a tothom.<\/p>\n\n\n\n<p>Amb seu a: el Regne Unit<\/p>\n<\/div>\n<\/div>\n\n\n\n<div style=\"height:30px\" aria-hidden=\"true\" class=\"wp-block-spacer\"><\/div>\n\n\n\n<h2 class=\"wp-block-heading\"><strong>La nostra visi\u00f3 i lanostra missi\u00f3<\/strong><\/h2>\n\n\n\n<p><strong>Amb la campanya pel dret a reparar, volem:<\/strong><\/p>\n\n\n\n<p><strong>Fer que el dret a reparar sigui tan generalitzat i inclusiu com sigui possible. Com?<\/strong><\/p>\n\n\n\n<ul class=\"wp-block-list\"><li>Informem la ciutadania i les persones consumidoressobre les oportunitats i els obstacles pel que fa al seu dret a reparar<\/li><li>Incloem la ciutadaniaa la campanya i l\u2019ajudem a recon\u00e8ixer que t\u00e9el poder d\u2019impulsar canvis positius per al planeta i per a les comunitats<\/li><\/ul>\n\n\n\n<p><strong>Exigir el dret universal a reparar i unes mesures pol\u00edtiques ambicioses per aconseguir-lo. Com?<\/strong><\/p>\n\n\n\n<ul class=\"wp-block-list\"><li>Exigim l\u2019acc\u00e9s a informaci\u00f3 sobre la reparaci\u00f3 i a peces de recanvi per a tothom, no nom\u00e9sper a qui s\u2019hi dedica professionalment<\/li><li>Transmetem als legisladorsla urg\u00e8ncia d\u2019assegurar productes m\u00e9s duradors i reparables a escala nacional i europea<\/li><li>Demanem un sistema d\u2019etiquetatge d\u2019abast europeu que indiqui als consumidors i consumidores quins productes s\u00f3n m\u00e9s duradors i reparables<\/li><li>Reforcem la nostra xarxa d\u2019estats membres col\u00b7laboradors i empreses s\u00f2cies<\/li><li>Promovem la reparaci\u00f3 m\u00e9s enll\u00e0 de la Uni\u00f3 Europea per accelerar les transformacions del mercat a escala global<\/li><\/ul>\n\n\n\n<p><strong>Elevar el perfil de la reparaci\u00f3 i incloure-la en debats m\u00e9s amplis, com ara<\/strong>:<\/p>\n\n\n\n<ul class=\"wp-block-list\"><li>La reducci\u00f3 del canvi clim\u00e0tic, la transici\u00f3 a una economiacircular, la just\u00edcia mediambiental, la desigualtat socioecon\u00f2mica i els Objectius de Desenvolupament Sostenible<\/li><li>El potencial de la creaci\u00f3 d\u2019ocupaci\u00f3 verda tant a l\u2019economia social com a la convencional<\/li><\/ul>\n\n\n\n<div style=\"height:30px\" aria-hidden=\"true\" class=\"wp-block-spacer\"><\/div>\n","protected":false},"excerpt":{"rendered":"<p>Qui som? Som una coalici\u00f3 d\u2019organitzacions europees que lluiten a favor de la reparaci\u00f3. Amb seus a diferents pa\u00efsos europeus, representem grups de reparaci\u00f3 local, actors de l\u2019economia social, l\u2019autoreparaci\u00f3 i qualsevol persona que exigeixi el seu dret a reparar. Membresdel comit\u00e9 directiu A escala global, ECOS \u00e9s l\u2019\u00fanica organitzaci\u00f3 mediambiental especialitzada en l\u2019estandarditzaci\u00f3 i &hellip; <\/p>\n<p class=\"link-more\"><a href=\"https:\/\/test-repaireu.rstrt.org\/ca\/qui-som\/\" class=\"more-link\">Continua llegint <span class=\"screen-reader-text\">\u00abQui som?\u00bb<\/span><\/a><\/p>\n","protected":false},"author":2,"featured_media":0,"parent":0,"menu_order":0,"comment_status":"closed","ping_status":"closed","template":"","meta":{"_acf_changed":false,"footnotes":""},"class_list":["post-1929","page","type-page","status-publish","hentry","entry"],"acf":[],"yoast_head":"<!-- This site is optimized with the Yoast SEO plugin v24.9 - https:\/\/yoast.com\/wordpress\/plugins\/seo\/ -->\n<title>Qui som? - Right to Repair Europe<\/title>\n<meta name=\"robots\" content=\"noindex, follow, max-snippet:-1, max-image-preview:large, max-video-preview:-1\" \/>\n<meta property=\"og:locale\" content=\"ca_ES\" \/>\n<meta property=\"og:type\" content=\"article\" \/>\n<meta property=\"og:title\" content=\"Qui som? - Right to Repair Europe\" \/>\n<meta property=\"og:description\" content=\"Qui som? Som una coalici\u00f3 d\u2019organitzacions europees que lluiten a favor de la reparaci\u00f3. Amb seus a diferents pa\u00efsos europeus, representem grups de reparaci\u00f3 local, actors de l\u2019economia social, l\u2019autoreparaci\u00f3 i qualsevol persona que exigeixi el seu dret a reparar. Membresdel comit\u00e9 directiu A escala global, ECOS \u00e9s l\u2019\u00fanica organitzaci\u00f3 mediambiental especialitzada en l\u2019estandarditzaci\u00f3 i &hellip; Continua llegint \u00abQui som?\u00bb\" \/>\n<meta property=\"og:url\" content=\"https:\/\/test-repaireu.rstrt.org\/ca\/qui-som\/\" \/>\n<meta property=\"og:site_name\" content=\"Right to Repair Europe\" \/>\n<meta property=\"article:publisher\" content=\"https:\/\/www.facebook.com\/righttorepaireurope\/\" \/>\n<meta property=\"article:modified_time\" content=\"2020-10-27T15:32:16+00:00\" \/>\n<meta property=\"og:image\" content=\"https:\/\/test-repaireu.rstrt.org\/wp-content\/uploads\/2019\/09\/ECOS-Logo-Large-no-background.jpg\" \/>\n<meta name=\"twitter:card\" content=\"summary_large_image\" \/>\n<meta name=\"twitter:site\" content=\"@R2REurope\" \/>\n<meta name=\"twitter:label1\" content=\"Temps estimat de lectura\" \/>\n\t<meta name=\"twitter:data1\" content=\"3 minuts\" \/>\n<script type=\"application\/ld+json\" class=\"yoast-schema-graph\">{\"@context\":\"https:\/\/schema.org\",\"@graph\":[{\"@type\":\"WebPage\",\"@id\":\"https:\/\/test-repaireu.rstrt.org\/ca\/qui-som\/\",\"url\":\"https:\/\/test-repaireu.rstrt.org\/ca\/qui-som\/\",\"name\":\"Qui som? - Right to Repair Europe\",\"isPartOf\":{\"@id\":\"https:\/\/test-repaireu.rstrt.org\/ca\/#website\"},\"primaryImageOfPage\":{\"@id\":\"https:\/\/test-repaireu.rstrt.org\/ca\/qui-som\/#primaryimage\"},\"image\":{\"@id\":\"https:\/\/test-repaireu.rstrt.org\/ca\/qui-som\/#primaryimage\"},\"thumbnailUrl\":\"https:\/\/test-repaireu.rstrt.org\/wp-content\/uploads\/2019\/09\/ECOS-Logo-Large-no-background.jpg\",\"datePublished\":\"2020-10-27T15:32:13+00:00\",\"dateModified\":\"2020-10-27T15:32:16+00:00\",\"breadcrumb\":{\"@id\":\"https:\/\/test-repaireu.rstrt.org\/ca\/qui-som\/#breadcrumb\"},\"inLanguage\":\"ca\",\"potentialAction\":[{\"@type\":\"ReadAction\",\"target\":[\"https:\/\/test-repaireu.rstrt.org\/ca\/qui-som\/\"]}]},{\"@type\":\"ImageObject\",\"inLanguage\":\"ca\",\"@id\":\"https:\/\/test-repaireu.rstrt.org\/ca\/qui-som\/#primaryimage\",\"url\":\"https:\/\/test-repaireu.rstrt.org\/wp-content\/uploads\/2019\/09\/ECOS-Logo-Large-no-background.jpg\",\"contentUrl\":\"https:\/\/test-repaireu.rstrt.org\/wp-content\/uploads\/2019\/09\/ECOS-Logo-Large-no-background.jpg\"},{\"@type\":\"BreadcrumbList\",\"@id\":\"https:\/\/test-repaireu.rstrt.org\/ca\/qui-som\/#breadcrumb\",\"itemListElement\":[{\"@type\":\"ListItem\",\"position\":1,\"name\":\"Home\",\"item\":\"https:\/\/test-repaireu.rstrt.org\/ca\/\"},{\"@type\":\"ListItem\",\"position\":2,\"name\":\"Qui som?\"}]},{\"@type\":\"WebSite\",\"@id\":\"https:\/\/test-repaireu.rstrt.org\/ca\/#website\",\"url\":\"https:\/\/test-repaireu.rstrt.org\/ca\/\",\"name\":\"Right to Repair Europe\",\"description\":\"\",\"publisher\":{\"@id\":\"https:\/\/test-repaireu.rstrt.org\/ca\/#organization\"},\"potentialAction\":[{\"@type\":\"SearchAction\",\"target\":{\"@type\":\"EntryPoint\",\"urlTemplate\":\"https:\/\/test-repaireu.rstrt.org\/ca\/?s={search_term_string}\"},\"query-input\":{\"@type\":\"PropertyValueSpecification\",\"valueRequired\":true,\"valueName\":\"search_term_string\"}}],\"inLanguage\":\"ca\"},{\"@type\":\"Organization\",\"@id\":\"https:\/\/test-repaireu.rstrt.org\/ca\/#organization\",\"name\":\"Right to Repair Europe\",\"url\":\"https:\/\/test-repaireu.rstrt.org\/ca\/\",\"logo\":{\"@type\":\"ImageObject\",\"inLanguage\":\"ca\",\"@id\":\"https:\/\/test-repaireu.rstrt.org\/ca\/#\/schema\/logo\/image\/\",\"url\":\"https:\/\/test-repaireu.rstrt.org\/wp-content\/uploads\/2019\/09\/R2REurope.png\",\"contentUrl\":\"https:\/\/test-repaireu.rstrt.org\/wp-content\/uploads\/2019\/09\/R2REurope.png\",\"width\":320,\"height\":320,\"caption\":\"Right to Repair Europe\"},\"image\":{\"@id\":\"https:\/\/test-repaireu.rstrt.org\/ca\/#\/schema\/logo\/image\/\"},\"sameAs\":[\"https:\/\/www.facebook.com\/righttorepaireurope\/\",\"https:\/\/x.com\/R2REurope\",\"https:\/\/www.instagram.com\/R2REurope\/\"]}]}<\/script>\n<!-- \/ Yoast SEO plugin. -->","yoast_head_json":{"title":"Qui som? - Right to Repair Europe","robots":{"index":"noindex","follow":"follow","max-snippet":"max-snippet:-1","max-image-preview":"max-image-preview:large","max-video-preview":"max-video-preview:-1"},"og_locale":"ca_ES","og_type":"article","og_title":"Qui som? - Right to Repair Europe","og_description":"Qui som? Som una coalici\u00f3 d\u2019organitzacions europees que lluiten a favor de la reparaci\u00f3. Amb seus a diferents pa\u00efsos europeus, representem grups de reparaci\u00f3 local, actors de l\u2019economia social, l\u2019autoreparaci\u00f3 i qualsevol persona que exigeixi el seu dret a reparar. Membresdel comit\u00e9 directiu A escala global, ECOS \u00e9s l\u2019\u00fanica organitzaci\u00f3 mediambiental especialitzada en l\u2019estandarditzaci\u00f3 i &hellip; Continua llegint \u00abQui som?\u00bb","og_url":"https:\/\/test-repaireu.rstrt.org\/ca\/qui-som\/","og_site_name":"Right to Repair Europe","article_publisher":"https:\/\/www.facebook.com\/righttorepaireurope\/","article_modified_time":"2020-10-27T15:32:16+00:00","og_image":[{"url":"https:\/\/test-repaireu.rstrt.org\/wp-content\/uploads\/2019\/09\/ECOS-Logo-Large-no-background.jpg","type":"","width":"","height":""}],"twitter_card":"summary_large_image","twitter_site":"@R2REurope","twitter_misc":{"Temps estimat de lectura":"3 minuts"},"schema":{"@context":"https:\/\/schema.org","@graph":[{"@type":"WebPage","@id":"https:\/\/test-repaireu.rstrt.org\/ca\/qui-som\/","url":"https:\/\/test-repaireu.rstrt.org\/ca\/qui-som\/","name":"Qui som? - Right to Repair Europe","isPartOf":{"@id":"https:\/\/test-repaireu.rstrt.org\/ca\/#website"},"primaryImageOfPage":{"@id":"https:\/\/test-repaireu.rstrt.org\/ca\/qui-som\/#primaryimage"},"image":{"@id":"https:\/\/test-repaireu.rstrt.org\/ca\/qui-som\/#primaryimage"},"thumbnailUrl":"https:\/\/test-repaireu.rstrt.org\/wp-content\/uploads\/2019\/09\/ECOS-Logo-Large-no-background.jpg","datePublished":"2020-10-27T15:32:13+00:00","dateModified":"2020-10-27T15:32:16+00:00","breadcrumb":{"@id":"https:\/\/test-repaireu.rstrt.org\/ca\/qui-som\/#breadcrumb"},"inLanguage":"ca","potentialAction":[{"@type":"ReadAction","target":["https:\/\/test-repaireu.rstrt.org\/ca\/qui-som\/"]}]},{"@type":"ImageObject","inLanguage":"ca","@id":"https:\/\/test-repaireu.rstrt.org\/ca\/qui-som\/#primaryimage","url":"https:\/\/test-repaireu.rstrt.org\/wp-content\/uploads\/2019\/09\/ECOS-Logo-Large-no-background.jpg","contentUrl":"https:\/\/test-repaireu.rstrt.org\/wp-content\/uploads\/2019\/09\/ECOS-Logo-Large-no-background.jpg"},{"@type":"BreadcrumbList","@id":"https:\/\/test-repaireu.rstrt.org\/ca\/qui-som\/#breadcrumb","itemListElement":[{"@type":"ListItem","position":1,"name":"Home","item":"https:\/\/test-repaireu.rstrt.org\/ca\/"},{"@type":"ListItem","position":2,"name":"Qui som?"}]},{"@type":"WebSite","@id":"https:\/\/test-repaireu.rstrt.org\/ca\/#website","url":"https:\/\/test-repaireu.rstrt.org\/ca\/","name":"Right to Repair Europe","description":"","publisher":{"@id":"https:\/\/test-repaireu.rstrt.org\/ca\/#organization"},"potentialAction":[{"@type":"SearchAction","target":{"@type":"EntryPoint","urlTemplate":"https:\/\/test-repaireu.rstrt.org\/ca\/?s={search_term_string}"},"query-input":{"@type":"PropertyValueSpecification","valueRequired":true,"valueName":"search_term_string"}}],"inLanguage":"ca"},{"@type":"Organization","@id":"https:\/\/test-repaireu.rstrt.org\/ca\/#organization","name":"Right to Repair Europe","url":"https:\/\/test-repaireu.rstrt.org\/ca\/","logo":{"@type":"ImageObject","inLanguage":"ca","@id":"https:\/\/test-repaireu.rstrt.org\/ca\/#\/schema\/logo\/image\/","url":"https:\/\/test-repaireu.rstrt.org\/wp-content\/uploads\/2019\/09\/R2REurope.png","contentUrl":"https:\/\/test-repaireu.rstrt.org\/wp-content\/uploads\/2019\/09\/R2REurope.png","width":320,"height":320,"caption":"Right to Repair Europe"},"image":{"@id":"https:\/\/test-repaireu.rstrt.org\/ca\/#\/schema\/logo\/image\/"},"sameAs":["https:\/\/www.facebook.com\/righttorepaireurope\/","https:\/\/x.com\/R2REurope","https:\/\/www.instagram.com\/R2REurope\/"]}]}},"_links":{"self":[{"href":"https:\/\/test-repaireu.rstrt.org\/ca\/wp-json\/wp\/v2\/pages\/1929","targetHints":{"allow":["GET"]}}],"collection":[{"href":"https:\/\/test-repaireu.rstrt.org\/ca\/wp-json\/wp\/v2\/pages"}],"about":[{"href":"https:\/\/test-repaireu.rstrt.org\/ca\/wp-json\/wp\/v2\/types\/page"}],"author":[{"embeddable":true,"href":"https:\/\/test-repaireu.rstrt.org\/ca\/wp-json\/wp\/v2\/users\/2"}],"replies":[{"embeddable":true,"href":"https:\/\/test-repaireu.rstrt.org\/ca\/wp-json\/wp\/v2\/comments?post=1929"}],"version-history":[{"count":1,"href":"https:\/\/test-repaireu.rstrt.org\/ca\/wp-json\/wp\/v2\/pages\/1929\/revisions"}],"predecessor-version":[{"id":1930,"href":"https:\/\/test-repaireu.rstrt.org\/ca\/wp-json\/wp\/v2\/pages\/1929\/revisions\/1930"}],"wp:attachment":[{"href":"https:\/\/test-repaireu.rstrt.org\/ca\/wp-json\/wp\/v2\/media?parent=1929"}],"curies":[{"name":"wp","href":"https:\/\/api.w.org\/{rel}","templated":true}]}}