{"id":1926,"date":"2020-10-27T16:26:32","date_gmt":"2020-10-27T15:26:32","guid":{"rendered":"https:\/\/test-repaireu.rstrt.org\/?page_id=1926"},"modified":"2021-01-06T10:49:43","modified_gmt":"2021-01-06T09:49:43","slug":"pagina-dinici","status":"publish","type":"page","link":"https:\/\/test-repaireu.rstrt.org\/ca\/","title":{"rendered":"Inici"},"content":{"rendered":"\n<section class=\"block block__cta-strip block__full-width--smaller-screens\" >\n\n\t<div class=\"block__inner block__cta-strip--inner\" >\n\n\t\t<p>Meet our <a href=\"https:\/\/test-repaireu.rstrt.org\/news\/heroes-of-repair\/\">Heroes of Repair<\/a>!<\/p>\n\n\t<\/div>\t\n\n<\/section>\n\n\n\n\n<section class=\"block block__hero block__full-width \" style=\"background-color: #42389E;\">\n\n\t<div class=\"block__inner block__hero--inner\">\n\n\t\t\n\t\t\t<picture class=\"block__hero--image\">\n\t\t\t\t<source media=\"(min-width: 768px)\" srcset=\"https:\/\/test-repaireu.rstrt.org\/wp-content\/uploads\/2019\/11\/Hero-home-desktop.png\">\n\t\t\t\t<source srcset=\"https:\/\/test-repaireu.rstrt.org\/wp-content\/uploads\/2019\/11\/Hero-home-mobile.png\">\t\t\t\n\t\t\t\t\n\t\t\t\t<img decoding=\"async\" src=\"https:\/\/test-repaireu.rstrt.org\/wp-content\/uploads\/2019\/11\/Hero-home-desktop.png\" alt=\"We believe in the right to repair\">\n\t\t\t<\/picture>\n\n\t\t\t\n\t<\/div>\t\n\n<\/section>\n\n\n\n\n<p><strong>Som persones, som reparadores, som activistes de sostenibilitat, som una comunitat.<\/strong><\/p>\n\n\n\n<p>Creiem que els productes haurien de durar m\u00e9s, i que quan s\u2019espatllen s\u2019haurien de poder arreglar. Aix\u00f2 requereix uns productes dissenyats pensant en la reparaci\u00f3 i un suport per a tot tipus de reparadors.<\/p>\n\n\n\n<p><strong>Exigim el dret a reparar.<\/strong><\/p>\n\n\n\n<figure class=\"wp-block-embed-youtube wp-block-embed is-type-video is-provider-youtube wp-embed-aspect-16-9 wp-has-aspect-ratio\"><div class=\"wp-block-embed__wrapper\">\n<iframe loading=\"lazy\" title=\"Planned obsolescence? It&#039;s gone too far!\" width=\"640\" height=\"360\" src=\"https:\/\/www.youtube.com\/embed\/LFNxyDjrpNE?feature=oembed\" frameborder=\"0\" allow=\"accelerometer; autoplay; clipboard-write; encrypted-media; gyroscope; picture-in-picture; web-share\" referrerpolicy=\"strict-origin-when-cross-origin\" allowfullscreen><\/iframe>\n<\/div><\/figure>\n\n\n\n<section class=\"block block__action-network-form block__full-width bgcolor-green\" id=\"take-action\">\n\n\t<div class=\"block__inner block__action-network-form--inner\">\n\n\t\t\n\t\t\t\t<h2 class=\"block_title block__action-network-form--title\">Ves per davant! Apunta\u2019t al moviment per un dret universal a reparar<\/h2>\n\n\t\t\t\n\t\t\n\t\t\t\t<div class=\"block__action-network-form--shortcode\">\n\t\t\t\t\t<link href='https:\/\/actionnetwork.org\/css\/style-embed-whitelabel-v3.css' rel='stylesheet' type='text\/css' \/><script src='https:\/\/actionnetwork.org\/widgets\/v3\/form\/apuntat-al-moviment-per-un-dret-universal-a-reparar?format=js&#038;source=widget'><\/script><div id='can-form-area-apuntat-al-moviment-per-un-dret-universal-a-reparar' style='width: 100%'><!-- this div is the target for our HTML insertion --><\/div>\t\t\t\t<\/div>\n\n\t\t\t\n\t<\/div>\n\n<\/section>\n\n\n\n\n<div class=\"wp-block-cover alignfull bottom-aligned-content eightypercent-screenheight smaller-h3-on-mobile\" style=\"background-image:url(https:\/\/test-repaireu.rstrt.org\/wp-content\/uploads\/2019\/11\/Homepage-who-we-are.jpg)\"><div class=\"wp-block-cover__inner-container is-layout-flow wp-block-cover-is-layout-flow\">\n<div class=\"wp-block-columns is-layout-flex wp-container-core-columns-is-layout-9d6595d7 wp-block-columns-is-layout-flex\">\n<div class=\"wp-block-column is-layout-flow wp-block-column-is-layout-flow\" style=\"flex-basis:66.66%\">\n<h3 class=\"bgcolor-black-opacity50 wp-block-heading\">Som una coalici\u00f3 d\u2019organitzacions europees que lluiten per un canvi de sistemaen la reparaci\u00f3.<\/h3>\n\n\n\n<h3 class=\"bgcolor-black-opacity50 has-white-color has-text-color wp-block-heading\"><a style=\"color: white;\" href=\"https:\/\/test-repaireu.rstrt.org\/join-the-campaign\/\">Uneix-tea la campanya.<\/a><\/h3>\n<\/div>\n\n\n\n<div class=\"wp-block-column is-layout-flow wp-block-column-is-layout-flow\" style=\"flex-basis:33.33%\"><\/div>\n<\/div>\n<\/div><\/div>\n\n\n\n<section class=\"block block__icon-text block__full-width\" style=\"background-color: #42389E;\">\n\n\t<div class=\"block__inner block__icon-text--inner\">\n\n\t\t\n\t\t\t<div class=\"block__icon-text--columns\">\n\n\t\t\t\t\t\t\t\t\t<div class=\"block__icon-text--column\">\n\n\t\t\t\t\t\t<div class=\"block__icon-text--image\">\n\t\t\t\t\t\t\t<img decoding=\"async\" src=\"https:\/\/test-repaireu.rstrt.org\/wp-content\/uploads\/2019\/09\/Broken-phone.png\">\n\t\t\t\t\t\t<\/div>\n\t\t\t\t\t\t\n\t\t\t\t\t\t<div class=\"block__icon-text--text\">\n\t\t\t\t\t\t\tEls residus electr\u00f2nics s\u00f3n el flux de residus que creix m\u00e9s a escala global; nom\u00e9s se\u2019n recicla un 15-20%\t\t\t\t\t\t<\/div>\n\n\t\t\t\t\t<\/div>\n\n\t\t\t\t\t\t\t\t\t\t<div class=\"block__icon-text--column\">\n\n\t\t\t\t\t\t<div class=\"block__icon-text--image\">\n\t\t\t\t\t\t\t<img decoding=\"async\" src=\"https:\/\/test-repaireu.rstrt.org\/wp-content\/uploads\/2019\/09\/Frustrated-face.png\">\n\t\t\t\t\t\t<\/div>\n\t\t\t\t\t\t\n\t\t\t\t\t\t<div class=\"block__icon-text--text\">\n\t\t\t\t\t\t\tCada any, es produeixen 50 milions de tones de residus electr\u00f2nics. Aix\u00f2 \u00e9s l\u2019equivalent a m\u00e9s de 4.500 Torres Eiffel\t\t\t\t\t\t<\/div>\n\n\t\t\t\t\t<\/div>\n\n\t\t\t\t\t\t\t\t\t\t<div class=\"block__icon-text--column\">\n\n\t\t\t\t\t\t<div class=\"block__icon-text--image\">\n\t\t\t\t\t\t\t<img decoding=\"async\" src=\"https:\/\/test-repaireu.rstrt.org\/wp-content\/uploads\/2019\/09\/Happy-face.png\">\n\t\t\t\t\t\t<\/div>\n\t\t\t\t\t\t\n\t\t\t\t\t\t<div class=\"block__icon-text--text\">\n\t\t\t\t\t\t\tLa reparaci\u00f3 local evita els residus, estalvia CO2i ens alegra la vida\t\t\t\t\t\t<\/div>\n\n\t\t\t\t\t<\/div>\n\n\t\t\t\t\t\t\t\t<\/div>\n\n\t\t\t\t\t\n\t<\/div>\t\n\n<\/section>\n\n\n\n\n<section class=\"block block__icon-text block__full-width\" style=\"background-color: ;\">\n\n\t<div class=\"block__inner block__icon-text--inner\">\n\n\t\t\t\t\n\t<\/div>\t\n\n<\/section>\n\n\n\n\n<section class=\"block block__latest-posts\">\n\n\t\n\t\t\t\t<h2 class=\"block_title block__latest-posts--title\">News<\/h2>\n\n\t\t\t\n<article class=\"block__latest-posts--teaser\">\n\n\t<div class=\"block__latest-posts--image\">\n\t\t<a href=\"https:\/\/test-repaireu.rstrt.org\/ca\/news\/a-comprehensive-overview-of-the-current-repair-incentive-systems-repair-funds-and-vouchers\/\" class=\"post__teaser-image-link\">\n\t\t\t\t\t<\/a>\n\t<\/div>\n\n\t<div class=\"block__latest-posts--details\">\n\n\t\t18 mar\u00e7 2024\n\t\t<a class=\"block__latest-posts--link\" href=\"https:\/\/test-repaireu.rstrt.org\/ca\/news\/a-comprehensive-overview-of-the-current-repair-incentive-systems-repair-funds-and-vouchers\/\">\n\t\t\t<h3 class=\"block__latest-posts--teaser-title post__teaser-title\">A comprehensive overview of the current repair incentive systems: repair funds and vouchers<\/h3>\n\t\t<\/a>\n\n\t\t<div class=\"block__latest-posts--excerpt\">\n\n\t\t\t<p>Blog post by Katrin Meyer (Runder Tisch Reparatur), and Magdolna Moln\u00e1r (BTU Cottbus) Everyone is talking about the repair vouchers &#8220;Saving resources should pay off!&#8221; Last year over 71,000 people, together with the Runder Tisch Reparatur, the Inkota Network, and many other supporting organizations, demanded a repair voucher from the German federal government. In order &hellip; <\/p>\n<p class=\"link-more\"><a href=\"https:\/\/test-repaireu.rstrt.org\/ca\/news\/a-comprehensive-overview-of-the-current-repair-incentive-systems-repair-funds-and-vouchers\/\" class=\"more-link\">Continua llegint <span class=\"screen-reader-text\">\u00abA comprehensive overview of the current repair incentive systems: repair funds and vouchers\u00bb<\/span><\/a><\/p>\n\n\t\t<\/div>\n\n\t<\/div>\n\n<\/article>\n\n<article class=\"block__latest-posts--teaser\">\n\n\t<div class=\"block__latest-posts--image\">\n\t\t<a href=\"https:\/\/test-repaireu.rstrt.org\/ca\/news\/what-if-all-electronics-lasted-at-least-10-years\/\" class=\"post__teaser-image-link\">\n\t\t\t<img loading=\"lazy\" decoding=\"async\" width=\"700\" height=\"440\" src=\"https:\/\/test-repaireu.rstrt.org\/wp-content\/uploads\/2021\/10\/10-year-smartphone@2x-700x440.png\" class=\"attachment-rtr-post-teaser-img size-rtr-post-teaser-img wp-post-image\" alt=\"\" sizes=\"auto, (max-width: 34.9rem) calc(100vw - 2rem), (max-width: 53rem) calc(8 * (100vw \/ 12)), (min-width: 53rem) calc(6 * (100vw \/ 12)), 100vw\" \/>\t\t<\/a>\n\t<\/div>\n\n\t<div class=\"block__latest-posts--details\">\n\n\t\t11 octubre 2021\n\t\t<a class=\"block__latest-posts--link\" href=\"https:\/\/test-repaireu.rstrt.org\/ca\/news\/what-if-all-electronics-lasted-at-least-10-years\/\">\n\t\t\t<h3 class=\"block__latest-posts--teaser-title post__teaser-title\">What if all electronics lasted at least 10 years?<\/h3>\n\t\t<\/a>\n\n\t\t<div class=\"block__latest-posts--excerpt\">\n\n\t\t\t<p>Tired of changing phones every 2 to 3 years? What if they lasted 10 instead?<\/p>\n<p>Read more about our latest #10YearPhone campaign asking Europe to be a true leader, and ensure that every new smartphone put on the market lasts for at least 10 years.<\/p>\n\n\t\t<\/div>\n\n\t<\/div>\n\n<\/article>\n\n<article class=\"block__latest-posts--teaser\">\n\n\t<div class=\"block__latest-posts--image\">\n\t\t<a href=\"https:\/\/test-repaireu.rstrt.org\/ca\/news\/the-new-iphone-13-comes-with-bad-news-for-third-party-repairs\/\" class=\"post__teaser-image-link\">\n\t\t\t<img loading=\"lazy\" decoding=\"async\" width=\"700\" height=\"440\" src=\"https:\/\/test-repaireu.rstrt.org\/wp-content\/uploads\/2020\/07\/Apple_iPhone_cracked_glass_cover-700x440.jpg\" class=\"attachment-rtr-post-teaser-img size-rtr-post-teaser-img wp-post-image\" alt=\"\" sizes=\"auto, (max-width: 34.9rem) calc(100vw - 2rem), (max-width: 53rem) calc(8 * (100vw \/ 12)), (min-width: 53rem) calc(6 * (100vw \/ 12)), 100vw\" \/>\t\t<\/a>\n\t<\/div>\n\n\t<div class=\"block__latest-posts--details\">\n\n\t\t29 setembre 2021\n\t\t<a class=\"block__latest-posts--link\" href=\"https:\/\/test-repaireu.rstrt.org\/ca\/news\/the-new-iphone-13-comes-with-bad-news-for-third-party-repairs\/\">\n\t\t\t<h3 class=\"block__latest-posts--teaser-title post__teaser-title\">The new Iphone 13 comes with bad news for independent repair<\/h3>\n\t\t<\/a>\n\n\t\t<div class=\"block__latest-posts--excerpt\">\n\n\t\t\t<p>Apple is notorious for its expensive official repairs, for the many limitations to its supply of spare parts to independent repairers and &#8211; increasingly &#8211; for the use of software as a barrier to repair.<\/p>\n<p> The new iPhone 13 is no exception.<\/p>\n\n\t\t<\/div>\n\n\t<\/div>\n\n<\/article>\n\n\t<p style=\"margin: 3rem auto; text-align: center\"><a href=\"\/news\"><button>Read more news updates<\/button><\/a><\/p>\n\n<\/section>\n\n","protected":false},"excerpt":{"rendered":"<p>Som persones, som reparadores, som activistes de sostenibilitat, som una comunitat. Creiem que els productes haurien de durar m\u00e9s, i que quan s\u2019espatllen s\u2019haurien de poder arreglar. Aix\u00f2 requereix uns productes dissenyats pensant en la reparaci\u00f3 i un suport per a tot tipus de reparadors. Exigim el dret a reparar.<\/p>\n","protected":false},"author":2,"featured_media":0,"parent":0,"menu_order":0,"comment_status":"closed","ping_status":"closed","template":"","meta":{"_acf_changed":false,"footnotes":""},"class_list":["post-1926","page","type-page","status-publish","hentry","entry"],"acf":[],"yoast_head":"<!-- This site is optimized with the Yoast SEO plugin v24.9 - https:\/\/yoast.com\/wordpress\/plugins\/seo\/ -->\n<title>Inici - Right to Repair Europe<\/title>\n<meta name=\"robots\" content=\"noindex, follow, max-snippet:-1, max-image-preview:large, max-video-preview:-1\" \/>\n<meta property=\"og:locale\" content=\"ca_ES\" \/>\n<meta property=\"og:type\" content=\"article\" \/>\n<meta property=\"og:title\" content=\"Inici - Right to Repair Europe\" \/>\n<meta property=\"og:description\" content=\"Som persones, som reparadores, som activistes de sostenibilitat, som una comunitat. Creiem que els productes haurien de durar m\u00e9s, i que quan s\u2019espatllen s\u2019haurien de poder arreglar. Aix\u00f2 requereix uns productes dissenyats pensant en la reparaci\u00f3 i un suport per a tot tipus de reparadors. Exigim el dret a reparar.\" \/>\n<meta property=\"og:url\" content=\"https:\/\/test-repaireu.rstrt.org\/ca\/\" \/>\n<meta property=\"og:site_name\" content=\"Right to Repair Europe\" \/>\n<meta property=\"article:publisher\" content=\"https:\/\/www.facebook.com\/righttorepaireurope\/\" \/>\n<meta property=\"article:modified_time\" content=\"2021-01-06T09:49:43+00:00\" \/>\n<meta property=\"og:image\" content=\"https:\/\/test-repaireu.rstrt.org\/wp-content\/uploads\/2019\/09\/R2RFacebookImage.png\" \/>\n\t<meta property=\"og:image:width\" content=\"1200\" \/>\n\t<meta property=\"og:image:height\" content=\"630\" \/>\n\t<meta property=\"og:image:type\" content=\"image\/png\" \/>\n<meta name=\"twitter:card\" content=\"summary_large_image\" \/>\n<meta name=\"twitter:site\" content=\"@R2REurope\" \/>\n<script type=\"application\/ld+json\" class=\"yoast-schema-graph\">{\"@context\":\"https:\/\/schema.org\",\"@graph\":[{\"@type\":\"WebPage\",\"@id\":\"https:\/\/test-repaireu.rstrt.org\/ca\/\",\"url\":\"https:\/\/test-repaireu.rstrt.org\/ca\/\",\"name\":\"Inici - Right to Repair Europe\",\"isPartOf\":{\"@id\":\"https:\/\/test-repaireu.rstrt.org\/ca\/#website\"},\"datePublished\":\"2020-10-27T15:26:32+00:00\",\"dateModified\":\"2021-01-06T09:49:43+00:00\",\"breadcrumb\":{\"@id\":\"https:\/\/test-repaireu.rstrt.org\/ca\/#breadcrumb\"},\"inLanguage\":\"ca\",\"potentialAction\":[{\"@type\":\"ReadAction\",\"target\":[\"https:\/\/test-repaireu.rstrt.org\/ca\/\"]}]},{\"@type\":\"BreadcrumbList\",\"@id\":\"https:\/\/test-repaireu.rstrt.org\/ca\/#breadcrumb\",\"itemListElement\":[{\"@type\":\"ListItem\",\"position\":1,\"name\":\"Home\",\"item\":\"https:\/\/test-repaireu.rstrt.org\/ca\/\"},{\"@type\":\"ListItem\",\"position\":2,\"name\":\"Inici\"}]},{\"@type\":\"WebSite\",\"@id\":\"https:\/\/test-repaireu.rstrt.org\/ca\/#website\",\"url\":\"https:\/\/test-repaireu.rstrt.org\/ca\/\",\"name\":\"Right to Repair Europe\",\"description\":\"\",\"publisher\":{\"@id\":\"https:\/\/test-repaireu.rstrt.org\/ca\/#organization\"},\"potentialAction\":[{\"@type\":\"SearchAction\",\"target\":{\"@type\":\"EntryPoint\",\"urlTemplate\":\"https:\/\/test-repaireu.rstrt.org\/ca\/?s={search_term_string}\"},\"query-input\":{\"@type\":\"PropertyValueSpecification\",\"valueRequired\":true,\"valueName\":\"search_term_string\"}}],\"inLanguage\":\"ca\"},{\"@type\":\"Organization\",\"@id\":\"https:\/\/test-repaireu.rstrt.org\/ca\/#organization\",\"name\":\"Right to Repair Europe\",\"url\":\"https:\/\/test-repaireu.rstrt.org\/ca\/\",\"logo\":{\"@type\":\"ImageObject\",\"inLanguage\":\"ca\",\"@id\":\"https:\/\/test-repaireu.rstrt.org\/ca\/#\/schema\/logo\/image\/\",\"url\":\"https:\/\/test-repaireu.rstrt.org\/wp-content\/uploads\/2019\/09\/R2REurope.png\",\"contentUrl\":\"https:\/\/test-repaireu.rstrt.org\/wp-content\/uploads\/2019\/09\/R2REurope.png\",\"width\":320,\"height\":320,\"caption\":\"Right to Repair Europe\"},\"image\":{\"@id\":\"https:\/\/test-repaireu.rstrt.org\/ca\/#\/schema\/logo\/image\/\"},\"sameAs\":[\"https:\/\/www.facebook.com\/righttorepaireurope\/\",\"https:\/\/x.com\/R2REurope\",\"https:\/\/www.instagram.com\/R2REurope\/\"]}]}<\/script>\n<!-- \/ Yoast SEO plugin. -->","yoast_head_json":{"title":"Inici - Right to Repair Europe","robots":{"index":"noindex","follow":"follow","max-snippet":"max-snippet:-1","max-image-preview":"max-image-preview:large","max-video-preview":"max-video-preview:-1"},"og_locale":"ca_ES","og_type":"article","og_title":"Inici - Right to Repair Europe","og_description":"Som persones, som reparadores, som activistes de sostenibilitat, som una comunitat. Creiem que els productes haurien de durar m\u00e9s, i que quan s\u2019espatllen s\u2019haurien de poder arreglar. Aix\u00f2 requereix uns productes dissenyats pensant en la reparaci\u00f3 i un suport per a tot tipus de reparadors. Exigim el dret a reparar.","og_url":"https:\/\/test-repaireu.rstrt.org\/ca\/","og_site_name":"Right to Repair Europe","article_publisher":"https:\/\/www.facebook.com\/righttorepaireurope\/","article_modified_time":"2021-01-06T09:49:43+00:00","og_image":[{"width":1200,"height":630,"url":"https:\/\/test-repaireu.rstrt.org\/wp-content\/uploads\/2019\/09\/R2RFacebookImage.png","type":"image\/png"}],"twitter_card":"summary_large_image","twitter_site":"@R2REurope","schema":{"@context":"https:\/\/schema.org","@graph":[{"@type":"WebPage","@id":"https:\/\/test-repaireu.rstrt.org\/ca\/","url":"https:\/\/test-repaireu.rstrt.org\/ca\/","name":"Inici - Right to Repair Europe","isPartOf":{"@id":"https:\/\/test-repaireu.rstrt.org\/ca\/#website"},"datePublished":"2020-10-27T15:26:32+00:00","dateModified":"2021-01-06T09:49:43+00:00","breadcrumb":{"@id":"https:\/\/test-repaireu.rstrt.org\/ca\/#breadcrumb"},"inLanguage":"ca","potentialAction":[{"@type":"ReadAction","target":["https:\/\/test-repaireu.rstrt.org\/ca\/"]}]},{"@type":"BreadcrumbList","@id":"https:\/\/test-repaireu.rstrt.org\/ca\/#breadcrumb","itemListElement":[{"@type":"ListItem","position":1,"name":"Home","item":"https:\/\/test-repaireu.rstrt.org\/ca\/"},{"@type":"ListItem","position":2,"name":"Inici"}]},{"@type":"WebSite","@id":"https:\/\/test-repaireu.rstrt.org\/ca\/#website","url":"https:\/\/test-repaireu.rstrt.org\/ca\/","name":"Right to Repair Europe","description":"","publisher":{"@id":"https:\/\/test-repaireu.rstrt.org\/ca\/#organization"},"potentialAction":[{"@type":"SearchAction","target":{"@type":"EntryPoint","urlTemplate":"https:\/\/test-repaireu.rstrt.org\/ca\/?s={search_term_string}"},"query-input":{"@type":"PropertyValueSpecification","valueRequired":true,"valueName":"search_term_string"}}],"inLanguage":"ca"},{"@type":"Organization","@id":"https:\/\/test-repaireu.rstrt.org\/ca\/#organization","name":"Right to Repair Europe","url":"https:\/\/test-repaireu.rstrt.org\/ca\/","logo":{"@type":"ImageObject","inLanguage":"ca","@id":"https:\/\/test-repaireu.rstrt.org\/ca\/#\/schema\/logo\/image\/","url":"https:\/\/test-repaireu.rstrt.org\/wp-content\/uploads\/2019\/09\/R2REurope.png","contentUrl":"https:\/\/test-repaireu.rstrt.org\/wp-content\/uploads\/2019\/09\/R2REurope.png","width":320,"height":320,"caption":"Right to Repair Europe"},"image":{"@id":"https:\/\/test-repaireu.rstrt.org\/ca\/#\/schema\/logo\/image\/"},"sameAs":["https:\/\/www.facebook.com\/righttorepaireurope\/","https:\/\/x.com\/R2REurope","https:\/\/www.instagram.com\/R2REurope\/"]}]}},"_links":{"self":[{"href":"https:\/\/test-repaireu.rstrt.org\/ca\/wp-json\/wp\/v2\/pages\/1926","targetHints":{"allow":["GET"]}}],"collection":[{"href":"https:\/\/test-repaireu.rstrt.org\/ca\/wp-json\/wp\/v2\/pages"}],"about":[{"href":"https:\/\/test-repaireu.rstrt.org\/ca\/wp-json\/wp\/v2\/types\/page"}],"author":[{"embeddable":true,"href":"https:\/\/test-repaireu.rstrt.org\/ca\/wp-json\/wp\/v2\/users\/2"}],"replies":[{"embeddable":true,"href":"https:\/\/test-repaireu.rstrt.org\/ca\/wp-json\/wp\/v2\/comments?post=1926"}],"version-history":[{"count":4,"href":"https:\/\/test-repaireu.rstrt.org\/ca\/wp-json\/wp\/v2\/pages\/1926\/revisions"}],"predecessor-version":[{"id":2330,"href":"https:\/\/test-repaireu.rstrt.org\/ca\/wp-json\/wp\/v2\/pages\/1926\/revisions\/2330"}],"wp:attachment":[{"href":"https:\/\/test-repaireu.rstrt.org\/ca\/wp-json\/wp\/v2\/media?parent=1926"}],"curies":[{"name":"wp","href":"https:\/\/api.w.org\/{rel}","templated":true}]}}